{"id":48,"date":"2023-12-01T05:00:11","date_gmt":"2023-12-01T10:00:11","guid":{"rendered":"https:\/\/elevationtrampoline.com\/rive-sud\/?page_id=48"},"modified":"2025-03-17T06:36:35","modified_gmt":"2025-03-17T10:36:35","slug":"a-propos","status":"publish","type":"page","link":"https:\/\/elevationtrampoline.com\/rive-sud\/a-propos\/","title":{"rendered":"\u00c0 propos"},"content":{"rendered":"\t\t<div data-elementor-type=\"wp-page\" data-elementor-id=\"48\" class=\"elementor elementor-48\" data-elementor-post-type=\"page\">\n\t\t\t\t\t\t<section class=\"elementor-section elementor-top-section elementor-element elementor-element-9f4e9d8 elementor-section-height-min-height elementor-section-boxed elementor-section-height-default elementor-section-items-middle\" data-id=\"9f4e9d8\" data-element_type=\"section\" data-e-type=\"section\" data-settings=\"{&quot;jet_parallax_layout_list&quot;:[],&quot;background_background&quot;:&quot;classic&quot;,&quot;shape_divider_top&quot;:&quot;triangle-asymmetrical&quot;,&quot;shape_divider_bottom&quot;:&quot;triangle-asymmetrical&quot;,&quot;background_motion_fx_motion_fx_scrolling&quot;:&quot;yes&quot;,&quot;background_motion_fx_translateY_effect&quot;:&quot;yes&quot;,&quot;background_motion_fx_devices&quot;:[&quot;desktop&quot;,&quot;laptop&quot;,&quot;tablet_extra&quot;,&quot;tablet&quot;,&quot;mobile_extra&quot;],&quot;background_motion_fx_translateY_speed&quot;:{&quot;unit&quot;:&quot;px&quot;,&quot;size&quot;:4,&quot;sizes&quot;:[]},&quot;background_motion_fx_translateY_affectedRange&quot;:{&quot;unit&quot;:&quot;%&quot;,&quot;size&quot;:&quot;&quot;,&quot;sizes&quot;:{&quot;start&quot;:0,&quot;end&quot;:100}}}\">\n\t\t\t\t\t\t\t<div class=\"elementor-background-overlay\"><\/div>\n\t\t\t\t\t\t<div class=\"elementor-shape elementor-shape-top\" aria-hidden=\"true\" data-negative=\"false\">\n\t\t\t<svg xmlns=\"http:\/\/www.w3.org\/2000\/svg\" viewBox=\"0 0 1000 100\" preserveAspectRatio=\"none\">\n\t<path class=\"elementor-shape-fill\" d=\"M738,99l262-93V0H0v5.6L738,99z\"\/>\n<\/svg>\t\t<\/div>\n\t\t\t\t<div class=\"elementor-shape elementor-shape-bottom\" aria-hidden=\"true\" data-negative=\"false\">\n\t\t\t<svg xmlns=\"http:\/\/www.w3.org\/2000\/svg\" viewBox=\"0 0 1000 100\" preserveAspectRatio=\"none\">\n\t<path class=\"elementor-shape-fill\" d=\"M738,99l262-93V0H0v5.6L738,99z\"\/>\n<\/svg>\t\t<\/div>\n\t\t\t\t\t<div class=\"elementor-container elementor-column-gap-wide\">\n\t\t\t\t\t<div class=\"elementor-column elementor-col-50 elementor-top-column elementor-element elementor-element-db1ef82\" data-id=\"db1ef82\" data-element_type=\"column\" data-e-type=\"column\">\n\t\t\t<div class=\"elementor-widget-wrap elementor-element-populated\">\n\t\t\t\t\t\t<div class=\"elementor-element elementor-element-e6bb8f4 elementor-widget elementor-widget-heading\" data-id=\"e6bb8f4\" data-element_type=\"widget\" data-e-type=\"widget\" data-widget_type=\"heading.default\">\n\t\t\t\t<div class=\"elementor-widget-container\">\n\t\t\t\t\t<h2 class=\"elementor-heading-title elementor-size-default\">On saute depuis plus de 10 ans!<\/h2>\t\t\t\t<\/div>\n\t\t\t\t<\/div>\n\t\t\t\t<div class=\"elementor-element elementor-element-264ec63 elementor-widget elementor-widget-heading\" data-id=\"264ec63\" data-element_type=\"widget\" data-e-type=\"widget\" data-widget_type=\"heading.default\">\n\t\t\t\t<div class=\"elementor-widget-container\">\n\t\t\t\t\t<h1 class=\"elementor-heading-title elementor-size-default\">Elevation Trampoline<\/h1>\t\t\t\t<\/div>\n\t\t\t\t<\/div>\n\t\t\t\t<div class=\"elementor-element elementor-element-edcd0b1 elementor-widget elementor-widget-button\" data-id=\"edcd0b1\" data-element_type=\"widget\" data-e-type=\"widget\" data-widget_type=\"button.default\">\n\t\t\t\t<div class=\"elementor-widget-container\">\n\t\t\t\t\t\t\t\t\t<div class=\"elementor-button-wrapper\">\n\t\t\t\t\t<a class=\"elementor-button elementor-button-link elementor-size-sm\" href=\"https:\/\/elevationtrampoline.com\/rive-sud\/billeterie\/\">\n\t\t\t\t\t\t<span class=\"elementor-button-content-wrapper\">\n\t\t\t\t\t\t\t\t\t<span class=\"elementor-button-text\">Achetez vos billets<\/span>\n\t\t\t\t\t<\/span>\n\t\t\t\t\t<\/a>\n\t\t\t\t<\/div>\n\t\t\t\t\t\t\t\t<\/div>\n\t\t\t\t<\/div>\n\t\t\t\t\t<\/div>\n\t\t<\/div>\n\t\t\t\t<div class=\"elementor-column elementor-col-50 elementor-top-column elementor-element elementor-element-a2b496c elementor-hidden-tablet elementor-hidden-mobile_extra elementor-hidden-mobile\" data-id=\"a2b496c\" data-element_type=\"column\" data-e-type=\"column\">\n\t\t\t<div class=\"elementor-widget-wrap\">\n\t\t\t\t\t\t\t<\/div>\n\t\t<\/div>\n\t\t\t\t\t<\/div>\n\t\t<\/section>\n\t\t\t\t<section class=\"elementor-section elementor-top-section elementor-element elementor-element-d9587a0 elementor-section-boxed elementor-section-height-default elementor-section-height-default\" data-id=\"d9587a0\" data-element_type=\"section\" data-e-type=\"section\" data-settings=\"{&quot;jet_parallax_layout_list&quot;:[]}\">\n\t\t\t\t\t\t<div class=\"elementor-container elementor-column-gap-wide\">\n\t\t\t\t\t<div class=\"elementor-column elementor-col-50 elementor-top-column elementor-element elementor-element-cf44e89\" data-id=\"cf44e89\" data-element_type=\"column\" data-e-type=\"column\">\n\t\t\t<div class=\"elementor-widget-wrap elementor-element-populated\">\n\t\t\t\t\t\t<div class=\"elementor-element elementor-element-713974c spinnytextpath elementor-absolute elementor-widget elementor-widget-text-path\" data-id=\"713974c\" data-element_type=\"widget\" data-e-type=\"widget\" data-settings=\"{&quot;text&quot;:&quot;Elevation Trampoline \\u2022 Elevation Trampoline \\u2022 Elevation Trampoline \\u2022&quot;,&quot;_position&quot;:&quot;absolute&quot;,&quot;align&quot;:&quot;right&quot;,&quot;align_tablet&quot;:&quot;center&quot;,&quot;link&quot;:{&quot;url&quot;:&quot;&quot;,&quot;is_external&quot;:&quot;&quot;,&quot;nofollow&quot;:&quot;&quot;,&quot;custom_attributes&quot;:&quot;&quot;},&quot;start_point&quot;:{&quot;unit&quot;:&quot;%&quot;,&quot;size&quot;:0,&quot;sizes&quot;:[]}}\" data-widget_type=\"text-path.default\">\n\t\t\t\t<div class=\"elementor-widget-container\">\n\t\t\t\t\t\t\t<div class=\"e-text-path\" data-text=\"Elevation Trampoline &bull; Elevation Trampoline &bull; Elevation Trampoline &bull;\" data-url=\"\/\/elevationtrampoline.com\/rive-sud\/wp-content\/plugins\/elementor\/assets\/svg-paths\/circle.svg\" data-link-url=\"\"><\/div>\n\t\t\t\t\t\t<\/div>\n\t\t\t\t<\/div>\n\t\t\t\t<div class=\"elementor-element elementor-element-d0106cd ob-photomorph elementor-widget elementor-widget-image\" data-id=\"d0106cd\" data-element_type=\"widget\" data-e-type=\"widget\" data-settings=\"{&quot;_ob_photomorph_use&quot;:&quot;yes&quot;}\" data-widget_type=\"image.default\">\n\t\t\t\t<div class=\"elementor-widget-container\">\n\t\t\t\t\t\t\t\t\t\t\t\t\t\t\t<img fetchpriority=\"high\" decoding=\"async\" width=\"1255\" height=\"750\" src=\"https:\/\/elevationtrampoline.com\/rive-sud\/wp-content\/uploads\/sites\/3\/ninja-front-1.jpg\" class=\"attachment-full size-full wp-image-391\" alt=\"\" srcset=\"https:\/\/elevationtrampoline.com\/rive-sud\/wp-content\/uploads\/sites\/3\/ninja-front-1.jpg 1255w, https:\/\/elevationtrampoline.com\/rive-sud\/wp-content\/uploads\/sites\/3\/ninja-front-1-300x179.jpg 300w, https:\/\/elevationtrampoline.com\/rive-sud\/wp-content\/uploads\/sites\/3\/ninja-front-1-1024x612.jpg 1024w, https:\/\/elevationtrampoline.com\/rive-sud\/wp-content\/uploads\/sites\/3\/ninja-front-1-768x459.jpg 768w\" sizes=\"(max-width: 1255px) 100vw, 1255px\" \/>\t\t\t\t\t\t\t\t\t\t\t\t\t\t\t<\/div>\n\t\t\t\t<\/div>\n\t\t\t\t\t<\/div>\n\t\t<\/div>\n\t\t\t\t<div class=\"elementor-column elementor-col-50 elementor-top-column elementor-element elementor-element-105e2b6\" data-id=\"105e2b6\" data-element_type=\"column\" data-e-type=\"column\">\n\t\t\t<div class=\"elementor-widget-wrap elementor-element-populated\">\n\t\t\t\t\t\t<div class=\"elementor-element elementor-element-23ee49c elementor-widget__width-initial elementor-widget elementor-widget-heading\" data-id=\"23ee49c\" data-element_type=\"widget\" data-e-type=\"widget\" data-widget_type=\"heading.default\">\n\t\t\t\t<div class=\"elementor-widget-container\">\n\t\t\t\t\t<h2 class=\"elementor-heading-title elementor-size-default\"><span style=\"color:#F38120\">Le meilleur centre de sauts<\/span> au Qu\u00e9bec!<\/h2>\t\t\t\t<\/div>\n\t\t\t\t<\/div>\n\t\t\t\t<div class=\"elementor-element elementor-element-7d21a29 elementor-widget__width-initial elementor-widget elementor-widget-text-editor\" data-id=\"7d21a29\" data-element_type=\"widget\" data-e-type=\"widget\" data-widget_type=\"text-editor.default\">\n\t\t\t\t<div class=\"elementor-widget-container\">\n\t\t\t\t\t\t\t\t\t<p>Les centres de trampolines Elevation Trampolines sont les meilleurs centres d\u2019amusement pour enfants et ados au Qu\u00e9bec. Nos centres d\u2019amusement sont ax\u00e9s sur le plaisir, la famille et la s\u00e9curit\u00e9 avant tout.<\/p><p>Les activit\u00e9s offertes sont incroyables. Les enfants et m\u00eame les adultes pourront d\u00e9penser leurs \u00e9nergies et s\u2019amuser comme des fous. Trampolines, escalade, sauts, parcours d\u2019obstacles, arcades et plus encore. Du plaisir pour toute la famille et les amis garanti.<\/p><p>Avez-vous essay\u00e9 notre section bistro? Nos plats pr\u00e9par\u00e9s sur place sont tout simplement d\u00e9licieux. Pizza, poutine, croquettes, ailes de poulet et plus. Ils valent le d\u00e9tour.<\/p>\t\t\t\t\t\t\t\t<\/div>\n\t\t\t\t<\/div>\n\t\t\t\t<div class=\"elementor-element elementor-element-e646cf7 elementor-widget__width-initial elementor-widget elementor-widget-button\" data-id=\"e646cf7\" data-element_type=\"widget\" data-e-type=\"widget\" data-widget_type=\"button.default\">\n\t\t\t\t<div class=\"elementor-widget-container\">\n\t\t\t\t\t\t\t\t\t<div class=\"elementor-button-wrapper\">\n\t\t\t\t\t<a class=\"elementor-button elementor-button-link elementor-size-sm\" href=\"https:\/\/elevationtrampoline.com\/rive-sud\/billeterie\/\">\n\t\t\t\t\t\t<span class=\"elementor-button-content-wrapper\">\n\t\t\t\t\t\t\t\t\t<span class=\"elementor-button-text\">Notre menu bistro<\/span>\n\t\t\t\t\t<\/span>\n\t\t\t\t\t<\/a>\n\t\t\t\t<\/div>\n\t\t\t\t\t\t\t\t<\/div>\n\t\t\t\t<\/div>\n\t\t\t\t\t<\/div>\n\t\t<\/div>\n\t\t\t\t\t<\/div>\n\t\t<\/section>\n\t\t\t\t<section class=\"elementor-section elementor-top-section elementor-element elementor-element-808bc01 elementor-section-boxed elementor-section-height-default elementor-section-height-default\" data-id=\"808bc01\" data-element_type=\"section\" data-e-type=\"section\" data-settings=\"{&quot;jet_parallax_layout_list&quot;:[],&quot;background_background&quot;:&quot;classic&quot;}\">\n\t\t\t\t\t\t<div class=\"elementor-container elementor-column-gap-wide\">\n\t\t\t\t\t<div class=\"elementor-column elementor-col-50 elementor-top-column elementor-element elementor-element-1da70f6\" data-id=\"1da70f6\" data-element_type=\"column\" data-e-type=\"column\">\n\t\t\t<div class=\"elementor-widget-wrap elementor-element-populated\">\n\t\t\t\t\t\t<div class=\"elementor-element elementor-element-d2a1ded elementor-widget__width-initial elementor-widget elementor-widget-heading\" data-id=\"d2a1ded\" data-element_type=\"widget\" data-e-type=\"widget\" data-widget_type=\"heading.default\">\n\t\t\t\t<div class=\"elementor-widget-container\">\n\t\t\t\t\t<h2 class=\"elementor-heading-title elementor-size-default\">Nos mesures de <span style=\"color:#F38120\">sant\u00e9 et s\u00e9curit\u00e9<\/span><\/h2>\t\t\t\t<\/div>\n\t\t\t\t<\/div>\n\t\t\t\t<div class=\"elementor-element elementor-element-669616a elementor-widget elementor-widget-text-editor\" data-id=\"669616a\" data-element_type=\"widget\" data-e-type=\"widget\" data-widget_type=\"text-editor.default\">\n\t\t\t\t<div class=\"elementor-widget-container\">\n\t\t\t\t\t\t\t\t\t<p>Chez Elevation Trampoline la sant\u00e9 et la s\u00e9curit\u00e9 de vos enfants, ainsi que de toutes les personnes se retrouvant dans l\u2019un de nos centres de trampoline sont des aspects primordiaux pour nous. Nous souhaitons vous offrir un endroit s\u00e9curitaire o\u00f9 les personnes de toutes \u00e2ges pourront s\u2019amuser comme des enfants.<\/p>\t\t\t\t\t\t\t\t<\/div>\n\t\t\t\t<\/div>\n\t\t\t\t\t<\/div>\n\t\t<\/div>\n\t\t\t\t<div class=\"elementor-column elementor-col-50 elementor-top-column elementor-element elementor-element-c30edb2\" data-id=\"c30edb2\" data-element_type=\"column\" data-e-type=\"column\">\n\t\t\t<div class=\"elementor-widget-wrap elementor-element-populated\">\n\t\t\t\t\t\t<div class=\"elementor-element elementor-element-e9593d5 elementor-widget__width-initial elementor-align-center elementor-widget elementor-widget-button\" data-id=\"e9593d5\" data-element_type=\"widget\" data-e-type=\"widget\" data-widget_type=\"button.default\">\n\t\t\t\t<div class=\"elementor-widget-container\">\n\t\t\t\t\t\t\t\t\t<div class=\"elementor-button-wrapper\">\n\t\t\t\t\t<a class=\"elementor-button elementor-button-link elementor-size-sm\" href=\"https:\/\/elevationtrampoline.com\/rive-sud\/sante-et-securite\/\">\n\t\t\t\t\t\t<span class=\"elementor-button-content-wrapper\">\n\t\t\t\t\t\t\t\t\t<span class=\"elementor-button-text\">Plus sur nos mesures<\/span>\n\t\t\t\t\t<\/span>\n\t\t\t\t\t<\/a>\n\t\t\t\t<\/div>\n\t\t\t\t\t\t\t\t<\/div>\n\t\t\t\t<\/div>\n\t\t\t\t\t<\/div>\n\t\t<\/div>\n\t\t\t\t\t<\/div>\n\t\t<\/section>\n\t\t\t\t<section class=\"elementor-section elementor-top-section elementor-element elementor-element-6425784 elementor-section-boxed elementor-section-height-default elementor-section-height-default\" data-id=\"6425784\" data-element_type=\"section\" data-e-type=\"section\" data-settings=\"{&quot;jet_parallax_layout_list&quot;:[]}\">\n\t\t\t\t\t\t<div class=\"elementor-container elementor-column-gap-wide\">\n\t\t\t\t\t<div class=\"elementor-column elementor-col-50 elementor-top-column elementor-element elementor-element-cfdc239\" data-id=\"cfdc239\" data-element_type=\"column\" data-e-type=\"column\">\n\t\t\t<div class=\"elementor-widget-wrap elementor-element-populated\">\n\t\t\t\t\t\t<div class=\"elementor-element elementor-element-6101df9 elementor-widget__width-initial elementor-widget elementor-widget-heading\" data-id=\"6101df9\" data-element_type=\"widget\" data-e-type=\"widget\" data-widget_type=\"heading.default\">\n\t\t\t\t<div class=\"elementor-widget-container\">\n\t\t\t\t\t<h2 class=\"elementor-heading-title elementor-size-default\"><span style=\"color:#F38120\">Elevation, c'est une<\/span> histoire de famille<\/h2>\t\t\t\t<\/div>\n\t\t\t\t<\/div>\n\t\t\t\t<div class=\"elementor-element elementor-element-1bd50f6 elementor-widget__width-initial elementor-widget elementor-widget-text-editor\" data-id=\"1bd50f6\" data-element_type=\"widget\" data-e-type=\"widget\" data-widget_type=\"text-editor.default\">\n\t\t\t\t<div class=\"elementor-widget-container\">\n\t\t\t\t\t\t\t\t\t<p>La famille d\u2019Elevation Trampoline c\u2019est plus de 10 ann\u00e9es \u00e0 faire sourire petits et grands et plus d\u2019un millier de familles heureuses. Chaque jour, les membres de notre \u00e9quipe travaillent conjointement pour vous offrir une exp\u00e9rience inoubliable dans l\u2019un de nos centres d\u2019amusement.<\/p><p>Nous sommes une famille tis\u00e9e serr\u00e9e et nous souhaitons offrir \u00e0 toutes les familles qu\u00e9b\u00e9coises venant s\u2019amuser dans nos centres de trampolines un environnement s\u00e9curitaire et une exp\u00e9rience qui ne seront pas pr\u00eates d\u2019oublier.<\/p><p><b>On se voit bient\u00f4t!<\/b><\/p>\t\t\t\t\t\t\t\t<\/div>\n\t\t\t\t<\/div>\n\t\t\t\t<div class=\"elementor-element elementor-element-e3d35d3 elementor-widget elementor-widget-button\" data-id=\"e3d35d3\" data-element_type=\"widget\" data-e-type=\"widget\" data-widget_type=\"button.default\">\n\t\t\t\t<div class=\"elementor-widget-container\">\n\t\t\t\t\t\t\t\t\t<div class=\"elementor-button-wrapper\">\n\t\t\t\t\t<a class=\"elementor-button elementor-button-link elementor-size-sm\" href=\"https:\/\/elevationtrampoline.com\/rive-sud\/billeterie\/\">\n\t\t\t\t\t\t<span class=\"elementor-button-content-wrapper\">\n\t\t\t\t\t\t\t\t\t<span class=\"elementor-button-text\">R\u00e9servez en ligne<\/span>\n\t\t\t\t\t<\/span>\n\t\t\t\t\t<\/a>\n\t\t\t\t<\/div>\n\t\t\t\t\t\t\t\t<\/div>\n\t\t\t\t<\/div>\n\t\t\t\t\t<\/div>\n\t\t<\/div>\n\t\t\t\t<div class=\"elementor-column elementor-col-50 elementor-top-column elementor-element elementor-element-3bcd898\" data-id=\"3bcd898\" data-element_type=\"column\" data-e-type=\"column\">\n\t\t\t<div class=\"elementor-widget-wrap elementor-element-populated\">\n\t\t\t\t\t\t<div class=\"elementor-element elementor-element-3e1df3c spinnytextpath elementor-absolute elementor-widget elementor-widget-text-path\" data-id=\"3e1df3c\" data-element_type=\"widget\" data-e-type=\"widget\" data-settings=\"{&quot;text&quot;:&quot;Elevation Trampoline \\u2022 Elevation Trampoline \\u2022 Elevation Trampoline \\u2022&quot;,&quot;_position&quot;:&quot;absolute&quot;,&quot;align_tablet&quot;:&quot;center&quot;,&quot;link&quot;:{&quot;url&quot;:&quot;&quot;,&quot;is_external&quot;:&quot;&quot;,&quot;nofollow&quot;:&quot;&quot;,&quot;custom_attributes&quot;:&quot;&quot;},&quot;start_point&quot;:{&quot;unit&quot;:&quot;%&quot;,&quot;size&quot;:0,&quot;sizes&quot;:[]}}\" data-widget_type=\"text-path.default\">\n\t\t\t\t<div class=\"elementor-widget-container\">\n\t\t\t\t\t\t\t<div class=\"e-text-path\" data-text=\"Elevation Trampoline &bull; Elevation Trampoline &bull; Elevation Trampoline &bull;\" data-url=\"\/\/elevationtrampoline.com\/rive-sud\/wp-content\/plugins\/elementor\/assets\/svg-paths\/circle.svg\" data-link-url=\"\"><\/div>\n\t\t\t\t\t\t<\/div>\n\t\t\t\t<\/div>\n\t\t\t\t<div class=\"elementor-element elementor-element-a476814 ob-photomorph elementor-widget elementor-widget-image\" data-id=\"a476814\" data-element_type=\"widget\" data-e-type=\"widget\" data-settings=\"{&quot;_ob_photomorph_use&quot;:&quot;yes&quot;}\" data-widget_type=\"image.default\">\n\t\t\t\t<div class=\"elementor-widget-container\">\n\t\t\t\t\t\t\t\t\t\t\t\t\t\t\t<img decoding=\"async\" width=\"900\" height=\"1350\" src=\"https:\/\/elevationtrampoline.com\/rive-sud\/wp-content\/uploads\/sites\/3\/bistro-pizza.jpg\" class=\"attachment-full size-full wp-image-838\" alt=\"\" srcset=\"https:\/\/elevationtrampoline.com\/rive-sud\/wp-content\/uploads\/sites\/3\/bistro-pizza.jpg 900w, https:\/\/elevationtrampoline.com\/rive-sud\/wp-content\/uploads\/sites\/3\/bistro-pizza-200x300.jpg 200w, https:\/\/elevationtrampoline.com\/rive-sud\/wp-content\/uploads\/sites\/3\/bistro-pizza-683x1024.jpg 683w, https:\/\/elevationtrampoline.com\/rive-sud\/wp-content\/uploads\/sites\/3\/bistro-pizza-768x1152.jpg 768w\" sizes=\"(max-width: 900px) 100vw, 900px\" \/>\t\t\t\t\t\t\t\t\t\t\t\t\t\t\t<\/div>\n\t\t\t\t<\/div>\n\t\t\t\t\t<\/div>\n\t\t<\/div>\n\t\t\t\t\t<\/div>\n\t\t<\/section>\n\t\t\t\t<\/div>\n\t\t","protected":false},"excerpt":{"rendered":"<p>On saute depuis plus de 10 ans! Elevation Trampoline Achetez vos billets Le meilleur centre de sauts au Qu\u00e9bec! Les centres de trampolines Elevation Trampolines sont les meilleurs centres d\u2019amusement pour enfants et ados au Qu\u00e9bec. Nos centres d\u2019amusement sont ax\u00e9s sur le plaisir, la famille et la s\u00e9curit\u00e9 avant tout. Les activit\u00e9s offertes sont [&hellip;]<\/p>\n","protected":false},"author":1,"featured_media":0,"parent":0,"menu_order":0,"comment_status":"closed","ping_status":"closed","template":"","meta":{"footnotes":""},"class_list":["post-48","page","type-page","status-publish","hentry"],"lang":"fr","translations":{"fr":48,"en":1078},"pll_sync_post":[],"_links":{"self":[{"href":"https:\/\/elevationtrampoline.com\/rive-sud\/wp-json\/wp\/v2\/pages\/48","targetHints":{"allow":["GET"]}}],"collection":[{"href":"https:\/\/elevationtrampoline.com\/rive-sud\/wp-json\/wp\/v2\/pages"}],"about":[{"href":"https:\/\/elevationtrampoline.com\/rive-sud\/wp-json\/wp\/v2\/types\/page"}],"author":[{"embeddable":true,"href":"https:\/\/elevationtrampoline.com\/rive-sud\/wp-json\/wp\/v2\/users\/1"}],"replies":[{"embeddable":true,"href":"https:\/\/elevationtrampoline.com\/rive-sud\/wp-json\/wp\/v2\/comments?post=48"}],"version-history":[{"count":3,"href":"https:\/\/elevationtrampoline.com\/rive-sud\/wp-json\/wp\/v2\/pages\/48\/revisions"}],"predecessor-version":[{"id":2987,"href":"https:\/\/elevationtrampoline.com\/rive-sud\/wp-json\/wp\/v2\/pages\/48\/revisions\/2987"}],"wp:attachment":[{"href":"https:\/\/elevationtrampoline.com\/rive-sud\/wp-json\/wp\/v2\/media?parent=48"}],"curies":[{"name":"wp","href":"https:\/\/api.w.org\/{rel}","templated":true}]}}