{"id":1066,"date":"2023-12-26T19:38:28","date_gmt":"2023-12-27T00:38:28","guid":{"rendered":"https:\/\/elevationtrampoline.com\/rive-sud\/?page_id=1066"},"modified":"2024-04-23T15:00:49","modified_gmt":"2024-04-23T19:00:49","slug":"table-dans-le-noir","status":"publish","type":"page","link":"https:\/\/elevationtrampoline.com\/rive-sud\/fetes\/table-dans-le-noir\/","title":{"rendered":"Table dans le noir"},"content":{"rendered":"\t\t<div data-elementor-type=\"wp-page\" data-elementor-id=\"1066\" class=\"elementor elementor-1066\" data-elementor-post-type=\"page\">\n\t\t\t\t\t\t<section class=\"elementor-section elementor-top-section elementor-element elementor-element-18eeef8 elementor-section-height-min-height elementor-section-boxed elementor-section-height-default elementor-section-items-middle\" data-id=\"18eeef8\" data-element_type=\"section\" data-e-type=\"section\" data-settings=\"{&quot;jet_parallax_layout_list&quot;:[]}\">\n\t\t\t\t\t\t<div class=\"elementor-container elementor-column-gap-wide\">\n\t\t\t\t\t<div class=\"elementor-column elementor-col-100 elementor-top-column elementor-element elementor-element-0219454\" data-id=\"0219454\" data-element_type=\"column\" data-e-type=\"column\">\n\t\t\t<div class=\"elementor-widget-wrap elementor-element-populated\">\n\t\t\t\t\t\t<div class=\"elementor-element elementor-element-457ef8b elementor-widget__width-initial elementor-widget elementor-widget-heading\" data-id=\"457ef8b\" data-element_type=\"widget\" data-e-type=\"widget\" data-widget_type=\"heading.default\">\n\t\t\t\t<div class=\"elementor-widget-container\">\n\t\t\t\t\t<h2 class=\"elementor-heading-title elementor-size-default\"><span style=\"color:#F38120\">R\u00e9servation pour une<\/span> table dans le noir<\/h2>\t\t\t\t<\/div>\n\t\t\t\t<\/div>\n\t\t\t\t<div class=\"elementor-element elementor-element-9c141bb elementor-widget elementor-widget-formidable\" data-id=\"9c141bb\" data-element_type=\"widget\" data-e-type=\"widget\" data-widget_type=\"formidable.default\">\n\t\t\t\t<div class=\"elementor-widget-container\">\n\t\t\t\t\t<div class=\"frm_forms  with_frm_style frm_style_formidable-style-2\" id=\"frm_form_35_container\" data-token=\"ca597b8d53b31157ff53c86a2f5db81a\">\n<form enctype=\"multipart\/form-data\" method=\"post\" class=\"frm-show-form  frm_ajax_submit  frm_pro_form \" id=\"form_fete-glow-in-the-dark-fr2\" data-token=\"ca597b8d53b31157ff53c86a2f5db81a\">\n<div class=\"frm_form_fields  frm_page_num_1\">\n<fieldset>\n<legend class=\"frm_screen_reader\">F\u00eate Glow in the Dark FR<\/legend>\r\n\r\n<div class=\"frm_fields_container\">\n<input type=\"hidden\" name=\"frm_action\" value=\"create\" \/>\n<input type=\"hidden\" name=\"form_id\" value=\"35\" \/>\n<input type=\"hidden\" name=\"frm_hide_fields_35\" id=\"frm_hide_fields_35\" value=\"\" \/>\n<input type=\"hidden\" name=\"form_key\" value=\"fete-glow-in-the-dark-fr2\" \/>\n<input type=\"hidden\" name=\"item_meta[0]\" value=\"\" \/>\n<input type=\"hidden\" id=\"frm_submit_entry_35\" name=\"frm_submit_entry_35\" value=\"55a2de997b\" \/><input type=\"hidden\" name=\"_wp_http_referer\" value=\"\/rive-sud\/wp-json\/wp\/v2\/pages\/1066\" \/>\t\t<input  type=\"hidden\" name=\"item_meta[776]\" id=\"field_judpf6\" value=\"Table dans le noir\"  data-frmval=\"Table dans le noir\"   \/>\n\t\t<div id=\"frm_field_785_container\" class=\"frm_form_field frm_section_heading form-field \">\r\n<h3 class=\"frm_pos_top frm_section_spacing\">R\u00e9servation<\/h3>\r\n\r\n\r\n<div id=\"frm_field_786_container\" class=\"frm_form_field form-field  frm_required_field frm_top_container frm6 frm_first\">\r\n    <label for=\"field_14a2u6\" id=\"field_14a2u6_label\" class=\"frm_primary_label\">Date de r\u00e9servation\r\n        <span class=\"frm_required\" aria-hidden=\"true\">*<\/span>\r\n    <\/label>\r\n    <input type=\"text\" id=\"field_14a2u6\" name=\"item_meta[786]\" value=\"\"  data-sectionid=\"785\"  maxlength=\"10\" data-reqmsg=\"Ce champ est requis\" aria-required=\"true\" data-invmsg=\"Date non valide\" class=\"frm_date\" aria-invalid=\"false\"   aria-describedby=\"frm_desc_field_14a2u6\"\/>\r\n    <div class=\"frm_description\" id=\"frm_desc_field_14a2u6\">Nous vous confirmerons la disponibilit\u00e9 de ce temps dans les 15 prochaines minutes, ou nous vons offrons la date la plus pr\u00e8s que possible.<\/div>\r\n    \r\n<\/div>\n<div id=\"frm_field_787_container\" class=\"frm_form_field form-field  frm_required_field frm_top_container frm6\">\r\n    <div  id=\"field_vvr4m6_label\" class=\"frm_primary_label\">Heure de r\u00e9servation\r\n        <span class=\"frm_required\" aria-hidden=\"true\">*<\/span>\r\n    <\/div>\r\n    <select aria-labelledby=\"field_vvr4m6_label\" name=\"item_meta[787]\" id=\"field_vvr4m6\"  data-sectionid=\"785\"  data-reqmsg=\"Ce champ est requis\" aria-required=\"true\" data-invmsg=\"Heure non valide\" aria-invalid=\"false\"  ><option value=\"\"  selected='selected'><\/option><option value=\"10:30\" >10:30<\/option><option value=\"11:00\" >11:00<\/option><option value=\"11:30\" >11:30<\/option><option value=\"12:00\" >12:00<\/option><option value=\"12:30\" >12:30<\/option><option value=\"13:00\" >13:00<\/option><option value=\"13:30\" >13:30<\/option><option value=\"14:00\" >14:00<\/option><option value=\"14:30\" >14:30<\/option><option value=\"15:00\" >15:00<\/option><option value=\"15:30\" >15:30<\/option><option value=\"16:00\" >16:00<\/option><option value=\"16:30\" >16:30<\/option><option value=\"17:00\" >17:00<\/option><option value=\"17:30\" >17:30<\/option><option value=\"18:00\" >18:00<\/option><option value=\"18:30\" >18:30<\/option><option value=\"19:00\" >19:00<\/option><option value=\"19:30\" >19:30<\/option><option value=\"20:00\" >20:00<\/option><option value=\"20:30\" >20:30<\/option><option value=\"21:00\" >21:00<\/option><option value=\"21:30\" >21:30<\/option><option value=\"22:00\" >22:00<\/option><option value=\"22:30\" >22:30<\/option><\/select>\r\n    <div class=\"frm_description\" id=\"frm_desc_field_vvr4m6\">Nous vous confirmerons la disponibilit\u00e9 de ce temps dans les 15 prochaines minutes, ou nous vons offrons le bloc de temps le plus pr\u00e8s possible.<\/div>\r\n    \r\n<\/div>\n<div id=\"frm_field_845_container\" class=\"frm_form_field form-field  frm_required_field frm_top_container frm6\">\n\t<label for=\"field_fmdh6\" id=\"field_fmdh6_label\" class=\"frm_primary_label\">Heure de r\u00e9servation\n\t\t<span class=\"frm_required\" aria-hidden=\"true\">*<\/span>\n\t<\/label>\n\t\t\t<select name=\"item_meta[845]\" id=\"field_fmdh6\"  data-sectionid=\"785\"  data-placeholder=\"Veuillez choisir une heure\"  placeholder=\"Veuillez choisir une heure\" data-reqmsg=\"Ce champ est requis\" aria-required=\"true\" data-invmsg=\"Heure de r\u00e9servation est non valide\" aria-invalid=\"false\"  >\n\t\t<option  class=\"frm-select-placeholder\" value=\"\" data-placeholder=\"true\">Veuillez choisir une heure<\/option><option  value=\"10h30\">10h30<\/option><option  value=\"11h00\">11h00<\/option><option  value=\"13h30\">13h30<\/option><option  value=\"14h00\">14h00<\/option><option  value=\"16h30\">16h30<\/option><option  value=\"17h00\">17h00<\/option><option  value=\"19h00\">19h00<\/option><option  value=\"20h00\">20h00<\/option>\t<\/select>\n\t\n\t<div class=\"frm_description\" id=\"frm_desc_field_fmdh6\">Nous vous confirmerons la disponibilit\u00e9 de ce temps dans les 15 prochaines minutes, ou nous vons offrons le bloc de temps le plus pr\u00e8s possible.<\/div>\n\t\n<\/div>\n<div id=\"frm_field_850_container\" class=\"frm_form_field form-field  frm_required_field frm_top_container vertical_radio\">\n\t<div  id=\"field_w1d92_label\" class=\"frm_primary_label\">D\u00e9p\u00f4t dans les 72 heures suivant la r\u00e9servation\n\t\t<span class=\"frm_required\" aria-hidden=\"true\">*<\/span>\n\t<\/div>\n\t<div class=\"frm_opt_container\" aria-labelledby=\"field_w1d92_label\" role=\"group\">\t\t<div class=\"frm_checkbox\" id=\"frm_checkbox_850-785-0\">\t\t\t<label  for=\"field_w1d92-0\">\n\t\t\t<input type=\"checkbox\" name=\"item_meta[850][]\" id=\"field_w1d92-0\" value=\"Je reconnais que si un d\u00e9p\u00f4t n&#039;est pas effectu\u00e9 dans les 72 heures suivant la confirmation officielle d&#039;Elevation Trampoline, que ma r\u00e9servation pourrait \u00eatre annul\u00e9e.\"  data-sectionid=\"785\"  data-reqmsg=\"D\u00e9p\u00f4t dans les 72 heures suivant la r\u00e9servation cannot be blank.\" data-invmsg=\"D\u00e9p\u00f4t dans les 72 heures suivant la r\u00e9servation is invalid\"   aria-required=\"true\"  \/> Je reconnais que si un d\u00e9p\u00f4t n'est pas effectu\u00e9 dans les 72 heures suivant la confirmation officielle d'Elevation Trampoline, que ma r\u00e9servation pourrait \u00eatre annul\u00e9e.<\/label><\/div>\n<\/div>\n\t\n\t\n<\/div>\n<\/div>\n<input type=\"hidden\" name=\"frm_page_order_35\" id=\"frm_page_order_35\" value=\"14\" \/>\t\t<input  type=\"hidden\" name=\"item_meta[803]\" id=\"field_2e916a3\" value=\"\"     \/>\n\t\t\t\t<input  type=\"hidden\" name=\"item_meta[805]\" id=\"field_nllm06-0\" value=\"\"  data-sectionid=\"803\"     \/>\n\t\t\t\t<input  type=\"hidden\" name=\"item_meta[807]\" id=\"field_6vriq22-0\" value=\"\"  data-sectionid=\"803\"     \/>\n\t\t\t\t<input  type=\"hidden\" name=\"item_meta[808]\" id=\"field_lup5722-0\" value=\"\"  data-sectionid=\"803\"     \/>\n\t\t\t\t<input  type=\"hidden\" name=\"item_meta[809]\" id=\"field_x631922-0\" value=\"\"  data-sectionid=\"803\"     \/>\n\t\t\t\t<input  type=\"hidden\" name=\"item_meta[810]\" id=\"field_ufi0322-0\" value=\"\"  data-sectionid=\"803\"     \/>\n\t\t\t\t<input  type=\"hidden\" name=\"item_meta[811]\" id=\"field_5261i22-0\" value=\"\"  data-sectionid=\"803\"     \/>\n\t\t\t\t<input  type=\"hidden\" name=\"item_meta[812]\" id=\"field_l9hj122-0\" value=\"\"  data-sectionid=\"803\"     \/>\n\t\t\t\t<input  type=\"hidden\" name=\"item_meta[814]\" id=\"field_3nu9l3-0\" value=\"\"  data-sectionid=\"803\"     \/>\n\t\t\t\t<input  type=\"hidden\" name=\"item_meta[815]\" id=\"field_ehcny3-0\" value=\"\"  data-sectionid=\"803\"     \/>\n\t\t\t\t<input  type=\"hidden\" name=\"item_meta[816]\" id=\"field_dpntf3-0\" value=\"\"  data-sectionid=\"803\"     \/>\n\t\t\t\t<input  type=\"hidden\" name=\"item_meta[817]\" id=\"field_6wge53-0\" value=\"\"  data-sectionid=\"803\"     \/>\n\t\t\t\t<input  type=\"hidden\" name=\"item_meta[818]\" id=\"field_a0faw3-0\" value=\"\"  data-sectionid=\"803\"     \/>\n\t\t\t\t<input  type=\"hidden\" name=\"item_meta[819]\" id=\"field_sgvd73-0\" value=\"\"  data-sectionid=\"803\"     \/>\n\t\t\t\t<input  type=\"hidden\" name=\"item_meta[820]\" id=\"field_y2drx3\" value=\"\"     \/>\n\t\t\t\t<input  type=\"hidden\" name=\"item_meta[795]\" id=\"field_e4uoc6\" value=\"\"     \/>\n\t\t\t\t<input  type=\"hidden\" name=\"item_meta[777]\" id=\"field_eblzl6\" value=\"\"     \/>\n\t\t\t\t<input  type=\"hidden\" name=\"item_meta[778]\" id=\"field_u47ks6\" value=\"\"  data-sectionid=\"777\"  data-placeholder=\"Choisissez votre appellation\"     \/>\n\t\t\t\t<input  type=\"hidden\" name=\"item_meta[779]\" id=\"field_6pm636\" value=\"\"  data-sectionid=\"777\"     \/>\n\t\t\t\t<input  type=\"hidden\" name=\"item_meta[780]\" id=\"field_vzrx66\" value=\"\"  data-sectionid=\"777\"     \/>\n\t\t\t\t<input  type=\"hidden\" name=\"item_meta[781]\" id=\"field_pwcfx6\" value=\"\"  data-sectionid=\"777\"  autocomplete=\"email\"     \/>\n\t\t\t\t<input  type=\"hidden\" name=\"item_meta[782]\" id=\"field_o9psu6\" value=\"\"  data-sectionid=\"777\"     \/>\n\t\t\t\t<input  type=\"hidden\" name=\"item_meta[783]\" id=\"field_7eho36\" value=\"\"     \/>\n\t\t\t\t<input  type=\"hidden\" name=\"item_meta[802]\" id=\"field_hsyep3\" value=\"\"     \/>\n\t\t\t\t<input  type=\"hidden\" name=\"item_meta[796]\" id=\"field_lyfmx6\" value=\"\"     \/>\n\t\t\t\t<input  type=\"hidden\" name=\"item_meta[797]\" id=\"field_ilipv22\" value=\"\"  data-sectionid=\"796\"     \/>\n\t\t\t\t<input  type=\"hidden\" name=\"item_meta[798]\" id=\"field_p9ogz22\" value=\"\"  data-sectionid=\"796\"     \/>\n\t\t\t\t<input  type=\"hidden\" name=\"item_meta[799]\" id=\"field_jpnjy6\" value=\"\"  data-sectionid=\"796\"     \/>\n\t\t\t\t<input  type=\"hidden\" name=\"item_meta[800]\" id=\"field_u46z86\" value=\"\"  data-sectionid=\"796\"     \/>\n\t\t\t\t<input  type=\"hidden\" name=\"item_meta[801]\" id=\"field_wlas06\" value=\"\"     \/>\n\t\t\t\t<input  type=\"hidden\" name=\"item_meta[821]\" id=\"field_qxlfk6\" value=\"\"     \/>\n\t\t\t\t<input  type=\"hidden\" name=\"item_meta[822]\" id=\"field_bml86\" value=\"\"     \/>\n\t\t\t\t<input  type=\"hidden\" name=\"item_meta[824]\" id=\"field_zxq6x6-0\" value=\"\"  data-sectionid=\"822\"     \/>\n\t\t\t\t<input  type=\"hidden\" name=\"item_meta[825]\" id=\"field_wu6bo6\" value=\"\"  data-sectionid=\"822\"     \/>\n\t\t\t\t<input  type=\"hidden\" name=\"item_meta[826]\" id=\"field_qkj0z6\" value=\"\"     \/>\n\t\t\t\t<input  type=\"hidden\" name=\"item_meta[827]\" id=\"field_5olji6\" value=\"\"     \/>\n\t\t\t\t<input  type=\"hidden\" name=\"item_meta[873]\" id=\"field_ili10\" value=\"\"     \/>\n\t\t\t\t<input  type=\"hidden\" name=\"item_meta[877]\" id=\"field_pp2z4-0\" value=\"\"  data-sectionid=\"873\"     \/>\n\t\t\t\t<input  type=\"hidden\" name=\"item_meta[874]\" id=\"field_95lw2\" value=\"\"     \/>\n\t\t\t\t<input  type=\"hidden\" name=\"item_meta[872]\" id=\"field_xtm3x\" value=\"\"     \/>\n\t\t\t\t<input  type=\"hidden\" name=\"item_meta[828]\" id=\"field_zc5j46\" value=\"\"     \/>\n\t\t\t\t<input  type=\"hidden\" name=\"item_meta[899]\" id=\"field_8zyoh\" value=\"\"     \/>\n\t\t\t\t<input  type=\"hidden\" name=\"item_meta[830]\" id=\"field_kby2722\" value=\"\"  data-sectionid=\"899\"     \/>\n\t\t\t\t<input  type=\"hidden\" name=\"item_meta[829]\" id=\"field_lecnj6\" value=\"\"  data-sectionid=\"899\"     \/>\n\t\t\t\t<input  type=\"hidden\" name=\"item_meta[900]\" id=\"field_k0t4m\" value=\"\"     \/>\n\t\t\t<input type=\"hidden\" name=\"item_key\" value=\"\" \/>\n\t\t\t<div id=\"frm_field_908_container\">\n\t\t\t<label for=\"field_smlb6\" >\n\t\t\t\tSi vous \u00eates un humain, ne remplissez pas ce champ.\t\t\t<\/label>\n\t\t\t<input  id=\"field_smlb6\" type=\"text\" class=\"frm_form_field form-field frm_verify\" name=\"item_meta[908]\" value=\"\"  \/>\n\t\t<\/div>\n\t\t<input name=\"frm_state\" type=\"hidden\" value=\"Ammj\/wBp7UcwFu1t1I5rQv5lPcG7My7RbH4IngX+6iHeLnnf6lJvBE9LhDZT4dGs\" \/><div class=\"frm_submit\">\r\n\r\n<button class=\"frm_button_submit\" type=\"submit\"  >Suivant<\/button>\r\n\r\n\r\n<\/div><\/div>\n<\/fieldset>\n<\/div>\n\n<\/form>\n<\/div>\n<script>\nvar frmSigs=[{\"bgColour\":\"rgba(0,0,0,0)\",\"id\":\"825\",\"width\":\"400\",\"height\":\"150\",\"line_top\":105.5,\"line_margin\":20,\"line_color\":\"rgba(122,122,122,1)\",\"line_width\":1,\"default_tab\":\"drawIt\",\"bg_color\":\"#ffffff\",\"text_color\":\"rgba(122,122,122,1)\",\"border_color\":\"rgba(122,122,122,1)\"}];\nif(typeof __FRMSIG === 'undefined'){__FRMSIG=frmSigs;}else{__FRMSIG=jQuery.extend(__FRMSIG,frmSigs);}\n<\/script>\n\t\t\t\t<\/div>\n\t\t\t\t<\/div>\n\t\t\t\t\t<\/div>\n\t\t<\/div>\n\t\t\t\t\t<\/div>\n\t\t<\/section>\n\t\t\t\t<\/div>\n\t\t","protected":false},"excerpt":{"rendered":"<p>R\u00e9servation pour une table dans le noir F\u00eate Glow in the Dark FR Informations de contact Votre titre * Choisissez votre appellationM.MmeMlleMxMeDrPrIng Votre pr\u00e9nom * Nom de famille * Adresse courriel * T\u00e9l\u00e9phone * Si vous \u00eates un humain, ne remplissez pas ce champ. Suivant<\/p>\n","protected":false},"author":1,"featured_media":0,"parent":40,"menu_order":0,"comment_status":"closed","ping_status":"closed","template":"","meta":{"footnotes":""},"class_list":["post-1066","page","type-page","status-publish","hentry"],"lang":"fr","translations":{"fr":1066,"en":1096},"pll_sync_post":[],"_links":{"self":[{"href":"https:\/\/elevationtrampoline.com\/rive-sud\/wp-json\/wp\/v2\/pages\/1066","targetHints":{"allow":["GET"]}}],"collection":[{"href":"https:\/\/elevationtrampoline.com\/rive-sud\/wp-json\/wp\/v2\/pages"}],"about":[{"href":"https:\/\/elevationtrampoline.com\/rive-sud\/wp-json\/wp\/v2\/types\/page"}],"author":[{"embeddable":true,"href":"https:\/\/elevationtrampoline.com\/rive-sud\/wp-json\/wp\/v2\/users\/1"}],"replies":[{"embeddable":true,"href":"https:\/\/elevationtrampoline.com\/rive-sud\/wp-json\/wp\/v2\/comments?post=1066"}],"version-history":[{"count":0,"href":"https:\/\/elevationtrampoline.com\/rive-sud\/wp-json\/wp\/v2\/pages\/1066\/revisions"}],"up":[{"embeddable":true,"href":"https:\/\/elevationtrampoline.com\/rive-sud\/wp-json\/wp\/v2\/pages\/40"}],"wp:attachment":[{"href":"https:\/\/elevationtrampoline.com\/rive-sud\/wp-json\/wp\/v2\/media?parent=1066"}],"curies":[{"name":"wp","href":"https:\/\/api.w.org\/{rel}","templated":true}]}}