{"id":42,"date":"2023-12-01T04:57:50","date_gmt":"2023-12-01T09:57:50","guid":{"rendered":"https:\/\/elevationtrampoline.com\/montreal\/?page_id=42"},"modified":"2024-04-23T15:09:20","modified_gmt":"2024-04-23T19:09:20","slug":"table-de-fete","status":"publish","type":"page","link":"https:\/\/elevationtrampoline.com\/montreal\/fetes\/table-de-fete\/","title":{"rendered":"Table de f\u00eate"},"content":{"rendered":"\t\t<div data-elementor-type=\"wp-page\" data-elementor-id=\"42\" class=\"elementor elementor-42\" data-elementor-post-type=\"page\">\n\t\t\t\t\t\t<section class=\"elementor-section elementor-top-section elementor-element elementor-element-18eeef8 elementor-section-height-min-height elementor-section-boxed elementor-section-height-default elementor-section-items-middle\" data-id=\"18eeef8\" data-element_type=\"section\" data-e-type=\"section\" data-settings=\"{&quot;jet_parallax_layout_list&quot;:[]}\">\n\t\t\t\t\t\t<div class=\"elementor-container elementor-column-gap-wide\">\n\t\t\t\t\t<div class=\"elementor-column elementor-col-100 elementor-top-column elementor-element elementor-element-0219454\" data-id=\"0219454\" data-element_type=\"column\" data-e-type=\"column\">\n\t\t\t<div class=\"elementor-widget-wrap elementor-element-populated\">\n\t\t\t\t\t\t<div class=\"elementor-element elementor-element-457ef8b elementor-widget__width-initial elementor-widget elementor-widget-heading\" data-id=\"457ef8b\" data-element_type=\"widget\" data-e-type=\"widget\" data-widget_type=\"heading.default\">\n\t\t\t\t<div class=\"elementor-widget-container\">\n\t\t\t\t\t<h2 class=\"elementor-heading-title elementor-size-default\"><span style=\"color:#F38120\">R\u00e9servation pour une<\/span> table de f\u00eate<\/h2>\t\t\t\t<\/div>\n\t\t\t\t<\/div>\n\t\t\t\t<div class=\"elementor-element elementor-element-9c141bb elementor-widget elementor-widget-formidable\" data-id=\"9c141bb\" data-element_type=\"widget\" data-e-type=\"widget\" data-widget_type=\"formidable.default\">\n\t\t\t\t<div class=\"elementor-widget-container\">\n\t\t\t\t\t<div class=\"frm_forms  with_frm_style frm_style_formidable-style-2\" id=\"frm_form_35_container\" data-token=\"7ef26c1337e73ce0c38675051aa8573c\">\n<form enctype=\"multipart\/form-data\" method=\"post\" class=\"frm-show-form  frm_ajax_submit  frm_pro_form \" id=\"form_fetefr\" data-token=\"7ef26c1337e73ce0c38675051aa8573c\">\n<div class=\"frm_form_fields  frm_page_num_1\">\n<fieldset>\n<legend class=\"frm_screen_reader\">F\u00eate FR<\/legend>\r\n\r\n<div class=\"frm_fields_container\">\n<input type=\"hidden\" name=\"frm_action\" value=\"create\" \/>\n<input type=\"hidden\" name=\"form_id\" value=\"35\" \/>\n<input type=\"hidden\" name=\"frm_hide_fields_35\" id=\"frm_hide_fields_35\" value=\"\" \/>\n<input type=\"hidden\" name=\"form_key\" value=\"fetefr\" \/>\n<input type=\"hidden\" name=\"item_meta[0]\" value=\"\" \/>\n<input type=\"hidden\" id=\"frm_submit_entry_35\" name=\"frm_submit_entry_35\" value=\"66eef2414d\" \/><input type=\"hidden\" name=\"_wp_http_referer\" value=\"\/montreal\/wp-json\/wp\/v2\/pages\/42\" \/>\t\t<input  type=\"hidden\" name=\"item_meta[626]\" id=\"field_judpf\" value=\"Table de f\u00eate\"  data-frmval=\"Table de f\u00eate\"   \/>\n\t\t<div id=\"frm_field_635_container\" class=\"frm_form_field frm_section_heading form-field \">\r\n<h3 class=\"frm_pos_top frm_section_spacing\">R\u00e9servation<\/h3>\r\n\r\n\r\n<div id=\"frm_field_636_container\" class=\"frm_form_field form-field  frm_required_field frm_top_container frm6 frm_first\">\r\n    <label for=\"field_14a2u\" id=\"field_14a2u_label\" class=\"frm_primary_label\">Date de r\u00e9servation\r\n        <span class=\"frm_required\" aria-hidden=\"true\">*<\/span>\r\n    <\/label>\r\n    <input type=\"text\" id=\"field_14a2u\" name=\"item_meta[636]\" value=\"\"  data-sectionid=\"635\"  maxlength=\"10\" data-reqmsg=\"Ce champ est requis\" aria-required=\"true\" data-invmsg=\"Date non valide\" class=\"frm_date\" aria-invalid=\"false\"   aria-describedby=\"frm_desc_field_14a2u\"\/>\r\n    <div class=\"frm_description\" id=\"frm_desc_field_14a2u\">Nous vous confirmerons la disponibilit\u00e9 de ce temps dans les 15 prochaines minutes, ou nous vons offrons la date la plus pr\u00e8s que possible.<\/div>\r\n    \r\n<\/div>\n<div id=\"frm_field_637_container\" class=\"frm_form_field form-field  frm_required_field frm_top_container frm6\">\r\n    <div  id=\"field_vvr4m_label\" class=\"frm_primary_label\">Heure de r\u00e9servation\r\n        <span class=\"frm_required\" aria-hidden=\"true\">*<\/span>\r\n    <\/div>\r\n    <select aria-labelledby=\"field_vvr4m_label\" name=\"item_meta[637]\" id=\"field_vvr4m\"  data-sectionid=\"635\"  data-reqmsg=\"Ce champ est requis\" aria-required=\"true\" data-invmsg=\"Heure non valide\" aria-invalid=\"false\"  ><option value=\"\"  selected='selected'><\/option><option value=\"10:30\" >10:30<\/option><option value=\"11:00\" >11:00<\/option><option value=\"11:30\" >11:30<\/option><option value=\"12:00\" >12:00<\/option><option value=\"12:30\" >12:30<\/option><option value=\"13:00\" >13:00<\/option><option value=\"13:30\" >13:30<\/option><option value=\"14:00\" >14:00<\/option><option value=\"14:30\" >14:30<\/option><option value=\"15:00\" >15:00<\/option><option value=\"15:30\" >15:30<\/option><option value=\"16:00\" >16:00<\/option><option value=\"16:30\" >16:30<\/option><option value=\"17:00\" >17:00<\/option><option value=\"17:30\" >17:30<\/option><option value=\"18:00\" >18:00<\/option><option value=\"18:30\" >18:30<\/option><option value=\"19:00\" >19:00<\/option><option value=\"19:30\" >19:30<\/option><option value=\"20:00\" >20:00<\/option><option value=\"20:30\" >20:30<\/option><option value=\"21:00\" >21:00<\/option><option value=\"21:30\" >21:30<\/option><option value=\"22:00\" >22:00<\/option><option value=\"22:30\" >22:30<\/option><\/select>\r\n    <div class=\"frm_description\" id=\"frm_desc_field_vvr4m\">Nous vous confirmerons la disponibilit\u00e9 de ce temps dans les 15 prochaines minutes, ou nous vons offrons le bloc de temps le plus pr\u00e8s possible.<\/div>\r\n    \r\n<\/div>\n<div id=\"frm_field_860_container\" class=\"frm_form_field form-field  frm_required_field frm_top_container frm6\">\n\t<label for=\"field_qxs2x\" id=\"field_qxs2x_label\" class=\"frm_primary_label\">Heure de r\u00e9servation\n\t\t<span class=\"frm_required\" aria-hidden=\"true\">*<\/span>\n\t<\/label>\n\t\t\t<select name=\"item_meta[860]\" id=\"field_qxs2x\"  data-sectionid=\"635\"  data-placeholder=\"Veuillez choisir une heure\"  placeholder=\"Veuillez choisir une heure\" data-reqmsg=\"Ce champ est requis\" aria-required=\"true\" data-invmsg=\"Heure de r\u00e9servation est non valide\" aria-invalid=\"false\"  >\n\t\t<option  class=\"frm-select-placeholder\" value=\"\" data-placeholder=\"true\">Veuillez choisir une heure<\/option><option  value=\"10h30\">10h30<\/option><option  value=\"11h00\">11h00<\/option><option  value=\"13h30\">13h30<\/option><option  value=\"14h00\">14h00<\/option><option  value=\"16h30\">16h30<\/option><option  value=\"17h00\">17h00<\/option><option  value=\"18h00\">18h00<\/option><option  value=\"19h00\">19h00<\/option>\t<\/select>\n\t\n\t<div class=\"frm_description\" id=\"frm_desc_field_qxs2x\">Nous vous confirmerons la disponibilit\u00e9 de ce temps dans les 15 prochaines minutes, ou nous vons offrons le bloc de temps le plus pr\u00e8s possible.<\/div>\n\t\n<\/div>\n<div id=\"frm_field_861_container\" class=\"frm_form_field form-field  frm_required_field frm_top_container frm6\">\n\t<label for=\"field_ob3z7\" id=\"field_ob3z7_label\" class=\"frm_primary_label\">Heure de r\u00e9servation\n\t\t<span class=\"frm_required\" aria-hidden=\"true\">*<\/span>\n\t<\/label>\n\t\t\t<select name=\"item_meta[861]\" id=\"field_ob3z7\"  data-sectionid=\"635\"  data-placeholder=\"Veuillez choisir une heure\"  placeholder=\"Veuillez choisir une heure\" data-reqmsg=\"Heure de r\u00e9servation cannot be blank.\" aria-required=\"true\" data-invmsg=\"Heure de r\u00e9servation is invalid\" aria-invalid=\"false\"  >\n\t\t<option  class=\"frm-select-placeholder\" value=\"\" data-placeholder=\"true\">Veuillez choisir une heure<\/option><option  value=\"10h30\">10h30<\/option><option  value=\"11h00\">11h00<\/option><option  value=\"13h30\">13h30<\/option><option  value=\"14h00\">14h00<\/option><option  value=\"16h30\">16h30<\/option><option  value=\"17h00\">17h00<\/option><option  value=\"19h00\">19h00<\/option><option  value=\"20h00\">20h00<\/option>\t<\/select>\n\t\n\t<div class=\"frm_description\" id=\"frm_desc_field_ob3z7\">Nous vous confirmerons la disponibilit\u00e9 de ce temps dans les 15 prochaines minutes, ou nous vons offrons le bloc de temps le plus pr\u00e8s possible.<\/div>\n\t\n<\/div>\n<div id=\"frm_field_866_container\" class=\"frm_form_field form-field  frm_required_field frm_top_container vertical_radio\">\n\t<div  id=\"field_ntn9z_label\" class=\"frm_primary_label\">D\u00e9p\u00f4t dans les 72 heures suivant la r\u00e9servation\n\t\t<span class=\"frm_required\" aria-hidden=\"true\">*<\/span>\n\t<\/div>\n\t<div class=\"frm_opt_container\" aria-labelledby=\"field_ntn9z_label\" role=\"group\">\t\t<div class=\"frm_checkbox\" id=\"frm_checkbox_866-635-0\">\t\t\t<label  for=\"field_ntn9z-0\">\n\t\t\t<input type=\"checkbox\" name=\"item_meta[866][]\" id=\"field_ntn9z-0\" value=\"Je reconnais que si un d\u00e9p\u00f4t n&#039;est pas effectu\u00e9 dans les 72 heures suivant la confirmation officielle d&#039;Elevation Trampoline, que ma r\u00e9servation pourrait \u00eatre annul\u00e9e.\"  data-sectionid=\"635\"  data-reqmsg=\"D\u00e9p\u00f4t dans les 72 heures suivant la r\u00e9servation cannot be blank.\" data-invmsg=\"D\u00e9p\u00f4t dans les 72 heures suivant la r\u00e9servation is invalid\"   aria-required=\"true\"  \/> Je reconnais que si un d\u00e9p\u00f4t n'est pas effectu\u00e9 dans les 72 heures suivant la confirmation officielle d'Elevation Trampoline, que ma r\u00e9servation pourrait \u00eatre annul\u00e9e.<\/label><\/div>\n<\/div>\n\t\n\t\n<\/div>\n<\/div>\n<input type=\"hidden\" name=\"frm_page_order_35\" id=\"frm_page_order_35\" value=\"15\" \/>\t\t<input  type=\"hidden\" name=\"item_meta[653]\" id=\"field_2e916a\" value=\"\"     \/>\n\t\t\t\t<input  type=\"hidden\" name=\"item_meta[655]\" id=\"field_nllm0-0\" value=\"\"  data-sectionid=\"653\"     \/>\n\t\t\t\t<input  type=\"hidden\" name=\"item_meta[657]\" id=\"field_6vriq-0\" value=\"\"  data-sectionid=\"653\"     \/>\n\t\t\t\t<input  type=\"hidden\" name=\"item_meta[658]\" id=\"field_lup57-0\" value=\"\"  data-sectionid=\"653\"     \/>\n\t\t\t\t<input  type=\"hidden\" name=\"item_meta[659]\" id=\"field_x6319-0\" value=\"\"  data-sectionid=\"653\"     \/>\n\t\t\t\t<input  type=\"hidden\" name=\"item_meta[660]\" id=\"field_ufi03-0\" value=\"\"  data-sectionid=\"653\"     \/>\n\t\t\t\t<input  type=\"hidden\" name=\"item_meta[661]\" id=\"field_5261i-0\" value=\"\"  data-sectionid=\"653\"     \/>\n\t\t\t\t<input  type=\"hidden\" name=\"item_meta[662]\" id=\"field_l9hj1-0\" value=\"\"  data-sectionid=\"653\"     \/>\n\t\t\t\t<input  type=\"hidden\" name=\"item_meta[664]\" id=\"field_3nu9l-0\" value=\"\"  data-sectionid=\"653\"     \/>\n\t\t\t\t<input  type=\"hidden\" name=\"item_meta[665]\" id=\"field_ehcny-0\" value=\"\"  data-sectionid=\"653\"     \/>\n\t\t\t\t<input  type=\"hidden\" name=\"item_meta[666]\" id=\"field_dpntf-0\" value=\"\"  data-sectionid=\"653\"     \/>\n\t\t\t\t<input  type=\"hidden\" name=\"item_meta[667]\" id=\"field_6wge5-0\" value=\"\"  data-sectionid=\"653\"     \/>\n\t\t\t\t<input  type=\"hidden\" name=\"item_meta[668]\" id=\"field_a0faw-0\" value=\"\"  data-sectionid=\"653\"     \/>\n\t\t\t\t<input  type=\"hidden\" name=\"item_meta[669]\" id=\"field_sgvd7-0\" value=\"\"  data-sectionid=\"653\"     \/>\n\t\t\t\t<input  type=\"hidden\" name=\"item_meta[670]\" id=\"field_y2drx\" value=\"\"     \/>\n\t\t\t\t<input  type=\"hidden\" name=\"item_meta[645]\" id=\"field_e4uoc\" value=\"\"     \/>\n\t\t\t\t<input  type=\"hidden\" name=\"item_meta[627]\" id=\"field_eblzl\" value=\"\"     \/>\n\t\t\t\t<input  type=\"hidden\" name=\"item_meta[628]\" id=\"field_u47ks\" value=\"\"  data-sectionid=\"627\"  data-placeholder=\"Choisissez votre appellation\"     \/>\n\t\t\t\t<input  type=\"hidden\" name=\"item_meta[629]\" id=\"field_6pm63\" value=\"\"  data-sectionid=\"627\"     \/>\n\t\t\t\t<input  type=\"hidden\" name=\"item_meta[630]\" id=\"field_vzrx6\" value=\"\"  data-sectionid=\"627\"     \/>\n\t\t\t\t<input  type=\"hidden\" name=\"item_meta[631]\" id=\"field_pwcfx\" value=\"\"  data-sectionid=\"627\"  autocomplete=\"email\"     \/>\n\t\t\t\t<input  type=\"hidden\" name=\"item_meta[632]\" id=\"field_o9psu\" value=\"\"  data-sectionid=\"627\"     \/>\n\t\t\t\t<input  type=\"hidden\" name=\"item_meta[633]\" id=\"field_7eho3\" value=\"\"     \/>\n\t\t\t\t<input  type=\"hidden\" name=\"item_meta[652]\" id=\"field_hsyep\" value=\"\"     \/>\n\t\t\t\t<input  type=\"hidden\" name=\"item_meta[646]\" id=\"field_lyfmx\" value=\"\"     \/>\n\t\t\t\t<input  type=\"hidden\" name=\"item_meta[647]\" id=\"field_ilipv\" value=\"\"  data-sectionid=\"646\"     \/>\n\t\t\t\t<input  type=\"hidden\" name=\"item_meta[648]\" id=\"field_p9ogz\" value=\"\"  data-sectionid=\"646\"     \/>\n\t\t\t\t<input  type=\"hidden\" name=\"item_meta[649]\" id=\"field_jpnjy\" value=\"\"  data-sectionid=\"646\"     \/>\n\t\t\t\t<input  type=\"hidden\" name=\"item_meta[650]\" id=\"field_u46z8\" value=\"\"  data-sectionid=\"646\"     \/>\n\t\t\t\t<input  type=\"hidden\" name=\"item_meta[651]\" id=\"field_wlas0\" value=\"\"     \/>\n\t\t\t\t<input  type=\"hidden\" name=\"item_meta[671]\" id=\"field_qxlfk\" value=\"\"     \/>\n\t\t\t\t<input  type=\"hidden\" name=\"item_meta[672]\" id=\"field_bml8\" value=\"\"     \/>\n\t\t\t\t<input  type=\"hidden\" name=\"item_meta[674]\" id=\"field_zxq6x-0\" value=\"\"  data-sectionid=\"672\"     \/>\n\t\t\t\t<input  type=\"hidden\" name=\"item_meta[675]\" id=\"field_wu6bo\" value=\"\"  data-sectionid=\"672\"     \/>\n\t\t\t\t<input  type=\"hidden\" name=\"item_meta[676]\" id=\"field_qkj0z\" value=\"\"     \/>\n\t\t\t\t<input  type=\"hidden\" name=\"item_meta[677]\" id=\"field_5olji\" value=\"\"     \/>\n\t\t\t\t<input  type=\"hidden\" name=\"item_meta[884]\" id=\"field_a6s6p\" value=\"\"     \/>\n\t\t\t\t<input  type=\"hidden\" name=\"item_meta[891]\" id=\"field_wgw97-0\" value=\"\"  data-sectionid=\"884\"     \/>\n\t\t\t\t<input  type=\"hidden\" name=\"item_meta[885]\" id=\"field_topfk\" value=\"\"     \/>\n\t\t\t\t<input  type=\"hidden\" name=\"item_meta[883]\" id=\"field_bebev\" value=\"\"     \/>\n\t\t\t\t<input  type=\"hidden\" name=\"item_meta[678]\" id=\"field_zc5j4\" value=\"\"     \/>\n\t\t\t\t<input  type=\"hidden\" name=\"item_meta[916]\" id=\"field_s3dq8\" value=\"\"     \/>\n\t\t\t\t<input  type=\"hidden\" name=\"item_meta[680]\" id=\"field_kby27\" value=\"\"  data-sectionid=\"916\"     \/>\n\t\t\t\t<input  type=\"hidden\" name=\"item_meta[679]\" id=\"field_lecnj\" value=\"\"  data-sectionid=\"916\"     \/>\n\t\t\t\t<input  type=\"hidden\" name=\"item_meta[917]\" id=\"field_sgquy\" value=\"\"     \/>\n\t\t\t<input type=\"hidden\" name=\"item_key\" value=\"\" \/>\n\t\t\t<div id=\"frm_field_928_container\">\n\t\t\t<label for=\"field_vouyo\" >\n\t\t\t\tSi vous \u00eates un humain, ne remplissez pas ce champ.\t\t\t<\/label>\n\t\t\t<input  id=\"field_vouyo\" type=\"text\" class=\"frm_form_field form-field frm_verify\" name=\"item_meta[928]\" value=\"\"  \/>\n\t\t<\/div>\n\t\t<input name=\"frm_state\" type=\"hidden\" value=\"Ammj\/wBp7UcwFu1t1I5rQstwv\/nUwEGUY3aALv23H4jtq0JjzoVb5ouHrxzxM3eJ\" \/><div class=\"frm_submit\">\r\n\r\n<button class=\"frm_button_submit\" type=\"submit\"  >Suivant<\/button>\r\n\r\n\r\n<\/div><\/div>\n<\/fieldset>\n<\/div>\n\n<\/form>\n<\/div>\n<script>\nvar frmSigs=[{\"bgColour\":\"rgba(0,0,0,0)\",\"id\":\"675\",\"width\":\"400\",\"height\":\"150\",\"line_top\":105.5,\"line_margin\":20,\"line_color\":\"rgba(122,122,122,1)\",\"line_width\":1,\"default_tab\":\"drawIt\",\"bg_color\":\"#ffffff\",\"text_color\":\"rgba(122,122,122,1)\",\"border_color\":\"rgba(122,122,122,1)\"}];\nif(typeof __FRMSIG === 'undefined'){__FRMSIG=frmSigs;}else{__FRMSIG=jQuery.extend(__FRMSIG,frmSigs);}\n<\/script>\n\t\t\t\t<\/div>\n\t\t\t\t<\/div>\n\t\t\t\t\t<\/div>\n\t\t<\/div>\n\t\t\t\t\t<\/div>\n\t\t<\/section>\n\t\t\t\t<\/div>\n\t\t","protected":false},"excerpt":{"rendered":"<p>R\u00e9servation pour une table de f\u00eate F\u00eate FR Informations de contact Votre titre * Choisissez votre appellationM.MmeMlleMxMeDrPrIng Votre pr\u00e9nom * Nom de famille * Adresse courriel * T\u00e9l\u00e9phone * Suivant<\/p>\n","protected":false},"author":1,"featured_media":0,"parent":40,"menu_order":0,"comment_status":"closed","ping_status":"closed","template":"","meta":{"footnotes":""},"class_list":["post-42","page","type-page","status-publish","hentry"],"lang":"fr","translations":{"fr":42,"en":1097},"pll_sync_post":[],"_links":{"self":[{"href":"https:\/\/elevationtrampoline.com\/montreal\/wp-json\/wp\/v2\/pages\/42","targetHints":{"allow":["GET"]}}],"collection":[{"href":"https:\/\/elevationtrampoline.com\/montreal\/wp-json\/wp\/v2\/pages"}],"about":[{"href":"https:\/\/elevationtrampoline.com\/montreal\/wp-json\/wp\/v2\/types\/page"}],"author":[{"embeddable":true,"href":"https:\/\/elevationtrampoline.com\/montreal\/wp-json\/wp\/v2\/users\/1"}],"replies":[{"embeddable":true,"href":"https:\/\/elevationtrampoline.com\/montreal\/wp-json\/wp\/v2\/comments?post=42"}],"version-history":[{"count":0,"href":"https:\/\/elevationtrampoline.com\/montreal\/wp-json\/wp\/v2\/pages\/42\/revisions"}],"up":[{"embeddable":true,"href":"https:\/\/elevationtrampoline.com\/montreal\/wp-json\/wp\/v2\/pages\/40"}],"wp:attachment":[{"href":"https:\/\/elevationtrampoline.com\/montreal\/wp-json\/wp\/v2\/media?parent=42"}],"curies":[{"name":"wp","href":"https:\/\/api.w.org\/{rel}","templated":true}]}}