{"id":2686,"date":"2024-08-21T21:29:23","date_gmt":"2024-08-22T01:29:23","guid":{"rendered":"https:\/\/elevationtrampoline.com\/montreal\/?page_id=2686"},"modified":"2024-08-21T21:30:09","modified_gmt":"2024-08-22T01:30:09","slug":"sitemap","status":"publish","type":"page","link":"https:\/\/elevationtrampoline.com\/montreal\/en\/sitemap\/","title":{"rendered":"Sitemap"},"content":{"rendered":"\t\t<div data-elementor-type=\"wp-page\" data-elementor-id=\"2686\" class=\"elementor elementor-2686\" data-elementor-post-type=\"page\">\n\t\t\t\t\t\t<section class=\"elementor-section elementor-top-section elementor-element elementor-element-dbe0d0a elementor-section-boxed elementor-section-height-default elementor-section-height-default\" data-id=\"dbe0d0a\" data-element_type=\"section\" data-e-type=\"section\" data-settings=\"{&quot;jet_parallax_layout_list&quot;:[]}\">\n\t\t\t\t\t\t<div class=\"elementor-container elementor-column-gap-wide\">\n\t\t\t\t\t<div class=\"elementor-column elementor-col-100 elementor-top-column elementor-element elementor-element-db272a1\" data-id=\"db272a1\" data-element_type=\"column\" data-e-type=\"column\">\n\t\t\t<div class=\"elementor-widget-wrap elementor-element-populated\">\n\t\t\t\t\t\t<div class=\"elementor-element elementor-element-d8a13fb elementor-widget elementor-widget-shortcode\" data-id=\"d8a13fb\" data-element_type=\"widget\" data-e-type=\"widget\" data-widget_type=\"shortcode.default\">\n\t\t\t\t<div class=\"elementor-widget-container\">\n\t\t\t\t\t\t\t<div class=\"elementor-shortcode\"><div id=\"simple-sitemap-container-69e89eb2e8ede\" class=\"simple-sitemap-container simple-sitemap-container-69e89eb2e8ede tab-disabled\"><div class=\"simple-sitemap-wrap\"><h3 class=\"post-type\">Pages<\/h3><ul class=\"simple-sitemap-page main\"><li class=\"sitemap-item page_item page-item-48\"><a href=\"https:\/\/elevationtrampoline.com\/montreal\/a-propos\/\">\u00c0 propos<\/a><\/li>\n<li class=\"sitemap-item page_item page-item-1078\"><a href=\"https:\/\/elevationtrampoline.com\/montreal\/en\/about-us\/\">About Us<\/a><\/li>\n<li class=\"sitemap-item page_item page-item-19\"><a href=\"https:\/\/elevationtrampoline.com\/montreal\/\">Accueil<\/a><\/li>\n<li class=\"sitemap-item page_item page-item-603\"><a href=\"https:\/\/elevationtrampoline.com\/montreal\/activites\/\">Activit\u00e9s<\/a><\/li>\n<li class=\"sitemap-item page_item page-item-1080\"><a href=\"https:\/\/elevationtrampoline.com\/montreal\/en\/activities\/\">Activities<\/a><\/li>\n<li class=\"sitemap-item page_item page-item-32\"><a href=\"https:\/\/elevationtrampoline.com\/montreal\/billeterie\/\">Billeterie<\/a><\/li>\n<li class=\"sitemap-item page_item page-item-1099\"><a href=\"https:\/\/elevationtrampoline.com\/montreal\/en\/bistro-menu\/\">Bistro Menu<\/a><\/li>\n<li class=\"sitemap-item page_item page-item-1100 page_item_has_children\"><a href=\"https:\/\/elevationtrampoline.com\/montreal\/en\/contact-us\/\">Contact Us<\/a>\n<ul class='children'>\n\t<li class=\"sitemap-item page_item page-item-3888\"><a href=\"https:\/\/elevationtrampoline.com\/montreal\/en\/contact-us\/job-application\/\">Job Application<\/a><\/li>\n<\/ul>\n<\/li>\n<li class=\"sitemap-item page_item page-item-856 page_item_has_children\"><a href=\"https:\/\/elevationtrampoline.com\/montreal\/evenements\/\">\u00c9v\u00e9nements<\/a>\n<ul class='children'>\n\t<li class=\"sitemap-item page_item page-item-3858\"><a href=\"https:\/\/elevationtrampoline.com\/montreal\/evenements\/evenements-caritatifs\/\">\u00c9v\u00e9nements caritatifs<\/a><\/li>\n\t<li class=\"sitemap-item page_item page-item-3856\"><a href=\"https:\/\/elevationtrampoline.com\/montreal\/evenements\/evenements-corporatifs\/\">\u00c9v\u00e9nements corporatifs<\/a><\/li>\n\t<li class=\"sitemap-item page_item page-item-3860\"><a href=\"https:\/\/elevationtrampoline.com\/montreal\/evenements\/evenements-parascolaires\/\">\u00c9v\u00e9nements parascolaires<\/a><\/li>\n<\/ul>\n<\/li>\n<li class=\"sitemap-item page_item page-item-1091 page_item_has_children\"><a href=\"https:\/\/elevationtrampoline.com\/montreal\/en\/events\/\">Events<\/a>\n<ul class='children'>\n\t<li class=\"sitemap-item page_item page-item-3864\"><a href=\"https:\/\/elevationtrampoline.com\/montreal\/en\/events\/after-school-events\/\">After-school Events<\/a><\/li>\n\t<li class=\"sitemap-item page_item page-item-3863\"><a href=\"https:\/\/elevationtrampoline.com\/montreal\/en\/events\/corporate-events\/\">Corporate Events<\/a><\/li>\n\t<li class=\"sitemap-item page_item page-item-3862\"><a href=\"https:\/\/elevationtrampoline.com\/montreal\/en\/events\/fundraising-events\/\">Fundraising Events<\/a><\/li>\n<\/ul>\n<\/li>\n<li class=\"sitemap-item page_item page-item-40 page_item_has_children\"><a href=\"https:\/\/elevationtrampoline.com\/montreal\/fetes\/\">F\u00eates<\/a>\n<ul class='children'>\n\t<li class=\"sitemap-item page_item page-item-1065\"><a href=\"https:\/\/elevationtrampoline.com\/montreal\/fetes\/salle-dans-le-noir\/\">Salle dans le noir<\/a><\/li>\n\t<li class=\"sitemap-item page_item page-item-46\"><a href=\"https:\/\/elevationtrampoline.com\/montreal\/fetes\/salle-prestige\/\">Salle prestige<\/a><\/li>\n\t<li class=\"sitemap-item page_item page-item-44\"><a href=\"https:\/\/elevationtrampoline.com\/montreal\/fetes\/salle-privee\/\">Salle priv\u00e9e<\/a><\/li>\n\t<li class=\"sitemap-item page_item page-item-1066\"><a href=\"https:\/\/elevationtrampoline.com\/montreal\/fetes\/table-dans-le-noir\/\">Table dans le noir<\/a><\/li>\n\t<li class=\"sitemap-item page_item page-item-42\"><a href=\"https:\/\/elevationtrampoline.com\/montreal\/fetes\/table-de-fete\/\">Table de f\u00eate<\/a><\/li>\n<\/ul>\n<\/li>\n<li class=\"sitemap-item page_item page-item-30\"><a href=\"https:\/\/elevationtrampoline.com\/montreal\/foire-aux-questions\/\">Foire aux questions<\/a><\/li>\n<li class=\"sitemap-item page_item page-item-1098\"><a href=\"https:\/\/elevationtrampoline.com\/montreal\/en\/frequently-asked-questions\/\">Frequently Asked Questions<\/a><\/li>\n<li class=\"sitemap-item page_item page-item-1101\"><a href=\"https:\/\/elevationtrampoline.com\/montreal\/en\/health-safety\/\">Health &amp; Safety<\/a><\/li>\n<li class=\"sitemap-item page_item page-item-1079\"><a href=\"https:\/\/elevationtrampoline.com\/montreal\/en\/\">Home<\/a><\/li>\n<li class=\"sitemap-item page_item page-item-417\"><a href=\"https:\/\/elevationtrampoline.com\/montreal\/menu-bistro\/\">Menu Bistro<\/a><\/li>\n<li class=\"sitemap-item page_item page-item-23 page_item_has_children\"><a href=\"https:\/\/elevationtrampoline.com\/montreal\/nous-joindre\/\">Nous joindre<\/a>\n<ul class='children'>\n\t<li class=\"sitemap-item page_item page-item-3886\"><a href=\"https:\/\/elevationtrampoline.com\/montreal\/nous-joindre\/demande-demploi\/\">Demande d'emploi<\/a><\/li>\n<\/ul>\n<\/li>\n<li class=\"sitemap-item page_item page-item-1092 page_item_has_children\"><a href=\"https:\/\/elevationtrampoline.com\/montreal\/en\/parties\/\">Parties<\/a>\n<ul class='children'>\n\t<li class=\"sitemap-item page_item page-item-1097\"><a href=\"https:\/\/elevationtrampoline.com\/montreal\/en\/parties\/party-table\/\">Party Table<\/a><\/li>\n\t<li class=\"sitemap-item page_item page-item-1094\"><a href=\"https:\/\/elevationtrampoline.com\/montreal\/en\/parties\/prestige-room\/\">Prestige Room<\/a><\/li>\n\t<li class=\"sitemap-item page_item page-item-1095\"><a href=\"https:\/\/elevationtrampoline.com\/montreal\/en\/parties\/private-room\/\">Private Room<\/a><\/li>\n\t<li class=\"sitemap-item page_item page-item-1093\"><a href=\"https:\/\/elevationtrampoline.com\/montreal\/en\/parties\/room-in-the-dark\/\">Room In The Dark<\/a><\/li>\n\t<li class=\"sitemap-item page_item page-item-1096\"><a href=\"https:\/\/elevationtrampoline.com\/montreal\/en\/parties\/table-in-the-dark\/\">Table In The Dark<\/a><\/li>\n<\/ul>\n<\/li>\n<li class=\"sitemap-item page_item page-item-2684\"><a href=\"https:\/\/elevationtrampoline.com\/montreal\/plan-du-site\/\">Plan du site<\/a><\/li>\n<li class=\"sitemap-item page_item page-item-1102\"><a href=\"https:\/\/elevationtrampoline.com\/montreal\/en\/privacy-policy\/\">Privacy Policy<\/a><\/li>\n<li class=\"sitemap-item page_item page-item-28\"><a href=\"https:\/\/elevationtrampoline.com\/montreal\/sante-et-securite\/\">Sant\u00e9 et s\u00e9curit\u00e9<\/a><\/li>\n<li class=\"sitemap-item page_item page-item-2686\"><a href=\"https:\/\/elevationtrampoline.com\/montreal\/en\/sitemap\/\">Sitemap<\/a><\/li>\n<li class=\"sitemap-item page_item page-item-1090\"><a href=\"https:\/\/elevationtrampoline.com\/montreal\/en\/tickets\/\">Tickets<\/a><\/li>\n<li class=\"sitemap-item page_item page-item-21\"><a href=\"https:\/\/elevationtrampoline.com\/montreal\/vie-privee\/\">Vie priv\u00e9e<\/a><\/li>\n<\/ul><\/div><\/div><br style=\"clear: both;\"><\/div>\n\t\t\t\t\t\t<\/div>\n\t\t\t\t<\/div>\n\t\t\t\t\t<\/div>\n\t\t<\/div>\n\t\t\t\t\t<\/div>\n\t\t<\/section>\n\t\t\t\t<\/div>\n\t\t","protected":false},"excerpt":{"rendered":"","protected":false},"author":1,"featured_media":0,"parent":0,"menu_order":0,"comment_status":"closed","ping_status":"closed","template":"","meta":{"footnotes":""},"class_list":["post-2686","page","type-page","status-publish","hentry"],"lang":"en","translations":{"en":2686,"fr":2684},"pll_sync_post":[],"_links":{"self":[{"href":"https:\/\/elevationtrampoline.com\/montreal\/wp-json\/wp\/v2\/pages\/2686","targetHints":{"allow":["GET"]}}],"collection":[{"href":"https:\/\/elevationtrampoline.com\/montreal\/wp-json\/wp\/v2\/pages"}],"about":[{"href":"https:\/\/elevationtrampoline.com\/montreal\/wp-json\/wp\/v2\/types\/page"}],"author":[{"embeddable":true,"href":"https:\/\/elevationtrampoline.com\/montreal\/wp-json\/wp\/v2\/users\/1"}],"replies":[{"embeddable":true,"href":"https:\/\/elevationtrampoline.com\/montreal\/wp-json\/wp\/v2\/comments?post=2686"}],"version-history":[{"count":0,"href":"https:\/\/elevationtrampoline.com\/montreal\/wp-json\/wp\/v2\/pages\/2686\/revisions"}],"wp:attachment":[{"href":"https:\/\/elevationtrampoline.com\/montreal\/wp-json\/wp\/v2\/media?parent=2686"}],"curies":[{"name":"wp","href":"https:\/\/api.w.org\/{rel}","templated":true}]}}