{"id":1065,"date":"2023-12-26T19:38:49","date_gmt":"2023-12-27T00:38:49","guid":{"rendered":"https:\/\/elevationtrampoline.com\/montreal\/?page_id=1065"},"modified":"2024-10-18T19:58:30","modified_gmt":"2024-10-18T23:58:30","slug":"salle-dans-le-noir","status":"publish","type":"page","link":"https:\/\/elevationtrampoline.com\/montreal\/fetes\/salle-dans-le-noir\/","title":{"rendered":"Salle dans le noir"},"content":{"rendered":"\t\t<div data-elementor-type=\"wp-page\" data-elementor-id=\"1065\" class=\"elementor elementor-1065\" data-elementor-post-type=\"page\">\n\t\t\t\t\t\t<section class=\"elementor-section elementor-top-section elementor-element elementor-element-18eeef8 elementor-section-height-min-height elementor-section-boxed elementor-section-height-default elementor-section-items-middle\" data-id=\"18eeef8\" data-element_type=\"section\" data-e-type=\"section\" data-settings=\"{&quot;jet_parallax_layout_list&quot;:[]}\">\n\t\t\t\t\t\t<div class=\"elementor-container elementor-column-gap-wide\">\n\t\t\t\t\t<div class=\"elementor-column elementor-col-100 elementor-top-column elementor-element elementor-element-0219454\" data-id=\"0219454\" data-element_type=\"column\" data-e-type=\"column\">\n\t\t\t<div class=\"elementor-widget-wrap elementor-element-populated\">\n\t\t\t\t\t\t<div class=\"elementor-element elementor-element-457ef8b elementor-widget__width-initial elementor-widget elementor-widget-heading\" data-id=\"457ef8b\" data-element_type=\"widget\" data-e-type=\"widget\" data-widget_type=\"heading.default\">\n\t\t\t\t<div class=\"elementor-widget-container\">\n\t\t\t\t\t<h2 class=\"elementor-heading-title elementor-size-default\"><span style=\"color:#F38120\">R\u00e9servation pour une<\/span> Salle dans le noir<\/h2>\t\t\t\t<\/div>\n\t\t\t\t<\/div>\n\t\t\t\t<div class=\"elementor-element elementor-element-9c141bb elementor-widget elementor-widget-formidable\" data-id=\"9c141bb\" data-element_type=\"widget\" data-e-type=\"widget\" data-widget_type=\"formidable.default\">\n\t\t\t\t<div class=\"elementor-widget-container\">\n\t\t\t\t\t<div class=\"frm_forms  with_frm_style frm_style_formidable-style-2\" id=\"frm_form_38_container\" data-token=\"4e7e6be4ecbb9a5401fac1a7e37e9dba\">\n<form enctype=\"multipart\/form-data\" method=\"post\" class=\"frm-show-form  frm_ajax_submit  frm_pro_form \" id=\"form_fete-glow-in-the-dark-fr2\" data-token=\"4e7e6be4ecbb9a5401fac1a7e37e9dba\">\n<div class=\"frm_form_fields  frm_page_num_1\">\n<fieldset>\n<legend class=\"frm_screen_reader\">F\u00eate Glow in the Dark FR<\/legend>\r\n\r\n<div class=\"frm_fields_container\">\n<input type=\"hidden\" name=\"frm_action\" value=\"create\" \/>\n<input type=\"hidden\" name=\"form_id\" value=\"38\" \/>\n<input type=\"hidden\" name=\"frm_hide_fields_38\" id=\"frm_hide_fields_38\" value=\"\" \/>\n<input type=\"hidden\" name=\"form_key\" value=\"fete-glow-in-the-dark-fr2\" \/>\n<input type=\"hidden\" name=\"item_meta[0]\" value=\"\" \/>\n<input type=\"hidden\" id=\"frm_submit_entry_38\" name=\"frm_submit_entry_38\" value=\"9ce0859012\" \/><input type=\"hidden\" name=\"_wp_http_referer\" value=\"\/montreal\/wp-json\/wp\/v2\/pages\/1065\" \/>\t\t<input  type=\"hidden\" name=\"item_meta[791]\" id=\"field_judpf62\" value=\"Salle dans le noir\"  data-frmval=\"Salle dans le noir\"   \/>\n\t\t<div id=\"frm_field_800_container\" class=\"frm_form_field frm_section_heading form-field \">\r\n<h3 class=\"frm_pos_top frm_section_spacing\">R\u00e9servation<\/h3>\r\n\r\n\r\n<div id=\"frm_field_801_container\" class=\"frm_form_field form-field  frm_required_field frm_top_container frm6 frm_first\">\r\n    <label for=\"field_14a2u62\" id=\"field_14a2u62_label\" class=\"frm_primary_label\">Date de r\u00e9servation\r\n        <span class=\"frm_required\" aria-hidden=\"true\">*<\/span>\r\n    <\/label>\r\n    <input type=\"text\" id=\"field_14a2u62\" name=\"item_meta[801]\" value=\"\"  data-sectionid=\"800\"  maxlength=\"10\" data-reqmsg=\"Ce champ est requis\" aria-required=\"true\" data-invmsg=\"Date non valide\" class=\"frm_date\" aria-invalid=\"false\"   aria-describedby=\"frm_desc_field_14a2u62\"\/>\r\n    <div class=\"frm_description\" id=\"frm_desc_field_14a2u62\">Nous vous confirmerons la disponibilit\u00e9 de ce temps dans les 15 prochaines minutes, ou nous vons offrons la date la plus pr\u00e8s que possible.<\/div>\r\n    \r\n<\/div>\n<div id=\"frm_field_802_container\" class=\"frm_form_field form-field  frm_required_field frm_top_container frm6\">\r\n    <div  id=\"field_vvr4m62_label\" class=\"frm_primary_label\">Heure de r\u00e9servation\r\n        <span class=\"frm_required\" aria-hidden=\"true\">*<\/span>\r\n    <\/div>\r\n    <select aria-labelledby=\"field_vvr4m62_label\" name=\"item_meta[802]\" id=\"field_vvr4m62\"  data-sectionid=\"800\"  data-reqmsg=\"Ce champ est requis\" aria-required=\"true\" data-invmsg=\"Heure non valide\" aria-invalid=\"false\"  ><option value=\"\"  selected='selected'><\/option><option value=\"10:30\" >10:30<\/option><option value=\"11:00\" >11:00<\/option><option value=\"11:30\" >11:30<\/option><option value=\"12:00\" >12:00<\/option><option value=\"12:30\" >12:30<\/option><option value=\"13:00\" >13:00<\/option><option value=\"13:30\" >13:30<\/option><option value=\"14:00\" >14:00<\/option><option value=\"14:30\" >14:30<\/option><option value=\"15:00\" >15:00<\/option><option value=\"15:30\" >15:30<\/option><option value=\"16:00\" >16:00<\/option><option value=\"16:30\" >16:30<\/option><option value=\"17:00\" >17:00<\/option><option value=\"17:30\" >17:30<\/option><option value=\"18:00\" >18:00<\/option><option value=\"18:30\" >18:30<\/option><option value=\"19:00\" >19:00<\/option><option value=\"19:30\" >19:30<\/option><option value=\"20:00\" >20:00<\/option><option value=\"20:30\" >20:30<\/option><option value=\"21:00\" >21:00<\/option><option value=\"21:30\" >21:30<\/option><option value=\"22:00\" >22:00<\/option><option value=\"22:30\" >22:30<\/option><\/select>\r\n    <div class=\"frm_description\" id=\"frm_desc_field_vvr4m62\">Nous vous confirmerons la disponibilit\u00e9 de ce temps dans les 15 prochaines minutes, ou nous vons offrons le bloc de temps le plus pr\u00e8s possible.<\/div>\r\n    \r\n<\/div>\n<div id=\"frm_field_862_container\" class=\"frm_form_field form-field  frm_required_field frm_top_container frm6\">\n\t<label for=\"field_3qopm\" id=\"field_3qopm_label\" class=\"frm_primary_label\">Heure de r\u00e9servation\n\t\t<span class=\"frm_required\" aria-hidden=\"true\">*<\/span>\n\t<\/label>\n\t\t\t<select name=\"item_meta[862]\" id=\"field_3qopm\"  data-sectionid=\"800\"  data-placeholder=\"Veuillez choisir une heure\"  placeholder=\"Veuillez choisir une heure\" data-reqmsg=\"Ce champ est requis\" aria-required=\"true\" data-invmsg=\"Heure de r\u00e9servation est non valide\" aria-invalid=\"false\"  >\n\t\t<option  class=\"frm-select-placeholder\" value=\"\" data-placeholder=\"true\">Veuillez choisir une heure<\/option><option  value=\"10h30\">10h30<\/option><option  value=\"11h00\">11h00<\/option><option  value=\"13h30\">13h30<\/option><option  value=\"14h00\">14h00<\/option><option  value=\"16h30\">16h30<\/option><option  value=\"17h00\">17h00<\/option><option  value=\"18h00\">18h00<\/option><option  value=\"19h00\">19h00<\/option>\t<\/select>\n\t\n\t<div class=\"frm_description\" id=\"frm_desc_field_3qopm\">Nous vous confirmerons la disponibilit\u00e9 de ce temps dans les 15 prochaines minutes, ou nous vons offrons le bloc de temps le plus pr\u00e8s possible.<\/div>\n\t\n<\/div>\n<div id=\"frm_field_867_container\" class=\"frm_form_field form-field  frm_required_field frm_top_container vertical_radio\">\n\t<div  id=\"field_hkcl7_label\" class=\"frm_primary_label\">D\u00e9p\u00f4t dans les 72 heures suivant la r\u00e9servation\n\t\t<span class=\"frm_required\" aria-hidden=\"true\">*<\/span>\n\t<\/div>\n\t<div class=\"frm_opt_container\" aria-labelledby=\"field_hkcl7_label\" role=\"group\">\t\t<div class=\"frm_checkbox\" id=\"frm_checkbox_867-800-0\">\t\t\t<label  for=\"field_hkcl7-0\">\n\t\t\t<input type=\"checkbox\" name=\"item_meta[867][]\" id=\"field_hkcl7-0\" value=\"Je reconnais que si un d\u00e9p\u00f4t n&#039;est pas effectu\u00e9 dans les 72 heures suivant la confirmation officielle d&#039;Elevation Trampoline, que ma r\u00e9servation pourrait \u00eatre annul\u00e9e.\"  data-sectionid=\"800\"  data-reqmsg=\"D\u00e9p\u00f4t dans les 72 heures suivant la r\u00e9servation cannot be blank.\" data-invmsg=\"D\u00e9p\u00f4t dans les 72 heures suivant la r\u00e9servation is invalid\"   aria-required=\"true\"  \/> Je reconnais que si un d\u00e9p\u00f4t n'est pas effectu\u00e9 dans les 72 heures suivant la confirmation officielle d'Elevation Trampoline, que ma r\u00e9servation pourrait \u00eatre annul\u00e9e.<\/label><\/div>\n<\/div>\n\t\n\t\n<\/div>\n<\/div>\n<input type=\"hidden\" name=\"frm_page_order_38\" id=\"frm_page_order_38\" value=\"14\" \/>\t\t<input  type=\"hidden\" name=\"item_meta[818]\" id=\"field_2e916a32\" value=\"\"     \/>\n\t\t\t\t<input  type=\"hidden\" name=\"item_meta[820]\" id=\"field_nllm062-0\" value=\"\"  data-sectionid=\"818\"     \/>\n\t\t\t\t<input  type=\"hidden\" name=\"item_meta[822]\" id=\"field_6vriq22-0\" value=\"\"  data-sectionid=\"818\"     \/>\n\t\t\t\t<input  type=\"hidden\" name=\"item_meta[823]\" id=\"field_lup5722-0\" value=\"\"  data-sectionid=\"818\"     \/>\n\t\t\t\t<input  type=\"hidden\" name=\"item_meta[824]\" id=\"field_x631922-0\" value=\"\"  data-sectionid=\"818\"     \/>\n\t\t\t\t<input  type=\"hidden\" name=\"item_meta[825]\" id=\"field_ufi0322-0\" value=\"\"  data-sectionid=\"818\"     \/>\n\t\t\t\t<input  type=\"hidden\" name=\"item_meta[826]\" id=\"field_5261i22-0\" value=\"\"  data-sectionid=\"818\"     \/>\n\t\t\t\t<input  type=\"hidden\" name=\"item_meta[827]\" id=\"field_l9hj122-0\" value=\"\"  data-sectionid=\"818\"     \/>\n\t\t\t\t<input  type=\"hidden\" name=\"item_meta[829]\" id=\"field_3nu9l32-0\" value=\"\"  data-sectionid=\"818\"     \/>\n\t\t\t\t<input  type=\"hidden\" name=\"item_meta[830]\" id=\"field_ehcny32-0\" value=\"\"  data-sectionid=\"818\"     \/>\n\t\t\t\t<input  type=\"hidden\" name=\"item_meta[831]\" id=\"field_dpntf32-0\" value=\"\"  data-sectionid=\"818\"     \/>\n\t\t\t\t<input  type=\"hidden\" name=\"item_meta[832]\" id=\"field_6wge532-0\" value=\"\"  data-sectionid=\"818\"     \/>\n\t\t\t\t<input  type=\"hidden\" name=\"item_meta[833]\" id=\"field_a0faw32-0\" value=\"\"  data-sectionid=\"818\"     \/>\n\t\t\t\t<input  type=\"hidden\" name=\"item_meta[834]\" id=\"field_sgvd732-0\" value=\"\"  data-sectionid=\"818\"     \/>\n\t\t\t\t<input  type=\"hidden\" name=\"item_meta[835]\" id=\"field_y2drx32\" value=\"\"     \/>\n\t\t\t\t<input  type=\"hidden\" name=\"item_meta[810]\" id=\"field_e4uoc62\" value=\"\"     \/>\n\t\t\t\t<input  type=\"hidden\" name=\"item_meta[792]\" id=\"field_eblzl62\" value=\"\"     \/>\n\t\t\t\t<input  type=\"hidden\" name=\"item_meta[793]\" id=\"field_u47ks62\" value=\"\"  data-sectionid=\"792\"  data-placeholder=\"Choisissez votre appellation\"     \/>\n\t\t\t\t<input  type=\"hidden\" name=\"item_meta[794]\" id=\"field_6pm6362\" value=\"\"  data-sectionid=\"792\"     \/>\n\t\t\t\t<input  type=\"hidden\" name=\"item_meta[795]\" id=\"field_vzrx662\" value=\"\"  data-sectionid=\"792\"     \/>\n\t\t\t\t<input  type=\"hidden\" name=\"item_meta[796]\" id=\"field_pwcfx62\" value=\"\"  data-sectionid=\"792\"  autocomplete=\"email\"     \/>\n\t\t\t\t<input  type=\"hidden\" name=\"item_meta[797]\" id=\"field_o9psu62\" value=\"\"  data-sectionid=\"792\"     \/>\n\t\t\t\t<input  type=\"hidden\" name=\"item_meta[798]\" id=\"field_7eho362\" value=\"\"     \/>\n\t\t\t\t<input  type=\"hidden\" name=\"item_meta[817]\" id=\"field_hsyep32\" value=\"\"     \/>\n\t\t\t\t<input  type=\"hidden\" name=\"item_meta[811]\" id=\"field_lyfmx62\" value=\"\"     \/>\n\t\t\t\t<input  type=\"hidden\" name=\"item_meta[812]\" id=\"field_ilipv22\" value=\"\"  data-sectionid=\"811\"     \/>\n\t\t\t\t<input  type=\"hidden\" name=\"item_meta[813]\" id=\"field_p9ogz22\" value=\"\"  data-sectionid=\"811\"     \/>\n\t\t\t\t<input  type=\"hidden\" name=\"item_meta[814]\" id=\"field_jpnjy62\" value=\"\"  data-sectionid=\"811\"     \/>\n\t\t\t\t<input  type=\"hidden\" name=\"item_meta[815]\" id=\"field_u46z862\" value=\"\"  data-sectionid=\"811\"     \/>\n\t\t\t\t<input  type=\"hidden\" name=\"item_meta[816]\" id=\"field_wlas062\" value=\"\"     \/>\n\t\t\t\t<input  type=\"hidden\" name=\"item_meta[836]\" id=\"field_qxlfk62\" value=\"\"     \/>\n\t\t\t\t<input  type=\"hidden\" name=\"item_meta[837]\" id=\"field_bml862\" value=\"\"     \/>\n\t\t\t\t<input  type=\"hidden\" name=\"item_meta[839]\" id=\"field_zxq6x62-0\" value=\"\"  data-sectionid=\"837\"     \/>\n\t\t\t\t<input  type=\"hidden\" name=\"item_meta[840]\" id=\"field_wu6bo62\" value=\"\"  data-sectionid=\"837\"     \/>\n\t\t\t\t<input  type=\"hidden\" name=\"item_meta[841]\" id=\"field_qkj0z62\" value=\"\"     \/>\n\t\t\t\t<input  type=\"hidden\" name=\"item_meta[842]\" id=\"field_5olji62\" value=\"\"     \/>\n\t\t\t\t<input  type=\"hidden\" name=\"item_meta[893]\" id=\"field_7ricx\" value=\"\"     \/>\n\t\t\t\t<input  type=\"hidden\" name=\"item_meta[897]\" id=\"field_vsa2e-0\" value=\"\"  data-sectionid=\"893\"     \/>\n\t\t\t\t<input  type=\"hidden\" name=\"item_meta[894]\" id=\"field_aq76o\" value=\"\"     \/>\n\t\t\t\t<input  type=\"hidden\" name=\"item_meta[892]\" id=\"field_ar7fc\" value=\"\"     \/>\n\t\t\t\t<input  type=\"hidden\" name=\"item_meta[843]\" id=\"field_zc5j462\" value=\"\"     \/>\n\t\t\t\t<input  type=\"hidden\" name=\"item_meta[919]\" id=\"field_v12f1\" value=\"\"     \/>\n\t\t\t\t<input  type=\"hidden\" name=\"item_meta[845]\" id=\"field_kby2722\" value=\"\"  data-sectionid=\"919\"     \/>\n\t\t\t\t<input  type=\"hidden\" name=\"item_meta[844]\" id=\"field_lecnj62\" value=\"\"  data-sectionid=\"919\"     \/>\n\t\t\t\t<input  type=\"hidden\" name=\"item_meta[920]\" id=\"field_gw1bn\" value=\"\"     \/>\n\t\t\t<input type=\"hidden\" name=\"item_key\" value=\"\" \/>\n\t\t\t<div id=\"frm_field_928_container\">\n\t\t\t<label for=\"field_4gp3l\" >\n\t\t\t\tSi vous \u00eates un humain, ne remplissez pas ce champ.\t\t\t<\/label>\n\t\t\t<input  id=\"field_4gp3l\" type=\"text\" class=\"frm_form_field form-field frm_verify\" name=\"item_meta[928]\" value=\"\"  \/>\n\t\t<\/div>\n\t\t<input name=\"frm_state\" type=\"hidden\" value=\"Ammj\/wBp7UcwFu1t1I5rQrkTlUEg9bVN0siVZUEiGU1593Ya8AQb3xP7ix+R3D71\" \/><div class=\"frm_submit\">\r\n\r\n<button class=\"frm_button_submit\" type=\"submit\"  >Suivant<\/button>\r\n\r\n\r\n<\/div><\/div>\n<\/fieldset>\n<\/div>\n\n<\/form>\n<\/div>\n<script>\nvar frmSigs=[{\"bgColour\":\"rgba(0,0,0,0)\",\"id\":\"840\",\"width\":\"400\",\"height\":\"150\",\"line_top\":105.5,\"line_margin\":20,\"line_color\":\"rgba(122,122,122,1)\",\"line_width\":1,\"default_tab\":\"drawIt\",\"bg_color\":\"#ffffff\",\"text_color\":\"rgba(122,122,122,1)\",\"border_color\":\"rgba(122,122,122,1)\"}];\nif(typeof __FRMSIG === 'undefined'){__FRMSIG=frmSigs;}else{__FRMSIG=jQuery.extend(__FRMSIG,frmSigs);}\n<\/script>\n\t\t\t\t<\/div>\n\t\t\t\t<\/div>\n\t\t\t\t\t<\/div>\n\t\t<\/div>\n\t\t\t\t\t<\/div>\n\t\t<\/section>\n\t\t\t\t<\/div>\n\t\t","protected":false},"excerpt":{"rendered":"<p>R\u00e9servation pour une Salle dans le noir F\u00eate Glow in the Dark FR R\u00e9servation Date de r\u00e9servation * Nous vous confirmerons la disponibilit\u00e9 de ce temps dans les 15 prochaines minutes, ou nous vons offrons la date la plus pr\u00e8s que possible. Heure de r\u00e9servation * 10:3011:0011:3012:0012:3013:0013:3014:0014:3015:0015:3016:0016:3017:0017:3018:0018:3019:0019:3020:0020:3021:0021:3022:0022:30 Nous vous confirmerons la disponibilit\u00e9 de ce temps [&hellip;]<\/p>\n","protected":false},"author":1,"featured_media":0,"parent":40,"menu_order":0,"comment_status":"closed","ping_status":"closed","template":"","meta":{"footnotes":""},"class_list":["post-1065","page","type-page","status-publish","hentry"],"lang":"fr","translations":{"fr":1065,"en":1093},"pll_sync_post":[],"_links":{"self":[{"href":"https:\/\/elevationtrampoline.com\/montreal\/wp-json\/wp\/v2\/pages\/1065","targetHints":{"allow":["GET"]}}],"collection":[{"href":"https:\/\/elevationtrampoline.com\/montreal\/wp-json\/wp\/v2\/pages"}],"about":[{"href":"https:\/\/elevationtrampoline.com\/montreal\/wp-json\/wp\/v2\/types\/page"}],"author":[{"embeddable":true,"href":"https:\/\/elevationtrampoline.com\/montreal\/wp-json\/wp\/v2\/users\/1"}],"replies":[{"embeddable":true,"href":"https:\/\/elevationtrampoline.com\/montreal\/wp-json\/wp\/v2\/comments?post=1065"}],"version-history":[{"count":3,"href":"https:\/\/elevationtrampoline.com\/montreal\/wp-json\/wp\/v2\/pages\/1065\/revisions"}],"predecessor-version":[{"id":2813,"href":"https:\/\/elevationtrampoline.com\/montreal\/wp-json\/wp\/v2\/pages\/1065\/revisions\/2813"}],"up":[{"embeddable":true,"href":"https:\/\/elevationtrampoline.com\/montreal\/wp-json\/wp\/v2\/pages\/40"}],"wp:attachment":[{"href":"https:\/\/elevationtrampoline.com\/montreal\/wp-json\/wp\/v2\/media?parent=1065"}],"curies":[{"name":"wp","href":"https:\/\/api.w.org\/{rel}","templated":true}]}}