{"id":856,"date":"2023-12-26T03:49:48","date_gmt":"2023-12-26T08:49:48","guid":{"rendered":"https:\/\/elevationtrampoline.com\/laval\/?page_id=856"},"modified":"2025-09-17T15:31:24","modified_gmt":"2025-09-17T19:31:24","slug":"evenements","status":"publish","type":"page","link":"https:\/\/elevationtrampoline.com\/laval\/evenements\/","title":{"rendered":"\u00c9v\u00e9nements"},"content":{"rendered":"\t\t<div data-elementor-type=\"wp-page\" data-elementor-id=\"856\" class=\"elementor elementor-856\" data-elementor-post-type=\"page\">\n\t\t\t\t\t\t<section class=\"elementor-section elementor-top-section elementor-element elementor-element-e1c9f63 elementor-section-height-min-height elementor-section-boxed elementor-section-height-default elementor-section-items-middle\" data-id=\"e1c9f63\" data-element_type=\"section\" data-e-type=\"section\" data-settings=\"{&quot;jet_parallax_layout_list&quot;:[],&quot;background_background&quot;:&quot;classic&quot;,&quot;shape_divider_top&quot;:&quot;triangle-asymmetrical&quot;,&quot;shape_divider_bottom&quot;:&quot;triangle-asymmetrical&quot;,&quot;background_motion_fx_motion_fx_scrolling&quot;:&quot;yes&quot;,&quot;background_motion_fx_translateY_effect&quot;:&quot;yes&quot;,&quot;background_motion_fx_devices&quot;:[&quot;desktop&quot;,&quot;laptop&quot;,&quot;tablet_extra&quot;,&quot;tablet&quot;,&quot;mobile_extra&quot;],&quot;background_motion_fx_translateY_speed&quot;:{&quot;unit&quot;:&quot;px&quot;,&quot;size&quot;:4,&quot;sizes&quot;:[]},&quot;background_motion_fx_translateY_affectedRange&quot;:{&quot;unit&quot;:&quot;%&quot;,&quot;size&quot;:&quot;&quot;,&quot;sizes&quot;:{&quot;start&quot;:0,&quot;end&quot;:100}}}\">\n\t\t\t\t\t\t\t<div class=\"elementor-background-overlay\"><\/div>\n\t\t\t\t\t\t<div class=\"elementor-shape elementor-shape-top\" aria-hidden=\"true\" data-negative=\"false\">\n\t\t\t<svg xmlns=\"http:\/\/www.w3.org\/2000\/svg\" viewBox=\"0 0 1000 100\" preserveAspectRatio=\"none\">\n\t<path class=\"elementor-shape-fill\" d=\"M738,99l262-93V0H0v5.6L738,99z\"\/>\n<\/svg>\t\t<\/div>\n\t\t\t\t<div class=\"elementor-shape elementor-shape-bottom\" aria-hidden=\"true\" data-negative=\"false\">\n\t\t\t<svg xmlns=\"http:\/\/www.w3.org\/2000\/svg\" viewBox=\"0 0 1000 100\" preserveAspectRatio=\"none\">\n\t<path class=\"elementor-shape-fill\" d=\"M738,99l262-93V0H0v5.6L738,99z\"\/>\n<\/svg>\t\t<\/div>\n\t\t\t\t\t<div class=\"elementor-container elementor-column-gap-wide\">\n\t\t\t\t\t<div class=\"elementor-column elementor-col-50 elementor-top-column elementor-element elementor-element-e9abf9a animated-fast elementor-invisible\" data-id=\"e9abf9a\" data-element_type=\"column\" data-e-type=\"column\" data-settings=\"{&quot;animation&quot;:&quot;bounceInUp&quot;,&quot;animation_delay&quot;:150}\">\n\t\t\t<div class=\"elementor-widget-wrap elementor-element-populated\">\n\t\t\t\t\t\t<div class=\"elementor-element elementor-element-1b41ae2 elementor-widget elementor-widget-heading\" data-id=\"1b41ae2\" data-element_type=\"widget\" data-e-type=\"widget\" data-widget_type=\"heading.default\">\n\t\t\t\t<div class=\"elementor-widget-container\">\n\t\t\t\t\t<h2 class=\"elementor-heading-title elementor-size-default\">Organisez un \u00e9v\u00e9nement avec Elevation<\/h2>\t\t\t\t<\/div>\n\t\t\t\t<\/div>\n\t\t\t\t<div class=\"elementor-element elementor-element-e4e9082 elementor-widget elementor-widget-heading\" data-id=\"e4e9082\" data-element_type=\"widget\" data-e-type=\"widget\" data-widget_type=\"heading.default\">\n\t\t\t\t<div class=\"elementor-widget-container\">\n\t\t\t\t\t<h1 class=\"elementor-heading-title elementor-size-default\">Parascolaire, corporatif ou caritatif<\/h1>\t\t\t\t<\/div>\n\t\t\t\t<\/div>\n\t\t\t\t\t<\/div>\n\t\t<\/div>\n\t\t\t\t<div class=\"elementor-column elementor-col-50 elementor-top-column elementor-element elementor-element-dd25024 elementor-hidden-tablet elementor-hidden-mobile_extra elementor-hidden-mobile\" data-id=\"dd25024\" data-element_type=\"column\" data-e-type=\"column\">\n\t\t\t<div class=\"elementor-widget-wrap\">\n\t\t\t\t\t\t\t<\/div>\n\t\t<\/div>\n\t\t\t\t\t<\/div>\n\t\t<\/section>\n\t\t\t\t<section class=\"elementor-section elementor-top-section elementor-element elementor-element-156f033 elementor-section-boxed elementor-section-height-default elementor-section-height-default\" data-id=\"156f033\" data-element_type=\"section\" data-e-type=\"section\" data-settings=\"{&quot;jet_parallax_layout_list&quot;:[]}\">\n\t\t\t\t\t\t<div class=\"elementor-container elementor-column-gap-wide\">\n\t\t\t\t\t<div class=\"elementor-column elementor-col-50 elementor-top-column elementor-element elementor-element-f266533 animated-fast elementor-invisible\" data-id=\"f266533\" data-element_type=\"column\" data-e-type=\"column\" data-settings=\"{&quot;animation&quot;:&quot;bounceInUp&quot;,&quot;animation_delay&quot;:375}\">\n\t\t\t<div class=\"elementor-widget-wrap elementor-element-populated\">\n\t\t\t\t\t\t<div class=\"elementor-element elementor-element-95b682e elementor-widget__width-initial elementor-widget elementor-widget-heading\" data-id=\"95b682e\" data-element_type=\"widget\" data-e-type=\"widget\" data-widget_type=\"heading.default\">\n\t\t\t\t<div class=\"elementor-widget-container\">\n\t\t\t\t\t<h2 class=\"elementor-heading-title elementor-size-default\"><span style=\"color:#F38120\">\u00c9v\u00e9nements<\/span> parascolaires<\/h2>\t\t\t\t<\/div>\n\t\t\t\t<\/div>\n\t\t\t\t<div class=\"elementor-element elementor-element-2d1b4c9 elementor-widget__width-initial elementor-widget elementor-widget-text-editor\" data-id=\"2d1b4c9\" data-element_type=\"widget\" data-e-type=\"widget\" data-widget_type=\"text-editor.default\">\n\t\t\t\t<div class=\"elementor-widget-container\">\n\t\t\t\t\t\t\t\t\t<p>Nous nous sp\u00e9cialisons dans l\u2019organisation des activit\u00e9s de vacances et des excursions scolaires.<\/p>\t\t\t\t\t\t\t\t<\/div>\n\t\t\t\t<\/div>\n\t\t\t\t<div class=\"elementor-element elementor-element-1972eed elementor-widget__width-initial elementor-widget elementor-widget-text-editor\" data-id=\"1972eed\" data-element_type=\"widget\" data-e-type=\"widget\" data-widget_type=\"text-editor.default\">\n\t\t\t\t<div class=\"elementor-widget-container\">\n\t\t\t\t\t\t\t\t\t<p>Notre personnel qualifi\u00e9 s\u2019assure que tous les enfants jouent s\u00e9curitairement et que personne ne soit exclu de l\u2019action.<\/p><p>Nous pouvons concevoir une excursion qui assurera la participation maximale de tous les enfants, peu importe leur niveau de comp\u00e9tence et qui leur permettra de s\u2019amuser autant en groupe qu\u2019individuellement.<\/p>\t\t\t\t\t\t\t\t<\/div>\n\t\t\t\t<\/div>\n\t\t\t\t<div class=\"elementor-element elementor-element-22e57f3 elementor-widget elementor-widget-button\" data-id=\"22e57f3\" data-element_type=\"widget\" data-e-type=\"widget\" data-widget_type=\"button.default\">\n\t\t\t\t<div class=\"elementor-widget-container\">\n\t\t\t\t\t\t\t\t\t<div class=\"elementor-button-wrapper\">\n\t\t\t\t\t<a class=\"elementor-button elementor-button-link elementor-size-sm\" href=\"https:\/\/elevationtrampoline.com\/laval\/evenements\/evenements-parascolaires\/\">\n\t\t\t\t\t\t<span class=\"elementor-button-content-wrapper\">\n\t\t\t\t\t\t\t\t\t<span class=\"elementor-button-text\">R\u00e9server maintenant!<\/span>\n\t\t\t\t\t<\/span>\n\t\t\t\t\t<\/a>\n\t\t\t\t<\/div>\n\t\t\t\t\t\t\t\t<\/div>\n\t\t\t\t<\/div>\n\t\t\t\t\t<\/div>\n\t\t<\/div>\n\t\t\t\t<div class=\"elementor-column elementor-col-50 elementor-top-column elementor-element elementor-element-c95a8d8\" data-id=\"c95a8d8\" data-element_type=\"column\" data-e-type=\"column\">\n\t\t\t<div class=\"elementor-widget-wrap elementor-element-populated\">\n\t\t\t\t\t\t<div class=\"elementor-element elementor-element-71f4973 spinnytextpath elementor-absolute animated-fast elementor-invisible elementor-widget elementor-widget-text-path\" data-id=\"71f4973\" data-element_type=\"widget\" data-e-type=\"widget\" data-settings=\"{&quot;text&quot;:&quot;Elevation Trampoline \\u2022 Elevation Trampoline \\u2022 Elevation Trampoline \\u2022&quot;,&quot;_position&quot;:&quot;absolute&quot;,&quot;align_tablet&quot;:&quot;center&quot;,&quot;_animation&quot;:&quot;bounceInUp&quot;,&quot;_animation_delay&quot;:500,&quot;link&quot;:{&quot;url&quot;:&quot;&quot;,&quot;is_external&quot;:&quot;&quot;,&quot;nofollow&quot;:&quot;&quot;,&quot;custom_attributes&quot;:&quot;&quot;},&quot;start_point&quot;:{&quot;unit&quot;:&quot;%&quot;,&quot;size&quot;:0,&quot;sizes&quot;:[]}}\" data-widget_type=\"text-path.default\">\n\t\t\t\t<div class=\"elementor-widget-container\">\n\t\t\t\t\t\t\t<div class=\"e-text-path\" data-text=\"Elevation Trampoline &bull; Elevation Trampoline &bull; Elevation Trampoline &bull;\" data-url=\"\/\/elevationtrampoline.com\/laval\/wp-content\/plugins\/elementor\/assets\/svg-paths\/circle.svg\" data-link-url=\"\"><\/div>\n\t\t\t\t\t\t<\/div>\n\t\t\t\t<\/div>\n\t\t\t\t<div class=\"elementor-element elementor-element-3f1dc10 animated-fast elementor-invisible ob-photomorph elementor-widget elementor-widget-image\" data-id=\"3f1dc10\" data-element_type=\"widget\" data-e-type=\"widget\" data-settings=\"{&quot;_ob_photomorph_use&quot;:&quot;yes&quot;,&quot;_animation&quot;:&quot;bounceInUp&quot;,&quot;_animation_delay&quot;:150}\" data-widget_type=\"image.default\">\n\t\t\t\t<div class=\"elementor-widget-container\">\n\t\t\t\t\t\t\t\t\t\t\t\t\t\t\t<img fetchpriority=\"high\" decoding=\"async\" width=\"900\" height=\"1350\" src=\"https:\/\/elevationtrampoline.com\/laval\/wp-content\/uploads\/sites\/2\/evenements-parascolaires.jpg\" class=\"attachment-full size-full wp-image-876\" alt=\"\" srcset=\"https:\/\/elevationtrampoline.com\/laval\/wp-content\/uploads\/sites\/2\/evenements-parascolaires.jpg 900w, https:\/\/elevationtrampoline.com\/laval\/wp-content\/uploads\/sites\/2\/evenements-parascolaires-200x300.jpg 200w, https:\/\/elevationtrampoline.com\/laval\/wp-content\/uploads\/sites\/2\/evenements-parascolaires-683x1024.jpg 683w, https:\/\/elevationtrampoline.com\/laval\/wp-content\/uploads\/sites\/2\/evenements-parascolaires-768x1152.jpg 768w\" sizes=\"(max-width: 900px) 100vw, 900px\" \/>\t\t\t\t\t\t\t\t\t\t\t\t\t\t\t<\/div>\n\t\t\t\t<\/div>\n\t\t\t\t\t<\/div>\n\t\t<\/div>\n\t\t\t\t\t<\/div>\n\t\t<\/section>\n\t\t\t\t<section class=\"elementor-section elementor-top-section elementor-element elementor-element-32d31c7 elementor-section-boxed elementor-section-height-default elementor-section-height-default\" data-id=\"32d31c7\" data-element_type=\"section\" data-e-type=\"section\" data-settings=\"{&quot;jet_parallax_layout_list&quot;:[]}\">\n\t\t\t\t\t\t<div class=\"elementor-container elementor-column-gap-wide\">\n\t\t\t\t\t<div class=\"elementor-column elementor-col-50 elementor-top-column elementor-element elementor-element-62b0130\" data-id=\"62b0130\" data-element_type=\"column\" data-e-type=\"column\">\n\t\t\t<div class=\"elementor-widget-wrap elementor-element-populated\">\n\t\t\t\t\t\t<div class=\"elementor-element elementor-element-4aea8a3 spinnytextpath elementor-absolute animated-fast elementor-invisible elementor-widget elementor-widget-text-path\" data-id=\"4aea8a3\" data-element_type=\"widget\" data-e-type=\"widget\" data-settings=\"{&quot;text&quot;:&quot;Elevation Trampoline \\u2022 Elevation Trampoline \\u2022 Elevation Trampoline \\u2022&quot;,&quot;_position&quot;:&quot;absolute&quot;,&quot;align&quot;:&quot;right&quot;,&quot;align_tablet&quot;:&quot;center&quot;,&quot;_animation&quot;:&quot;bounceInUp&quot;,&quot;_animation_delay&quot;:500,&quot;link&quot;:{&quot;url&quot;:&quot;&quot;,&quot;is_external&quot;:&quot;&quot;,&quot;nofollow&quot;:&quot;&quot;,&quot;custom_attributes&quot;:&quot;&quot;},&quot;start_point&quot;:{&quot;unit&quot;:&quot;%&quot;,&quot;size&quot;:0,&quot;sizes&quot;:[]}}\" data-widget_type=\"text-path.default\">\n\t\t\t\t<div class=\"elementor-widget-container\">\n\t\t\t\t\t\t\t<div class=\"e-text-path\" data-text=\"Elevation Trampoline &bull; Elevation Trampoline &bull; Elevation Trampoline &bull;\" data-url=\"\/\/elevationtrampoline.com\/laval\/wp-content\/plugins\/elementor\/assets\/svg-paths\/circle.svg\" data-link-url=\"\"><\/div>\n\t\t\t\t\t\t<\/div>\n\t\t\t\t<\/div>\n\t\t\t\t<div class=\"elementor-element elementor-element-84e44b5 animated-fast elementor-invisible ob-photomorph elementor-widget elementor-widget-image\" data-id=\"84e44b5\" data-element_type=\"widget\" data-e-type=\"widget\" data-settings=\"{&quot;_ob_photomorph_use&quot;:&quot;yes&quot;,&quot;_animation&quot;:&quot;bounceInUp&quot;,&quot;_animation_delay&quot;:150}\" data-widget_type=\"image.default\">\n\t\t\t\t<div class=\"elementor-widget-container\">\n\t\t\t\t\t\t\t\t\t\t\t\t\t\t\t<img decoding=\"async\" width=\"900\" height=\"1350\" src=\"https:\/\/elevationtrampoline.com\/laval\/wp-content\/uploads\/sites\/2\/evenements-corporatifs.jpg\" class=\"attachment-full size-full wp-image-875\" alt=\"\" srcset=\"https:\/\/elevationtrampoline.com\/laval\/wp-content\/uploads\/sites\/2\/evenements-corporatifs.jpg 900w, https:\/\/elevationtrampoline.com\/laval\/wp-content\/uploads\/sites\/2\/evenements-corporatifs-200x300.jpg 200w, https:\/\/elevationtrampoline.com\/laval\/wp-content\/uploads\/sites\/2\/evenements-corporatifs-683x1024.jpg 683w, https:\/\/elevationtrampoline.com\/laval\/wp-content\/uploads\/sites\/2\/evenements-corporatifs-768x1152.jpg 768w\" sizes=\"(max-width: 900px) 100vw, 900px\" \/>\t\t\t\t\t\t\t\t\t\t\t\t\t\t\t<\/div>\n\t\t\t\t<\/div>\n\t\t\t\t\t<\/div>\n\t\t<\/div>\n\t\t\t\t<div class=\"elementor-column elementor-col-50 elementor-top-column elementor-element elementor-element-87d5569 animated-fast elementor-invisible\" data-id=\"87d5569\" data-element_type=\"column\" data-e-type=\"column\" data-settings=\"{&quot;animation&quot;:&quot;bounceInUp&quot;,&quot;animation_delay&quot;:375}\">\n\t\t\t<div class=\"elementor-widget-wrap elementor-element-populated\">\n\t\t\t\t\t\t<div class=\"elementor-element elementor-element-63a2dcc elementor-widget__width-initial elementor-widget elementor-widget-heading\" data-id=\"63a2dcc\" data-element_type=\"widget\" data-e-type=\"widget\" data-widget_type=\"heading.default\">\n\t\t\t\t<div class=\"elementor-widget-container\">\n\t\t\t\t\t<h2 class=\"elementor-heading-title elementor-size-default\"><span style=\"color:#F38120\">\u00c9v\u00e9nements<\/span> corporatifs<\/h2>\t\t\t\t<\/div>\n\t\t\t\t<\/div>\n\t\t\t\t<div class=\"elementor-element elementor-element-30be430 elementor-widget__width-initial elementor-widget elementor-widget-text-editor\" data-id=\"30be430\" data-element_type=\"widget\" data-e-type=\"widget\" data-widget_type=\"text-editor.default\">\n\t\t\t\t<div class=\"elementor-widget-container\">\n\t\t\t\t\t\t\t\t\t<p>Organisez un \u00e9v\u00e9nement original entre coll\u00e8gues!<\/p>\t\t\t\t\t\t\t\t<\/div>\n\t\t\t\t<\/div>\n\t\t\t\t<div class=\"elementor-element elementor-element-15a8cfe elementor-widget__width-initial elementor-widget elementor-widget-text-editor\" data-id=\"15a8cfe\" data-element_type=\"widget\" data-e-type=\"widget\" data-widget_type=\"text-editor.default\">\n\t\t\t\t<div class=\"elementor-widget-container\">\n\t\t\t\t\t\t\t\t\t<p>Notre centre est l\u2019endroit id\u00e9al pour consolider l\u2019esprit d\u2019\u00e9quipe de son entreprise. Les \u00e9v\u00e9nements Elevation sont aussi parfaits pour le party de No\u00ebl de votre bureau ou pour de simples rassemblements visant \u00e0 remonter le moral des troupes. Vous retrouverez assur\u00e9ment chez nous votre \u00e2me d\u2019enfant en partageant avec vos coll\u00e8gues des tonnes de fous rires.<\/p><p>Contactez-nous et nos coordonnateurs d\u2019\u00e9v\u00e9nements se feront un plaisir de r\u00e9pondre \u00e0 vos questions ou prendre un rendez-vous.<\/p>\t\t\t\t\t\t\t\t<\/div>\n\t\t\t\t<\/div>\n\t\t\t\t<div class=\"elementor-element elementor-element-55ed8e4 elementor-widget__width-initial elementor-widget elementor-widget-button\" data-id=\"55ed8e4\" data-element_type=\"widget\" data-e-type=\"widget\" data-widget_type=\"button.default\">\n\t\t\t\t<div class=\"elementor-widget-container\">\n\t\t\t\t\t\t\t\t\t<div class=\"elementor-button-wrapper\">\n\t\t\t\t\t<a class=\"elementor-button elementor-button-link elementor-size-sm\" href=\"https:\/\/elevationtrampoline.com\/laval\/evenements\/evenements-corporatifs\/\">\n\t\t\t\t\t\t<span class=\"elementor-button-content-wrapper\">\n\t\t\t\t\t\t\t\t\t<span class=\"elementor-button-text\">R\u00e9server maintenant!<\/span>\n\t\t\t\t\t<\/span>\n\t\t\t\t\t<\/a>\n\t\t\t\t<\/div>\n\t\t\t\t\t\t\t\t<\/div>\n\t\t\t\t<\/div>\n\t\t\t\t\t<\/div>\n\t\t<\/div>\n\t\t\t\t\t<\/div>\n\t\t<\/section>\n\t\t\t\t<section class=\"elementor-section elementor-top-section elementor-element elementor-element-ffd7a7c elementor-section-boxed elementor-section-height-default elementor-section-height-default\" data-id=\"ffd7a7c\" data-element_type=\"section\" data-e-type=\"section\" data-settings=\"{&quot;jet_parallax_layout_list&quot;:[]}\">\n\t\t\t\t\t\t<div class=\"elementor-container elementor-column-gap-wide\">\n\t\t\t\t\t<div class=\"elementor-column elementor-col-50 elementor-top-column elementor-element elementor-element-5db73b0 animated-fast elementor-invisible\" data-id=\"5db73b0\" data-element_type=\"column\" data-e-type=\"column\" data-settings=\"{&quot;animation&quot;:&quot;bounceInUp&quot;,&quot;animation_delay&quot;:375}\">\n\t\t\t<div class=\"elementor-widget-wrap elementor-element-populated\">\n\t\t\t\t\t\t<div class=\"elementor-element elementor-element-8573c84 elementor-widget__width-initial elementor-widget elementor-widget-heading\" data-id=\"8573c84\" data-element_type=\"widget\" data-e-type=\"widget\" data-widget_type=\"heading.default\">\n\t\t\t\t<div class=\"elementor-widget-container\">\n\t\t\t\t\t<h2 class=\"elementor-heading-title elementor-size-default\"><span style=\"color:#F38120\">\u00c9v\u00e9nements<\/span> caritatifs<\/h2>\t\t\t\t<\/div>\n\t\t\t\t<\/div>\n\t\t\t\t<div class=\"elementor-element elementor-element-3c39aa0 elementor-widget__width-initial elementor-widget elementor-widget-text-editor\" data-id=\"3c39aa0\" data-element_type=\"widget\" data-e-type=\"widget\" data-widget_type=\"text-editor.default\">\n\t\t\t\t<div class=\"elementor-widget-container\">\n\t\t\t\t\t\t\t\t\t<p>Organisez votre prochaine lev\u00e9e de fonds avec Elevation Trampoline!<\/p>\t\t\t\t\t\t\t\t<\/div>\n\t\t\t\t<\/div>\n\t\t\t\t<div class=\"elementor-element elementor-element-d638dc1 elementor-widget__width-initial elementor-widget elementor-widget-text-editor\" data-id=\"d638dc1\" data-element_type=\"widget\" data-e-type=\"widget\" data-widget_type=\"text-editor.default\">\n\t\t\t\t<div class=\"elementor-widget-container\">\n\t\t\t\t\t\t\t\t\t<p>Notre \u00e9tablissement a quelque chose pour tout le monde, ce qui en fait le lieu id\u00e9al pour votre prochain \u00e9v\u00e9nement.<br \/>Nous aimons soutenir des initiatives collectives telles que des organismes sans but lucratif, des centres d\u2019aide et de dons. Des organismes qui servent notre communaut\u00e9 tous les jours. Pr\u00eats \u00e0 commencer?<\/p><p>Appelez-nous ou envoyez-nous un courriel et notre coordinateur d\u2019\u00e9v\u00e9nements se fera un plaisir de r\u00e9pondre \u00e0 toutes vos questions et vous aidera \u00e0 cr\u00e9er un \u00e9v\u00e9nement dont tous se souviendront.<\/p>\t\t\t\t\t\t\t\t<\/div>\n\t\t\t\t<\/div>\n\t\t\t\t<div class=\"elementor-element elementor-element-579b900 elementor-widget elementor-widget-button\" data-id=\"579b900\" data-element_type=\"widget\" data-e-type=\"widget\" data-widget_type=\"button.default\">\n\t\t\t\t<div class=\"elementor-widget-container\">\n\t\t\t\t\t\t\t\t\t<div class=\"elementor-button-wrapper\">\n\t\t\t\t\t<a class=\"elementor-button elementor-button-link elementor-size-sm\" href=\"https:\/\/elevationtrampoline.com\/laval\/evenements\/evenements-caritatifs\/\">\n\t\t\t\t\t\t<span class=\"elementor-button-content-wrapper\">\n\t\t\t\t\t\t\t\t\t<span class=\"elementor-button-text\">R\u00e9server maintenant!<\/span>\n\t\t\t\t\t<\/span>\n\t\t\t\t\t<\/a>\n\t\t\t\t<\/div>\n\t\t\t\t\t\t\t\t<\/div>\n\t\t\t\t<\/div>\n\t\t\t\t\t<\/div>\n\t\t<\/div>\n\t\t\t\t<div class=\"elementor-column elementor-col-50 elementor-top-column elementor-element elementor-element-8027640\" data-id=\"8027640\" data-element_type=\"column\" data-e-type=\"column\">\n\t\t\t<div class=\"elementor-widget-wrap elementor-element-populated\">\n\t\t\t\t\t\t<div class=\"elementor-element elementor-element-7ca18b5 spinnytextpath elementor-absolute animated-fast elementor-invisible elementor-widget elementor-widget-text-path\" data-id=\"7ca18b5\" data-element_type=\"widget\" data-e-type=\"widget\" data-settings=\"{&quot;text&quot;:&quot;Elevation Trampoline \\u2022 Elevation Trampoline \\u2022 Elevation Trampoline \\u2022&quot;,&quot;_position&quot;:&quot;absolute&quot;,&quot;align_tablet&quot;:&quot;center&quot;,&quot;_animation&quot;:&quot;bounceInUp&quot;,&quot;_animation_delay&quot;:500,&quot;link&quot;:{&quot;url&quot;:&quot;&quot;,&quot;is_external&quot;:&quot;&quot;,&quot;nofollow&quot;:&quot;&quot;,&quot;custom_attributes&quot;:&quot;&quot;},&quot;start_point&quot;:{&quot;unit&quot;:&quot;%&quot;,&quot;size&quot;:0,&quot;sizes&quot;:[]}}\" data-widget_type=\"text-path.default\">\n\t\t\t\t<div class=\"elementor-widget-container\">\n\t\t\t\t\t\t\t<div class=\"e-text-path\" data-text=\"Elevation Trampoline &bull; Elevation Trampoline &bull; Elevation Trampoline &bull;\" data-url=\"\/\/elevationtrampoline.com\/laval\/wp-content\/plugins\/elementor\/assets\/svg-paths\/circle.svg\" data-link-url=\"\"><\/div>\n\t\t\t\t\t\t<\/div>\n\t\t\t\t<\/div>\n\t\t\t\t<div class=\"elementor-element elementor-element-dffdde4 animated-fast elementor-invisible ob-photomorph elementor-widget elementor-widget-image\" data-id=\"dffdde4\" data-element_type=\"widget\" data-e-type=\"widget\" data-settings=\"{&quot;_ob_photomorph_use&quot;:&quot;yes&quot;,&quot;_animation&quot;:&quot;bounceInUp&quot;,&quot;_animation_delay&quot;:150}\" data-widget_type=\"image.default\">\n\t\t\t\t<div class=\"elementor-widget-container\">\n\t\t\t\t\t\t\t\t\t\t\t\t\t\t\t<img decoding=\"async\" width=\"900\" height=\"1350\" src=\"https:\/\/elevationtrampoline.com\/laval\/wp-content\/uploads\/sites\/2\/evenements-caritatifs.jpg\" class=\"attachment-full size-full wp-image-874\" alt=\"\" srcset=\"https:\/\/elevationtrampoline.com\/laval\/wp-content\/uploads\/sites\/2\/evenements-caritatifs.jpg 900w, https:\/\/elevationtrampoline.com\/laval\/wp-content\/uploads\/sites\/2\/evenements-caritatifs-200x300.jpg 200w, https:\/\/elevationtrampoline.com\/laval\/wp-content\/uploads\/sites\/2\/evenements-caritatifs-683x1024.jpg 683w, https:\/\/elevationtrampoline.com\/laval\/wp-content\/uploads\/sites\/2\/evenements-caritatifs-768x1152.jpg 768w\" sizes=\"(max-width: 900px) 100vw, 900px\" \/>\t\t\t\t\t\t\t\t\t\t\t\t\t\t\t<\/div>\n\t\t\t\t<\/div>\n\t\t\t\t\t<\/div>\n\t\t<\/div>\n\t\t\t\t\t<\/div>\n\t\t<\/section>\n\t\t\t\t<\/div>\n\t\t","protected":false},"excerpt":{"rendered":"<p>Organisez un \u00e9v\u00e9nement avec Elevation Parascolaire, corporatif ou caritatif \u00c9v\u00e9nements parascolaires Nous nous sp\u00e9cialisons dans l\u2019organisation des activit\u00e9s de vacances et des excursions scolaires. Notre personnel qualifi\u00e9 s\u2019assure que tous les enfants jouent s\u00e9curitairement et que personne ne soit exclu de l\u2019action. Nous pouvons concevoir une excursion qui assurera la participation maximale de tous les [&hellip;]<\/p>\n","protected":false},"author":1,"featured_media":0,"parent":0,"menu_order":0,"comment_status":"closed","ping_status":"closed","template":"","meta":{"footnotes":""},"class_list":["post-856","page","type-page","status-publish","hentry"],"lang":"fr","translations":{"fr":856,"en":1091},"pll_sync_post":[],"_links":{"self":[{"href":"https:\/\/elevationtrampoline.com\/laval\/wp-json\/wp\/v2\/pages\/856","targetHints":{"allow":["GET"]}}],"collection":[{"href":"https:\/\/elevationtrampoline.com\/laval\/wp-json\/wp\/v2\/pages"}],"about":[{"href":"https:\/\/elevationtrampoline.com\/laval\/wp-json\/wp\/v2\/types\/page"}],"author":[{"embeddable":true,"href":"https:\/\/elevationtrampoline.com\/laval\/wp-json\/wp\/v2\/users\/1"}],"replies":[{"embeddable":true,"href":"https:\/\/elevationtrampoline.com\/laval\/wp-json\/wp\/v2\/comments?post=856"}],"version-history":[{"count":15,"href":"https:\/\/elevationtrampoline.com\/laval\/wp-json\/wp\/v2\/pages\/856\/revisions"}],"predecessor-version":[{"id":3503,"href":"https:\/\/elevationtrampoline.com\/laval\/wp-json\/wp\/v2\/pages\/856\/revisions\/3503"}],"wp:attachment":[{"href":"https:\/\/elevationtrampoline.com\/laval\/wp-json\/wp\/v2\/media?parent=856"}],"curies":[{"name":"wp","href":"https:\/\/api.w.org\/{rel}","templated":true}]}}