{"id":46,"date":"2023-12-01T04:58:15","date_gmt":"2023-12-01T09:58:15","guid":{"rendered":"https:\/\/elevationtrampoline.com\/laval\/?page_id=46"},"modified":"2024-04-22T19:28:04","modified_gmt":"2024-04-22T23:28:04","slug":"salle-prestige","status":"publish","type":"page","link":"https:\/\/elevationtrampoline.com\/laval\/fetes\/salle-prestige\/","title":{"rendered":"Salle prestige"},"content":{"rendered":"\t\t<div data-elementor-type=\"wp-page\" data-elementor-id=\"46\" class=\"elementor elementor-46\" data-elementor-post-type=\"page\">\n\t\t\t\t\t\t<section class=\"elementor-section elementor-top-section elementor-element elementor-element-f672867 elementor-section-height-min-height elementor-section-boxed elementor-section-height-default elementor-section-items-middle\" data-id=\"f672867\" data-element_type=\"section\" data-e-type=\"section\" data-settings=\"{&quot;jet_parallax_layout_list&quot;:[]}\">\n\t\t\t\t\t\t<div class=\"elementor-container elementor-column-gap-wide\">\n\t\t\t\t\t<div class=\"elementor-column elementor-col-100 elementor-top-column elementor-element elementor-element-b79732a\" data-id=\"b79732a\" data-element_type=\"column\" data-e-type=\"column\">\n\t\t\t<div class=\"elementor-widget-wrap elementor-element-populated\">\n\t\t\t\t\t\t<div class=\"elementor-element elementor-element-f55b645 elementor-widget__width-initial elementor-widget elementor-widget-heading\" data-id=\"f55b645\" data-element_type=\"widget\" data-e-type=\"widget\" data-widget_type=\"heading.default\">\n\t\t\t\t<div class=\"elementor-widget-container\">\n\t\t\t\t\t<h2 class=\"elementor-heading-title elementor-size-default\"><span style=\"color:#F38120\">R\u00e9servation pour une<\/span> salle prestige<\/h2>\t\t\t\t<\/div>\n\t\t\t\t<\/div>\n\t\t\t\t<div class=\"elementor-element elementor-element-698bbfa elementor-widget elementor-widget-formidable\" data-id=\"698bbfa\" data-element_type=\"widget\" data-e-type=\"widget\" data-widget_type=\"formidable.default\">\n\t\t\t\t<div class=\"elementor-widget-container\">\n\t\t\t\t\t<div class=\"frm_forms  with_frm_style frm_style_formidable-style-2\" id=\"frm_form_3_container\" data-token=\"a9ff77c40fbef47defd298fba7752028\">\n<form enctype=\"multipart\/form-data\" method=\"post\" class=\"frm-show-form  frm_ajax_submit  frm_pro_form \" id=\"form_fetefr\" data-token=\"a9ff77c40fbef47defd298fba7752028\">\n<div class=\"frm_form_fields  frm_page_num_1\">\n<fieldset>\n<legend class=\"frm_screen_reader\">F\u00eate FR<\/legend>\r\n\r\n<div class=\"frm_fields_container\">\n<input type=\"hidden\" name=\"frm_action\" value=\"create\" \/>\n<input type=\"hidden\" name=\"form_id\" value=\"3\" \/>\n<input type=\"hidden\" name=\"frm_hide_fields_3\" id=\"frm_hide_fields_3\" value=\"\" \/>\n<input type=\"hidden\" name=\"form_key\" value=\"fetefr\" \/>\n<input type=\"hidden\" name=\"item_meta[0]\" value=\"\" \/>\n<input type=\"hidden\" id=\"frm_submit_entry_3\" name=\"frm_submit_entry_3\" value=\"b7d07b78f1\" \/><input type=\"hidden\" name=\"_wp_http_referer\" value=\"\/laval\/wp-json\/wp\/v2\/pages\/46\" \/>\t\t<input  type=\"hidden\" name=\"item_meta[14]\" id=\"field_judpf\" value=\"Salle prestige\"  data-frmval=\"Salle prestige\"   \/>\n\t\t<div id=\"frm_field_23_container\" class=\"frm_form_field frm_section_heading form-field \">\r\n<h3 class=\"frm_pos_top frm_section_spacing\">R\u00e9servation<\/h3>\r\n\r\n\r\n<div id=\"frm_field_664_container\" class=\"frm_form_field  frm_html_container form-field\">\n<p style=\"text-align: center;\"><strong>Veuillez noter que le centre \u00c9l\u00e9vation Trampoline de Laval d\u00e9m\u00e9nage d\u00e8s le 1er Avril 2026, il sera donc impossible de r\u00e9server une f\u00eate \u00e0 partir de cette date, jusqu'\u00e0 nouvel ordre.<\/strong><\/p>\n<\/div>\n<div id=\"frm_field_21_container\" class=\"frm_form_field form-field  frm_required_field frm_top_container frm6 frm_first\">\r\n    <label for=\"field_14a2u\" id=\"field_14a2u_label\" class=\"frm_primary_label\">Date de r\u00e9servation\r\n        <span class=\"frm_required\" aria-hidden=\"true\">*<\/span>\r\n    <\/label>\r\n    <input type=\"text\" id=\"field_14a2u\" name=\"item_meta[21]\" value=\"\"  data-sectionid=\"23\"  maxlength=\"10\" data-reqmsg=\"Ce champ est requis\" aria-required=\"true\" data-invmsg=\"Date non valide\" class=\"frm_date\" aria-invalid=\"false\"   aria-describedby=\"frm_desc_field_14a2u\"\/>\r\n    <div class=\"frm_description\" id=\"frm_desc_field_14a2u\">Nous vous confirmerons la disponibilit\u00e9 de ce temps dans les 15 prochaines minutes, ou nous vons offrons la date la plus pr\u00e8s que possible.<\/div>\r\n    \r\n<\/div>\n<div id=\"frm_field_22_container\" class=\"frm_form_field form-field  frm_required_field frm_top_container frm6\">\r\n    <div  id=\"field_vvr4m_label\" class=\"frm_primary_label\">Heure de r\u00e9servation\r\n        <span class=\"frm_required\" aria-hidden=\"true\">*<\/span>\r\n    <\/div>\r\n    <select aria-labelledby=\"field_vvr4m_label\" name=\"item_meta[22]\" id=\"field_vvr4m\"  data-sectionid=\"23\"  data-reqmsg=\"Ce champ est requis\" aria-required=\"true\" data-invmsg=\"Heure non valide\" aria-invalid=\"false\"  ><option value=\"\"  selected='selected'><\/option><option value=\"10:30\" >10:30<\/option><option value=\"11:00\" >11:00<\/option><option value=\"11:30\" >11:30<\/option><option value=\"12:00\" >12:00<\/option><option value=\"12:30\" >12:30<\/option><option value=\"13:00\" >13:00<\/option><option value=\"13:30\" >13:30<\/option><option value=\"14:00\" >14:00<\/option><option value=\"14:30\" >14:30<\/option><option value=\"15:00\" >15:00<\/option><option value=\"15:30\" >15:30<\/option><option value=\"16:00\" >16:00<\/option><option value=\"16:30\" >16:30<\/option><option value=\"17:00\" >17:00<\/option><option value=\"17:30\" >17:30<\/option><option value=\"18:00\" >18:00<\/option><option value=\"18:30\" >18:30<\/option><option value=\"19:00\" >19:00<\/option><option value=\"19:30\" >19:30<\/option><option value=\"20:00\" >20:00<\/option><option value=\"20:30\" >20:30<\/option><option value=\"21:00\" >21:00<\/option><option value=\"21:30\" >21:30<\/option><option value=\"22:00\" >22:00<\/option><option value=\"22:30\" >22:30<\/option><\/select>\r\n    <div class=\"frm_description\" id=\"frm_desc_field_vvr4m\">Nous vous confirmerons la disponibilit\u00e9 de ce temps dans les 15 prochaines minutes, ou nous vons offrons le bloc de temps le plus pr\u00e8s possible.<\/div>\r\n    \r\n<\/div>\n<div id=\"frm_field_597_container\" class=\"frm_form_field form-field  frm_required_field frm_top_container frm6\">\n\t<label for=\"field_zobkj\" id=\"field_zobkj_label\" class=\"frm_primary_label\">Heure de r\u00e9servation\n\t\t<span class=\"frm_required\" aria-hidden=\"true\">*<\/span>\n\t<\/label>\n\t\t\t<select name=\"item_meta[597]\" id=\"field_zobkj\"  data-sectionid=\"23\"  data-placeholder=\"Veuillez choisir une heure\"  placeholder=\"Veuillez choisir une heure\" data-reqmsg=\"Ce champ est requis\" aria-required=\"true\" data-invmsg=\"Heure de r\u00e9servation is invalid\" aria-invalid=\"false\"  >\n\t\t<option  class=\"frm-select-placeholder\" value=\"\" data-placeholder=\"true\">Veuillez choisir une heure<\/option><option  value=\"10h30\">10h30<\/option><option  value=\"11h00\">11h00<\/option><option  value=\"13h30\">13h30<\/option><option  value=\"14h00\">14h00<\/option><option  value=\"16h30\">16h30<\/option><option  value=\"17h00\">17h00<\/option><option  value=\"19h00\">19h00<\/option><option  value=\"20h00\">20h00<\/option>\t<\/select>\n\t\n\t<div class=\"frm_description\" id=\"frm_desc_field_zobkj\">Nous vous confirmerons la disponibilit\u00e9 de ce temps dans les 15 prochaines minutes, ou nous vons offrons le bloc de temps le plus pr\u00e8s possible.<\/div>\n\t\n<\/div>\n<div id=\"frm_field_601_container\" class=\"frm_form_field form-field  frm_required_field frm_top_container vertical_radio\">\n\t<div  id=\"field_x75pr_label\" class=\"frm_primary_label\">D\u00e9p\u00f4t dans les 72 heures suivant la r\u00e9servation\n\t\t<span class=\"frm_required\" aria-hidden=\"true\">*<\/span>\n\t<\/div>\n\t<div class=\"frm_opt_container\" aria-labelledby=\"field_x75pr_label\" role=\"group\">\t\t<div class=\"frm_checkbox\" id=\"frm_checkbox_601-23-0\">\t\t\t<label  for=\"field_x75pr-0\">\n\t\t\t<input type=\"checkbox\" name=\"item_meta[601][]\" id=\"field_x75pr-0\" value=\"Je reconnais que si un d\u00e9p\u00f4t n&#039;est pas effectu\u00e9 dans les 72 heures suivant la confirmation officielle d&#039;Elevation Trampoline, que ma r\u00e9servation pourrait \u00eatre annul\u00e9e.\"  data-sectionid=\"23\"  data-reqmsg=\"D\u00e9p\u00f4t dans les 72 heures suivant la r\u00e9servation cannot be blank.\" data-invmsg=\"D\u00e9p\u00f4t dans les 72 heures suivant la r\u00e9servation is invalid\"   aria-required=\"true\"  \/> Je reconnais que si un d\u00e9p\u00f4t n'est pas effectu\u00e9 dans les 72 heures suivant la confirmation officielle d'Elevation Trampoline, que ma r\u00e9servation pourrait \u00eatre annul\u00e9e.<\/label><\/div>\n<\/div>\n\t\n\t\n<\/div>\n<\/div>\n<input type=\"hidden\" name=\"frm_page_order_3\" id=\"frm_page_order_3\" value=\"16\" \/>\t\t<input  type=\"hidden\" name=\"item_meta[259]\" id=\"field_2e916a\" value=\"\"     \/>\n\t\t\t\t<input  type=\"hidden\" name=\"item_meta[128]\" id=\"field_nllm0-0\" value=\"\"  data-sectionid=\"259\"     \/>\n\t\t\t\t<input  type=\"hidden\" name=\"item_meta[385]\" id=\"field_6vriq-0\" value=\"\"  data-sectionid=\"259\"     \/>\n\t\t\t\t<input  type=\"hidden\" name=\"item_meta[386]\" id=\"field_lup57-0\" value=\"\"  data-sectionid=\"259\"     \/>\n\t\t\t\t<input  type=\"hidden\" name=\"item_meta[387]\" id=\"field_x6319-0\" value=\"\"  data-sectionid=\"259\"     \/>\n\t\t\t\t<input  type=\"hidden\" name=\"item_meta[388]\" id=\"field_ufi03-0\" value=\"\"  data-sectionid=\"259\"     \/>\n\t\t\t\t<input  type=\"hidden\" name=\"item_meta[389]\" id=\"field_5261i-0\" value=\"\"  data-sectionid=\"259\"     \/>\n\t\t\t\t<input  type=\"hidden\" name=\"item_meta[390]\" id=\"field_l9hj1-0\" value=\"\"  data-sectionid=\"259\"     \/>\n\t\t\t\t<input  type=\"hidden\" name=\"item_meta[253]\" id=\"field_3nu9l-0\" value=\"\"  data-sectionid=\"259\"     \/>\n\t\t\t\t<input  type=\"hidden\" name=\"item_meta[254]\" id=\"field_ehcny-0\" value=\"\"  data-sectionid=\"259\"     \/>\n\t\t\t\t<input  type=\"hidden\" name=\"item_meta[255]\" id=\"field_dpntf-0\" value=\"\"  data-sectionid=\"259\"     \/>\n\t\t\t\t<input  type=\"hidden\" name=\"item_meta[256]\" id=\"field_6wge5-0\" value=\"\"  data-sectionid=\"259\"     \/>\n\t\t\t\t<input  type=\"hidden\" name=\"item_meta[257]\" id=\"field_a0faw-0\" value=\"\"  data-sectionid=\"259\"     \/>\n\t\t\t\t<input  type=\"hidden\" name=\"item_meta[258]\" id=\"field_sgvd7-0\" value=\"\"  data-sectionid=\"259\"     \/>\n\t\t\t\t<input  type=\"hidden\" name=\"item_meta[260]\" id=\"field_y2drx\" value=\"\"     \/>\n\t\t\t\t<input  type=\"hidden\" name=\"item_meta[66]\" id=\"field_e4uoc\" value=\"\"     \/>\n\t\t\t\t<input  type=\"hidden\" name=\"item_meta[25]\" id=\"field_eblzl\" value=\"\"     \/>\n\t\t\t\t<input  type=\"hidden\" name=\"item_meta[17]\" id=\"field_u47ks\" value=\"\"  data-sectionid=\"25\"  data-placeholder=\"Choisissez votre appellation\"     \/>\n\t\t\t\t<input  type=\"hidden\" name=\"item_meta[15]\" id=\"field_6pm63\" value=\"\"  data-sectionid=\"25\"     \/>\n\t\t\t\t<input  type=\"hidden\" name=\"item_meta[16]\" id=\"field_vzrx6\" value=\"\"  data-sectionid=\"25\"     \/>\n\t\t\t\t<input  type=\"hidden\" name=\"item_meta[18]\" id=\"field_pwcfx\" value=\"\"  data-sectionid=\"25\"  autocomplete=\"email\"     \/>\n\t\t\t\t<input  type=\"hidden\" name=\"item_meta[19]\" id=\"field_o9psu\" value=\"\"  data-sectionid=\"25\"     \/>\n\t\t\t\t<input  type=\"hidden\" name=\"item_meta[26]\" id=\"field_7eho3\" value=\"\"     \/>\n\t\t\t\t<input  type=\"hidden\" name=\"item_meta[252]\" id=\"field_hsyep\" value=\"\"     \/>\n\t\t\t\t<input  type=\"hidden\" name=\"item_meta[33]\" id=\"field_lyfmx\" value=\"\"     \/>\n\t\t\t\t<input  type=\"hidden\" name=\"item_meta[382]\" id=\"field_ilipv\" value=\"\"  data-sectionid=\"33\"     \/>\n\t\t\t\t<input  type=\"hidden\" name=\"item_meta[383]\" id=\"field_p9ogz\" value=\"\"  data-sectionid=\"33\"     \/>\n\t\t\t\t<input  type=\"hidden\" name=\"item_meta[32]\" id=\"field_jpnjy\" value=\"\"  data-sectionid=\"33\"     \/>\n\t\t\t\t<input  type=\"hidden\" name=\"item_meta[31]\" id=\"field_u46z8\" value=\"\"  data-sectionid=\"33\"     \/>\n\t\t\t\t<input  type=\"hidden\" name=\"item_meta[34]\" id=\"field_wlas0\" value=\"\"     \/>\n\t\t\t\t<input  type=\"hidden\" name=\"item_meta[63]\" id=\"field_qxlfk\" value=\"\"     \/>\n\t\t\t\t<input  type=\"hidden\" name=\"item_meta[70]\" id=\"field_bml8\" value=\"\"     \/>\n\t\t\t\t<input  type=\"hidden\" name=\"item_meta[42]\" id=\"field_zxq6x-0\" value=\"\"  data-sectionid=\"70\"     \/>\n\t\t\t\t<input  type=\"hidden\" name=\"item_meta[44]\" id=\"field_wu6bo\" value=\"\"  data-sectionid=\"70\"     \/>\n\t\t\t\t<input  type=\"hidden\" name=\"item_meta[71]\" id=\"field_qkj0z\" value=\"\"     \/>\n\t\t\t\t<input  type=\"hidden\" name=\"item_meta[69]\" id=\"field_5olji\" value=\"\"     \/>\n\t\t\t\t<input  type=\"hidden\" name=\"item_meta[614]\" id=\"field_kgr2m\" value=\"\"     \/>\n\t\t\t\t<input  type=\"hidden\" name=\"item_meta[619]\" id=\"field_dy1l7-0\" value=\"\"  data-sectionid=\"614\"     \/>\n\t\t\t\t<input  type=\"hidden\" name=\"item_meta[615]\" id=\"field_xrvc7\" value=\"\"     \/>\n\t\t\t\t<input  type=\"hidden\" name=\"item_meta[613]\" id=\"field_ycecd\" value=\"\"     \/>\n\t\t\t\t<input  type=\"hidden\" name=\"item_meta[64]\" id=\"field_zc5j4\" value=\"\"     \/>\n\t\t\t\t<input  type=\"hidden\" name=\"item_meta[650]\" id=\"field_a1faa\" value=\"\"     \/>\n\t\t\t\t<input  type=\"hidden\" name=\"item_meta[651]\" id=\"field_y2l0c\" value=\"\"     \/>\n\t\t\t\t<input  type=\"hidden\" name=\"item_meta[392]\" id=\"field_kby27\" value=\"\"  data-sectionid=\"650\"     \/>\n\t\t\t\t<input  type=\"hidden\" name=\"item_meta[68]\" id=\"field_lecnj\" value=\"\"  data-sectionid=\"650\"     \/>\n\t\t\t<input type=\"hidden\" name=\"item_key\" value=\"\" \/>\n\t\t\t<div id=\"frm_field_674_container\">\n\t\t\t<label for=\"field_5vtu5\" >\n\t\t\t\tSi vous \u00eates un humain, ne remplissez pas ce champ.\t\t\t<\/label>\n\t\t\t<input  id=\"field_5vtu5\" type=\"text\" class=\"frm_form_field form-field frm_verify\" name=\"item_meta[674]\" value=\"\"  \/>\n\t\t<\/div>\n\t\t<input name=\"frm_state\" type=\"hidden\" value=\"Ammj\/wBp7UcwFu1t1I5rQt23Rl84G\/ijl+gBO2uWzizXPVZNPcwVWH72eRd3Q62W\" \/><div class=\"frm_submit\">\r\n\r\n<button class=\"frm_button_submit\" type=\"submit\"  >Suivant<\/button>\r\n\r\n\r\n<\/div><\/div>\n<\/fieldset>\n<\/div>\n\n<\/form>\n<\/div>\n<script>\nvar frmSigs=[{\"bgColour\":\"rgba(0,0,0,0)\",\"id\":\"44\",\"width\":\"400\",\"height\":\"150\",\"line_top\":105.5,\"line_margin\":20,\"line_color\":\"rgba(122,122,122,1)\",\"line_width\":1,\"default_tab\":\"drawIt\",\"bg_color\":\"#ffffff\",\"text_color\":\"rgba(122,122,122,1)\",\"border_color\":\"rgba(122,122,122,1)\"}];\nif(typeof __FRMSIG === 'undefined'){__FRMSIG=frmSigs;}else{__FRMSIG=jQuery.extend(__FRMSIG,frmSigs);}\n<\/script>\n\t\t\t\t<\/div>\n\t\t\t\t<\/div>\n\t\t\t\t\t<\/div>\n\t\t<\/div>\n\t\t\t\t\t<\/div>\n\t\t<\/section>\n\t\t\t\t<\/div>\n\t\t","protected":false},"excerpt":{"rendered":"<p>R\u00e9servation pour une salle prestige F\u00eate FR Informations de contact Votre titre * Choisissez votre appellationM.MmeMlleMxMeDrPrIng Votre pr\u00e9nom * Nom de famille * Adresse courriel * T\u00e9l\u00e9phone Si vous \u00eates un humain, ne remplissez pas ce champ. Suivant<\/p>\n","protected":false},"author":1,"featured_media":0,"parent":40,"menu_order":0,"comment_status":"closed","ping_status":"closed","template":"","meta":{"footnotes":""},"class_list":["post-46","page","type-page","status-publish","hentry"],"lang":"fr","translations":{"fr":46,"en":1094},"pll_sync_post":[],"_links":{"self":[{"href":"https:\/\/elevationtrampoline.com\/laval\/wp-json\/wp\/v2\/pages\/46","targetHints":{"allow":["GET"]}}],"collection":[{"href":"https:\/\/elevationtrampoline.com\/laval\/wp-json\/wp\/v2\/pages"}],"about":[{"href":"https:\/\/elevationtrampoline.com\/laval\/wp-json\/wp\/v2\/types\/page"}],"author":[{"embeddable":true,"href":"https:\/\/elevationtrampoline.com\/laval\/wp-json\/wp\/v2\/users\/1"}],"replies":[{"embeddable":true,"href":"https:\/\/elevationtrampoline.com\/laval\/wp-json\/wp\/v2\/comments?post=46"}],"version-history":[{"count":0,"href":"https:\/\/elevationtrampoline.com\/laval\/wp-json\/wp\/v2\/pages\/46\/revisions"}],"up":[{"embeddable":true,"href":"https:\/\/elevationtrampoline.com\/laval\/wp-json\/wp\/v2\/pages\/40"}],"wp:attachment":[{"href":"https:\/\/elevationtrampoline.com\/laval\/wp-json\/wp\/v2\/media?parent=46"}],"curies":[{"name":"wp","href":"https:\/\/api.w.org\/{rel}","templated":true}]}}