{"id":3511,"date":"2025-09-17T16:07:19","date_gmt":"2025-09-17T20:07:19","guid":{"rendered":"https:\/\/elevationtrampoline.com\/laval\/?page_id=3511"},"modified":"2025-09-17T16:07:45","modified_gmt":"2025-09-17T20:07:45","slug":"demande-demploi","status":"publish","type":"page","link":"https:\/\/elevationtrampoline.com\/laval\/nous-joindre\/demande-demploi\/","title":{"rendered":"Demande d&#8217;emploi"},"content":{"rendered":"\t\t<div data-elementor-type=\"wp-page\" data-elementor-id=\"3511\" class=\"elementor elementor-3511\" data-elementor-post-type=\"page\">\n\t\t\t\t\t\t<section class=\"elementor-section elementor-top-section elementor-element elementor-element-01e8afa elementor-section-height-min-height elementor-section-boxed elementor-section-height-default elementor-section-items-middle\" data-id=\"01e8afa\" data-element_type=\"section\" data-e-type=\"section\" data-settings=\"{&quot;jet_parallax_layout_list&quot;:[]}\">\n\t\t\t\t\t\t<div class=\"elementor-container elementor-column-gap-wide\">\n\t\t\t\t\t<div class=\"elementor-column elementor-col-100 elementor-top-column elementor-element elementor-element-2e77254\" data-id=\"2e77254\" data-element_type=\"column\" data-e-type=\"column\">\n\t\t\t<div class=\"elementor-widget-wrap elementor-element-populated\">\n\t\t\t\t\t\t<div class=\"elementor-element elementor-element-7db890a elementor-widget__width-initial elementor-widget elementor-widget-heading\" data-id=\"7db890a\" data-element_type=\"widget\" data-e-type=\"widget\" data-widget_type=\"heading.default\">\n\t\t\t\t<div class=\"elementor-widget-container\">\n\t\t\t\t\t<h2 class=\"elementor-heading-title elementor-size-default\"><span style=\"color:#F38120\">applique pour un emploi avec<\/span> \u00c9l\u00e9vation trampoline!<\/h2>\t\t\t\t<\/div>\n\t\t\t\t<\/div>\n\t\t\t\t<div class=\"elementor-element elementor-element-d936471 elementor-widget elementor-widget-formidable\" data-id=\"d936471\" data-element_type=\"widget\" data-e-type=\"widget\" data-widget_type=\"formidable.default\">\n\t\t\t\t<div class=\"elementor-widget-container\">\n\t\t\t\t\t<div class=\"frm_forms  with_frm_style frm_style_formidable-style-2\" id=\"frm_form_8_container\" data-token=\"ee3451bc9f50ae44e45642109e055eeb\">\n<form enctype=\"multipart\/form-data\" method=\"post\" class=\"frm-show-form  frm_ajax_submit  frm_pro_form \" id=\"form_demandedemploifr\" data-token=\"ee3451bc9f50ae44e45642109e055eeb\">\n<div class=\"frm_form_fields \">\n<fieldset>\n<legend class=\"frm_screen_reader\">Demande d'emploi FR<\/legend>\r\n\r\n<div class=\"frm_fields_container\">\n<input type=\"hidden\" name=\"frm_action\" value=\"create\" \/>\n<input type=\"hidden\" name=\"form_id\" value=\"8\" \/>\n<input type=\"hidden\" name=\"frm_hide_fields_8\" id=\"frm_hide_fields_8\" value=\"\" \/>\n<input type=\"hidden\" name=\"form_key\" value=\"demandedemploifr\" \/>\n<input type=\"hidden\" name=\"item_meta[0]\" value=\"\" \/>\n<input type=\"hidden\" id=\"frm_submit_entry_8\" name=\"frm_submit_entry_8\" value=\"e7ba967c5b\" \/><input type=\"hidden\" name=\"_wp_http_referer\" value=\"\/laval\/wp-json\/wp\/v2\/pages\/3511\" \/><div id=\"frm_field_107_container\" class=\"frm_form_field frm_section_heading form-field \">\r\n<h3 class=\"frm_pos_top frm_section_spacing\">Informations de base<\/h3>\r\n\r\n\r\n<div id=\"frm_field_104_container\" class=\"frm_form_field form-field  frm_required_field frm_top_container frm4 frm_first\">\r\n    <label for=\"field_hpqpu\" id=\"field_hpqpu_label\" class=\"frm_primary_label\">Votre titre\r\n        <span class=\"frm_required\" aria-hidden=\"true\">*<\/span>\r\n    <\/label>\r\n    \t\t<select name=\"item_meta[104]\" id=\"field_hpqpu\"  data-sectionid=\"107\"  data-placeholder=\"Choisissez votre appellation\"  placeholder=\"Choisissez votre appellation\" data-reqmsg=\"Ce champ est requis\" aria-required=\"true\" data-invmsg=\"Votre titre est non valide\" aria-invalid=\"false\"  >\n\t\t<option  class=\"frm-select-placeholder\" value=\"\" data-placeholder=\"true\">Choisissez votre appellation<\/option><option  value=\"M.\">M.<\/option><option  value=\"Mme\">Mme<\/option><option  value=\"Mlle\">Mlle<\/option><option  value=\"Mx\">Mx<\/option>\t<\/select>\n\t\r\n    \r\n    \r\n<\/div>\n<div id=\"frm_field_102_container\" class=\"frm_form_field form-field  frm_required_field frm_top_container frm4\">\r\n    <label for=\"field_nkx9p\" id=\"field_nkx9p_label\" class=\"frm_primary_label\">Votre pr\u00e9nom\r\n        <span class=\"frm_required\" aria-hidden=\"true\">*<\/span>\r\n    <\/label>\r\n    <input  type=\"text\" id=\"field_nkx9p\" name=\"item_meta[102]\" value=\"\"  data-sectionid=\"107\"  data-reqmsg=\"Ce champ est requis\" aria-required=\"true\" data-invmsg=\"texte est non valide\" aria-invalid=\"false\"   \/>\r\n    \r\n    \r\n<\/div>\n<div id=\"frm_field_103_container\" class=\"frm_form_field form-field  frm_required_field frm_top_container frm4\">\r\n    <label for=\"field_h12r9\" id=\"field_h12r9_label\" class=\"frm_primary_label\">Nom de famille\r\n        <span class=\"frm_required\" aria-hidden=\"true\">*<\/span>\r\n    <\/label>\r\n    <input  type=\"text\" id=\"field_h12r9\" name=\"item_meta[103]\" value=\"\"  data-sectionid=\"107\"  data-reqmsg=\"Ce champ est requis\" aria-required=\"true\" data-invmsg=\"texte est non valide\" aria-invalid=\"false\"   \/>\r\n    \r\n    \r\n<\/div>\n<div id=\"frm_field_105_container\" class=\"frm_form_field form-field  frm_required_field frm_top_container frm6 frm_first\">\r\n    <label for=\"field_3okm1\" id=\"field_3okm1_label\" class=\"frm_primary_label\">Email\r\n        <span class=\"frm_required\" aria-hidden=\"true\">*<\/span>\r\n    <\/label>\r\n    <input type=\"email\" id=\"field_3okm1\" name=\"item_meta[105]\" value=\"\"  data-sectionid=\"107\"  autocomplete=\"email\"  data-reqmsg=\"Ce champ est requis\" aria-required=\"true\" data-invmsg=\"Email non valide\" aria-invalid=\"false\"  \/>\r\n    \r\n    \r\n<\/div>\n<div id=\"frm_field_106_container\" class=\"frm_form_field form-field  frm_required_field frm_top_container frm6\">\r\n    <label for=\"field_7phnh\" id=\"field_7phnh_label\" class=\"frm_primary_label\">T\u00e9l\u00e9phone\r\n        <span class=\"frm_required\" aria-hidden=\"true\">*<\/span>\r\n    <\/label>\r\n    <input type=\"tel\" id=\"field_7phnh\" name=\"item_meta[106]\" value=\"\"  data-sectionid=\"107\"  data-frmmask=\"(000) 000-0000\" data-reqmsg=\"Ce champ est requis\" aria-required=\"true\" data-invmsg=\"T\u00e9l\u00e9phone non valide\" aria-invalid=\"false\" pattern=\"\\(\\d\\d\\d\\) \\d\\d\\d-\\d\\d\\d\\d$\"  \/>\r\n    \r\n    \r\n<\/div>\n<div id=\"frm_field_117_container\" class=\"frm_form_field form-field  frm_required_field frm_top_container frm6 frm_first\">\r\n    <label for=\"field_yq5bb\" id=\"field_yq5bb_label\" class=\"frm_primary_label\">Succursale d\u00e9sir\u00e9e\r\n        <span class=\"frm_required\" aria-hidden=\"true\">*<\/span>\r\n    <\/label>\r\n    \t\t<select name=\"item_meta[117]\" id=\"field_yq5bb\"  data-sectionid=\"107\"  data-placeholder=\"Le centre pour lequel vous appliquez\"  data-frmval=\"Laval\" data-frmplaceholder=\"Le centre pour lequel vous appliquez\" placeholder=\"Le centre pour lequel vous appliquez\" data-reqmsg=\"Ce champ est requis\" aria-required=\"true\" data-invmsg=\"Succursale d\u00e9sir\u00e9e est non valide\" aria-invalid=\"false\"  >\n\t\t<option  class=\"frm-select-placeholder\" value=\"\" data-placeholder=\"true\">Le centre pour lequel vous appliquez<\/option><option  value=\"Montr\u00e9al\">Montr\u00e9al<\/option><option  value=\"Laval\" selected='selected'>Laval<\/option><option  value=\"Rive-sud\">Rive-sud<\/option>\t<\/select>\n\t\r\n    \r\n    \r\n<\/div>\n<div id=\"frm_field_109_container\" class=\"frm_form_field form-field  frm_required_field frm_top_container frm6\">\r\n    <label for=\"field_qleuj\" id=\"field_qleuj_label\" class=\"frm_primary_label\">Date de naissance\r\n        <span class=\"frm_required\" aria-hidden=\"true\">*<\/span>\r\n    <\/label>\r\n    <input type=\"text\" id=\"field_qleuj\" name=\"item_meta[109]\" value=\"\"  data-sectionid=\"107\"  maxlength=\"10\" data-reqmsg=\"Ce champ est requis\" aria-required=\"true\" data-invmsg=\"Date est non valide\" class=\"frm_date\" aria-invalid=\"false\"  \/>\r\n    \r\n    \r\n<\/div>\n<div id=\"frm_field_110_container\" class=\"frm_form_field form-field  frm_required_field frm_top_container frm12 frm_first frm_full_upload\">\r\n    <label for=\"field_tlyji\" id=\"field_tlyji_label\" class=\"frm_primary_label\">Attachez votre CV\r\n        <span class=\"frm_required\" aria-hidden=\"true\">*<\/span>\r\n    <\/label>\r\n    <input type=\"hidden\"  data-sectionid=\"107\"  data-reqmsg=\"Ce champ est requis\" data-invmsg=\"Type de fichier non valide\" class=\"auto_width\" aria-invalid=\"false\"   name=\"item_meta[110]\"  data-reqmsg=\"Ce champ est requis\"  value=\"\" data-frmfile=\"110\" \/>\n\n<div class=\"frm_dropzone frm_single_upload frm_clearfix\" id=\"file110_dropzone\" role=\"group\"  aria-describedby=\"frm_desc_field_tlyji\">\n\t<div class=\"fallback\">\n\t\t<input type=\"file\" name=\"file110\" id=\"field_tlyji\"\n\t\t\t data-sectionid=\"107\"  data-reqmsg=\"Ce champ est requis\" data-invmsg=\"Type de fichier non valide\" class=\"auto_width\" aria-invalid=\"false\"  \t\t\t\/>\n\t\t\t\t<div class=\"frm_clearfix \"><\/div>\n\t<\/div>\n\t<div class=\"dz-message needsclick\">\n\t\t\t\t<svg  viewBox=\"0 0 18 18\" class=\"frmsvg frm-svg-icon\">\n\t<path viewBox=\"0 0 18 18\" fill-rule=\"evenodd\" clip-rule=\"evenodd\" d=\"M8.2 4v8a.8.8 0 001.5 0V4l2.1 2.2A.7.7 0 1013 5L9.5 1.7a.7.7 0 00-1.1 0L5.1 5.2a.8.8 0 001 1l2.1-2zm7.6 4.3c.4 0 .7.3.7.7v6.8c0 .4-.3.7-.8.7H2.3a.8.8 0 01-.8-.8V9A.8.8 0 013 9v6h12V9c0-.4.3-.8.8-.8z\"><\/path>\n<\/svg>\t\t<span class=\"frm_upload_text\"><button type=\"button\" aria-label=\"Attachez votre CV. D\u00e9poser un fichier ici ou cliquer pour t\u00e9l\u00e9verser. Taille de fichier maximale\u00a0: 25MB\">D\u00e9poser un fichier ici ou cliquer pour t\u00e9l\u00e9verser<\/button><\/span>\n\t\t<span class=\"frm_compact_text\"><button type=\"button\" aria-label=\"Attachez votre CV. Choisir un fichier. Taille de fichier maximale\u00a0: 25MB\">Choisir un fichier<\/button><\/span>\n\t\t<div class=\"frm_small_text\">\n\t\t\t<p>Taille de fichier maximale\u00a0: 25MB<\/p>\n\t\t<\/div>\n\t<\/div>\n<\/div>\n\t\r\n    <div class=\"frm_description\" id=\"frm_desc_field_tlyji\">Types de fichiers accept\u00e9s: .pdf, .doc, .docx, .docm, .odt<\/div>\r\n    \r\n<\/div>\n<\/div>\n<div id=\"frm_field_114_container\" class=\"frm_form_field frm_section_heading form-field  frm12 frm_first\">\r\n<h3 class=\"frm_pos_top frm_section_spacing\">Parlez-nous de vous<\/h3>\r\n\r\n\r\n<div id=\"frm_field_116_container\" class=\"frm_form_field form-field  frm_required_field frm_top_container frm12 frm_first\">\r\n    <label for=\"field_wb1z6\" id=\"field_wb1z6_label\" class=\"frm_primary_label\">R\u00e9sum\u00e9\r\n        <span class=\"frm_required\" aria-hidden=\"true\">*<\/span>\r\n    <\/label>\r\n    <textarea name=\"item_meta[116]\" id=\"field_wb1z6\" rows=\"5\"  data-sectionid=\"114\"  placeholder=\"En quelques phrases, parlez-nous de vous, de pourquoi vous \u00eates le\/la candidat\u00b7e id\u00e9al\u00b7e pour travailler chez Elevation Trampoline.\" data-reqmsg=\"Ce champ est requis\" aria-required=\"true\" data-invmsg=\"Paragraphe non valide\" aria-invalid=\"false\"  ><\/textarea>\r\n    \r\n    \r\n<\/div>\n<\/div>\n<div id=\"frm_field_120_container\" class=\"frm_form_field frm_section_heading form-field \">\r\n<h3 class=\"frm_pos_top frm_section_spacing\">Vos disponibilit\u00e9s<\/h3>\r\n\r\n<input type=\"hidden\" name=\"item_meta[120][form]\" value=\"9\" class=\"frm_dnc\" \/>\n\t\t\t<div id=\"frm_section_120-0\" class=\"frm_repeat_sec frm_repeat_120 frm_first_repeat frm_grid_container\">\n<input type=\"hidden\" name=\"item_meta[120][row_ids][]\" value=\"0\" \/><input type=\"hidden\" name=\"item_meta[120][0][0]\" value=\"\" \/><div id=\"frm_field_122-120-0_container\" class=\"frm_form_field form-field  frm_required_field frm_top_container frm6 frm_first frm_field_122_container\">\r\n    <label for=\"field_erahw-0\" id=\"field_erahw-0_label\" class=\"frm_primary_label\">Jour de la semaine\r\n        <span class=\"frm_required\" aria-hidden=\"true\">*<\/span>\r\n    <\/label>\r\n    \t\t<select name=\"item_meta[120][0][122]\" id=\"field_erahw-0\"  data-sectionid=\"120\"  data-placeholder=\"Choisissez une journ\u00e9e\"  placeholder=\"Choisissez une journ\u00e9e\" data-reqmsg=\"Ce champ est requis\" aria-required=\"true\" data-invmsg=\"Jour de la semaine est non valide\" aria-invalid=\"false\"  >\n\t\t<option  class=\"frm-select-placeholder\" value=\"\" data-placeholder=\"true\">Choisissez une journ\u00e9e<\/option><option  value=\"Dimanche\">Dimanche<\/option><option  value=\"Lundi\">Lundi<\/option><option  value=\"Mardi\">Mardi<\/option><option  value=\"Mercredi\">Mercredi<\/option><option  value=\"Jeudi\">Jeudi<\/option><option  value=\"Vendredi\">Vendredi<\/option><option  value=\"Samedi\">Samedi<\/option>\t<\/select>\n\t\r\n    \r\n    \r\n<\/div>\n<div id=\"frm_field_593-120-0_container\" class=\"frm_form_field form-field  frm_required_field frm_top_container frm3 frm_field_593_container\">\n\t<label for=\"field_b1rmv-0\" id=\"field_b1rmv-0_label\" class=\"frm_primary_label\">De\n\t\t<span class=\"frm_required\" aria-hidden=\"true\">*<\/span>\n\t<\/label>\n\t\t\t<select name=\"item_meta[120][0][593]\" id=\"field_b1rmv-0\"  data-sectionid=\"120\"  data-placeholder=\"Temps de d\u00e9part\"  placeholder=\"Temps de d\u00e9part\" data-reqmsg=\"Ce champ est requis\" aria-required=\"true\" data-invmsg=\"De est non valide\" aria-invalid=\"false\"  >\n\t\t<option  class=\"frm-select-placeholder\" value=\"\" data-placeholder=\"true\">Temps de d\u00e9part<\/option><option  value=\"08h00\">08h00<\/option><option  value=\"08h30\">08h30<\/option><option  value=\"09h00\">09h00<\/option><option  value=\"09h30\">09h30<\/option><option  value=\"10h00\">10h00<\/option><option  value=\"10h30\">10h30<\/option><option  value=\"11h00\">11h00<\/option><option  value=\"11h30\">11h30<\/option><option  value=\"12h00\">12h00<\/option><option  value=\"12h30\">12h30<\/option><option  value=\"13h00\">13h00<\/option><option  value=\"13h30\">13h30<\/option><option  value=\"14h00\">14h00<\/option><option  value=\"14h30\">14h30<\/option><option  value=\"15h00\">15h00<\/option><option  value=\"15h30\">15h30<\/option><option  value=\"16h00\">16h00<\/option><option  value=\"16h30\">16h30<\/option><option  value=\"17h00\">17h00<\/option><option  value=\"17h30\">17h30<\/option><option  value=\"18h00\">18h00<\/option><option  value=\"18h30\">18h30<\/option><option  value=\"19h00\">19h00<\/option><option  value=\"19h30\">19h30<\/option><option  value=\"20h00\">20h00<\/option><option  value=\"20h30\">20h30<\/option><option  value=\"21h00\">21h00<\/option><option  value=\"21h30\">21h30<\/option><option  value=\"22h00\">22h00<\/option><option  value=\"22h30\">22h30<\/option><option  value=\"23h00\">23h00<\/option><option  value=\"23h30\">23h30<\/option><option  value=\"00h00\">00h00<\/option>\t<\/select>\n\t\n\t\n\t\n<\/div>\n<div id=\"frm_field_594-120-0_container\" class=\"frm_form_field form-field  frm_required_field frm_top_container frm3 frm_field_594_container\">\n\t<label for=\"field_glsen-0\" id=\"field_glsen-0_label\" class=\"frm_primary_label\">\u00c0\n\t\t<span class=\"frm_required\" aria-hidden=\"true\">*<\/span>\n\t<\/label>\n\t\t\t<select name=\"item_meta[120][0][594]\" id=\"field_glsen-0\"  data-sectionid=\"120\"  data-placeholder=\"Temps de fin\"  placeholder=\"Temps de fin\" data-reqmsg=\"Ce champ est requis\" aria-required=\"true\" data-invmsg=\"\u00c0 est non valide\" aria-invalid=\"false\"  >\n\t\t<option  class=\"frm-select-placeholder\" value=\"\" data-placeholder=\"true\">Temps de fin<\/option><option  value=\"08h00\">08h00<\/option><option  value=\"08h30\">08h30<\/option><option  value=\"09h00\">09h00<\/option><option  value=\"09h30\">09h30<\/option><option  value=\"10h00\">10h00<\/option><option  value=\"10h30\">10h30<\/option><option  value=\"11h00\">11h00<\/option><option  value=\"11h30\">11h30<\/option><option  value=\"12h00\">12h00<\/option><option  value=\"12h30\">12h30<\/option><option  value=\"13h00\">13h00<\/option><option  value=\"13h30\">13h30<\/option><option  value=\"14h00\">14h00<\/option><option  value=\"14h30\">14h30<\/option><option  value=\"15h00\">15h00<\/option><option  value=\"15h30\">15h30<\/option><option  value=\"16h00\">16h00<\/option><option  value=\"16h30\">16h30<\/option><option  value=\"17h00\">17h00<\/option><option  value=\"17h30\">17h30<\/option><option  value=\"18h00\">18h00<\/option><option  value=\"18h30\">18h30<\/option><option  value=\"19h00\">19h00<\/option><option  value=\"19h30\">19h30<\/option><option  value=\"20h00\">20h00<\/option><option  value=\"20h30\">20h30<\/option><option  value=\"21h00\">21h00<\/option><option  value=\"21h30\">21h30<\/option><option  value=\"22h00\">22h00<\/option><option  value=\"22h30\">22h30<\/option><option  value=\"23h00\">23h00<\/option><option  value=\"23h30\">23h30<\/option><option  value=\"00h00\">00h00<\/option>\t<\/select>\n\t\n\t\n\t\n<\/div>\n<div id=\"frm_field_125-120-0_container\" class=\"frm_form_field  frm_html_container frm_field_125_container form-field\">\n<p style=\"text-align: center;\"><strong>Veuillez noter que nous exigeons que vous soyez disponible les samedis et\/ou dimanches. \u00c0 d\u00e9faut, votre candidature sera rejet\u00e9e.<\/strong><\/p>\n<\/div>\n<div class=\"frm_form_field frm_hidden_container frm_repeat_buttons \"><a href=\"#\" class=\"frm_add_form_row frm_button\" data-parent=\"120\" aria-label=\"Ajouter\"><svg  viewBox=\"0 0 20 20\" width=\"1em\" height=\"1em\" class=\"frmsvg frm-svg-icon\">\n\t<title>plus1<\/title>\n\t<path d=\"M11 5H9v4H5v2h4v4h2v-4h4V9h-4V5zm-1-5a10 10 0 1 0 0 20 10 10 0 0 0 0-20zm0 18a8 8 0 1 1 0-16 8 8 0 0 1 0 16z\"><\/path>\n\n<\/svg> Ajouter<\/a>\n<a href=\"#\" class=\"frm_remove_form_row frm_button\" data-key=\"0\" data-parent=\"120\" aria-label=\"Supprimer\"><svg  viewBox=\"0 0 20 20\" width=\"1em\" height=\"1em\" class=\"frmsvg frm-svg-icon\">\n\t<title>minus1<\/title>\n\t<path d=\"M5 9v2h10V9H5zm5-9a10 10 0 1 0 0 20 10 10 0 0 0 0-20zm0 18a8 8 0 1 1 0-16 8 8 0 0 1 0 16z\"><\/path>\n\n<\/svg> Supprimer<\/a> <\/div><\/div>\n\r\n<\/div>\n<div id=\"frm_field_126_container\" class=\"frm_form_field form-field  frm_required_field frm_top_container formlinkstyle vertical_radio\">\r\n    <div  id=\"field_xjokf_label\" class=\"frm_primary_label\">Acceptation\r\n        <span class=\"frm_required\" aria-hidden=\"true\">*<\/span>\r\n    <\/div>\r\n    <div class=\"frm_opt_container\" aria-labelledby=\"field_xjokf_label\" role=\"group\">\t\t<div class=\"frm_checkbox\" id=\"frm_checkbox_126-0\">\t\t\t<label  for=\"field_xjokf-0\">\n\t\t\t<input type=\"checkbox\" name=\"item_meta[126][]\" id=\"field_xjokf-0\" value=\"Coch\u00e9\"  data-reqmsg=\"Ce champ est requis\" data-invmsg=\"Acceptation est non valide\"   aria-required=\"true\"  \/> En cochant, j'atteste que les information fournies sont v\u00e9ridictes et \u00e0 jour. J'accepte \u00e9galement qu'Elevation Trampoline re\u00e7oive et traite mes informations personnelles selon leur <a href=\"https:\/\/elevationtrampoline.com\/laval\/vie-privee\/\" target=\"_blank\">Politique de confidentialit\u00e9<\/a>.<\/label><\/div>\n<\/div>\r\n    \r\n    \r\n<\/div>\n<div id=\"frm_field_111_container\" class=\"frm_form_field form-field  frm_none_container fixcaptchamargin\">\r\n    <label for=\"cf-turnstile-response\" id=\"field_s8b5v_label\" class=\"frm_primary_label\">\r\n        <span class=\"frm_required\" aria-hidden=\"true\"><\/span>\r\n    <\/label>\r\n    <div  id=\"field_s8b5v\" class=\"frm-cf-turnstile\" data-sitekey=\"0x4AAAAAAAhyi7HUZdGmk8ic\" data-language=\"fr-CA\" data-size=\"normal\" data-theme=\"light\"><\/div>\r\n    \r\n    \r\n<\/div>\n<div id=\"frm_field_584_container\" class=\"frm_form_field form-field \">\n\t<div class=\"frm_submit frm_flex\">\r\n<button class=\"frm_button_submit frm_final_submit\" type=\"submit\"   formnovalidate=\"formnovalidate\">Postuler<\/button>\r\n\r\n\r\n\r\n<\/div>\n<\/div>\n\t<input type=\"hidden\" name=\"item_key\" value=\"\" \/>\n\t\t\t<div id=\"frm_field_674_container\">\n\t\t\t<label for=\"field_la0r\" >\n\t\t\t\tSi vous \u00eates un humain, ne remplissez pas ce champ.\t\t\t<\/label>\n\t\t\t<input  id=\"field_la0r\" type=\"text\" class=\"frm_form_field form-field frm_verify\" name=\"item_meta[674]\" value=\"\"  \/>\n\t\t<\/div>\n\t\t<input name=\"frm_state\" type=\"hidden\" value=\"Ammj\/wBp7UcwFu1t1I5rQpn4M5dpQYVeZFw2AlDaThdDqMZKYbrCZ5A7wMTumQAj\" \/><\/div>\n<\/fieldset>\n<\/div>\n\n<\/form>\n<\/div>\n\t\t\t\t<\/div>\n\t\t\t\t<\/div>\n\t\t\t\t\t<\/div>\n\t\t<\/div>\n\t\t\t\t\t<\/div>\n\t\t<\/section>\n\t\t\t\t<\/div>\n\t\t","protected":false},"excerpt":{"rendered":"<p>applique pour un emploi avec \u00c9l\u00e9vation trampoline! Demande d&#8217;emploi FR Informations de base Votre titre * Choisissez votre appellationM.MmeMlleMx Votre pr\u00e9nom * Nom de famille * Email * T\u00e9l\u00e9phone * Succursale d\u00e9sir\u00e9e * Le centre pour lequel vous appliquezMontr\u00e9alLavalRive-sud Date de naissance * Attachez votre CV * D\u00e9poser un fichier ici ou cliquer pour t\u00e9l\u00e9verser [&hellip;]<\/p>\n","protected":false},"author":1,"featured_media":0,"parent":23,"menu_order":0,"comment_status":"closed","ping_status":"closed","template":"","meta":{"footnotes":""},"class_list":["post-3511","page","type-page","status-publish","hentry"],"lang":"fr","translations":{"fr":3511,"en":3516},"pll_sync_post":[],"_links":{"self":[{"href":"https:\/\/elevationtrampoline.com\/laval\/wp-json\/wp\/v2\/pages\/3511","targetHints":{"allow":["GET"]}}],"collection":[{"href":"https:\/\/elevationtrampoline.com\/laval\/wp-json\/wp\/v2\/pages"}],"about":[{"href":"https:\/\/elevationtrampoline.com\/laval\/wp-json\/wp\/v2\/types\/page"}],"author":[{"embeddable":true,"href":"https:\/\/elevationtrampoline.com\/laval\/wp-json\/wp\/v2\/users\/1"}],"replies":[{"embeddable":true,"href":"https:\/\/elevationtrampoline.com\/laval\/wp-json\/wp\/v2\/comments?post=3511"}],"version-history":[{"count":4,"href":"https:\/\/elevationtrampoline.com\/laval\/wp-json\/wp\/v2\/pages\/3511\/revisions"}],"predecessor-version":[{"id":3515,"href":"https:\/\/elevationtrampoline.com\/laval\/wp-json\/wp\/v2\/pages\/3511\/revisions\/3515"}],"up":[{"embeddable":true,"href":"https:\/\/elevationtrampoline.com\/laval\/wp-json\/wp\/v2\/pages\/23"}],"wp:attachment":[{"href":"https:\/\/elevationtrampoline.com\/laval\/wp-json\/wp\/v2\/media?parent=3511"}],"curies":[{"name":"wp","href":"https:\/\/api.w.org\/{rel}","templated":true}]}}