{"id":3462,"date":"2025-09-17T15:20:37","date_gmt":"2025-09-17T19:20:37","guid":{"rendered":"https:\/\/elevationtrampoline.com\/laval\/?page_id=3462"},"modified":"2025-09-17T16:38:45","modified_gmt":"2025-09-17T20:38:45","slug":"evenements-parascolaires","status":"publish","type":"page","link":"https:\/\/elevationtrampoline.com\/laval\/evenements\/evenements-parascolaires\/","title":{"rendered":"\u00c9v\u00e9nements parascolaires"},"content":{"rendered":"\t\t<div data-elementor-type=\"wp-page\" data-elementor-id=\"3462\" class=\"elementor elementor-3462\" data-elementor-post-type=\"page\">\n\t\t\t\t\t\t<section class=\"elementor-section elementor-top-section elementor-element elementor-element-79372a8 elementor-section-height-min-height elementor-section-boxed elementor-section-height-default elementor-section-items-middle\" data-id=\"79372a8\" data-element_type=\"section\" data-e-type=\"section\" data-settings=\"{&quot;jet_parallax_layout_list&quot;:[]}\">\n\t\t\t\t\t\t<div class=\"elementor-container elementor-column-gap-wide\">\n\t\t\t\t\t<div class=\"elementor-column elementor-col-100 elementor-top-column elementor-element elementor-element-605bfc3\" data-id=\"605bfc3\" data-element_type=\"column\" data-e-type=\"column\">\n\t\t\t<div class=\"elementor-widget-wrap elementor-element-populated\">\n\t\t\t\t\t\t<div class=\"elementor-element elementor-element-a55ab97 elementor-widget elementor-widget-heading\" data-id=\"a55ab97\" data-element_type=\"widget\" data-e-type=\"widget\" data-widget_type=\"heading.default\">\n\t\t\t\t<div class=\"elementor-widget-container\">\n\t\t\t\t\t<h2 class=\"elementor-heading-title elementor-size-default\"><span style=\"color:#F38120\">Laval - R\u00e9servation pour un<\/span> \u00e9v\u00e9nement parascolaire<\/h2>\t\t\t\t<\/div>\n\t\t\t\t<\/div>\n\t\t\t\t<div class=\"elementor-element elementor-element-5d5c873 elementor-widget elementor-widget-formidable\" data-id=\"5d5c873\" data-element_type=\"widget\" data-e-type=\"widget\" data-widget_type=\"formidable.default\">\n\t\t\t\t<div class=\"elementor-widget-container\">\n\t\t\t\t\t<div class=\"frm_forms  with_frm_style frm_style_formidable-style-2\" id=\"frm_form_6_container\" data-token=\"a352470f916dd76e184bfc84678a04de\">\n<form enctype=\"multipart\/form-data\" method=\"post\" class=\"frm-show-form  frm_ajax_submit  frm_pro_form \" id=\"form_evenementparascolairefr\" data-token=\"a352470f916dd76e184bfc84678a04de\">\n<div class=\"frm_form_fields \">\n<fieldset>\n<legend class=\"frm_screen_reader\">\u00c9v\u00e9nement Parascolaire FR<\/legend>\r\n\r\n<div class=\"frm_fields_container\">\n<input type=\"hidden\" name=\"frm_action\" value=\"create\" \/>\n<input type=\"hidden\" name=\"form_id\" value=\"6\" \/>\n<input type=\"hidden\" name=\"frm_hide_fields_6\" id=\"frm_hide_fields_6\" value=\"\" \/>\n<input type=\"hidden\" name=\"form_key\" value=\"evenementparascolairefr\" \/>\n<input type=\"hidden\" name=\"item_meta[0]\" value=\"\" \/>\n<input type=\"hidden\" id=\"frm_submit_entry_6\" name=\"frm_submit_entry_6\" value=\"bf85e54979\" \/><input type=\"hidden\" name=\"_wp_http_referer\" value=\"\/laval\/wp-json\/wp\/v2\/pages\/3462\" \/><div id=\"frm_field_72_container\" class=\"frm_form_field frm_section_heading form-field \">\r\n<h3 class=\"frm_pos_top frm_section_spacing\">Informations de contact<\/h3>\r\n\r\n\r\n<div id=\"frm_field_73_container\" class=\"frm_form_field form-field  frm_required_field frm_top_container frm4 frm_first\">\r\n    <label for=\"field_88udb2\" id=\"field_88udb2_label\" class=\"frm_primary_label\">Votre titre\r\n        <span class=\"frm_required\" aria-hidden=\"true\">*<\/span>\r\n    <\/label>\r\n    \t\t<select name=\"item_meta[73]\" id=\"field_88udb2\"  data-sectionid=\"72\"  data-placeholder=\"Choisissez votre appellation\"  placeholder=\"Choisissez votre appellation\" data-reqmsg=\"Ce champ est requis\" aria-required=\"true\" data-invmsg=\"Votre titre est non valide\" aria-invalid=\"false\"  >\n\t\t<option  class=\"frm-select-placeholder\" value=\"\" data-placeholder=\"true\">Choisissez votre appellation<\/option><option  value=\"M.\">M.<\/option><option  value=\"Mme\">Mme<\/option><option  value=\"Mlle\">Mlle<\/option><option  value=\"Mx\">Mx<\/option><option  value=\"Me\">Me<\/option><option  value=\"Dr\">Dr<\/option><option  value=\"Pr\">Pr<\/option><option  value=\"Ing\">Ing<\/option>\t<\/select>\n\t\r\n    \r\n    \r\n<\/div>\n<div id=\"frm_field_74_container\" class=\"frm_form_field form-field  frm_required_field frm_top_container frm4\">\r\n    <label for=\"field_94yn72\" id=\"field_94yn72_label\" class=\"frm_primary_label\">Votre pr\u00e9nom\r\n        <span class=\"frm_required\" aria-hidden=\"true\">*<\/span>\r\n    <\/label>\r\n    <input  type=\"text\" id=\"field_94yn72\" name=\"item_meta[74]\" value=\"\"  data-sectionid=\"72\"  data-reqmsg=\"Ce champ est requis\" aria-required=\"true\" data-invmsg=\"texte est non valide\" aria-invalid=\"false\"   \/>\r\n    \r\n    \r\n<\/div>\n<div id=\"frm_field_75_container\" class=\"frm_form_field form-field  frm_required_field frm_top_container frm4\">\r\n    <label for=\"field_l3fr52\" id=\"field_l3fr52_label\" class=\"frm_primary_label\">Nom de famille\r\n        <span class=\"frm_required\" aria-hidden=\"true\">*<\/span>\r\n    <\/label>\r\n    <input  type=\"text\" id=\"field_l3fr52\" name=\"item_meta[75]\" value=\"\"  data-sectionid=\"72\"  data-reqmsg=\"Ce champ est requis\" aria-required=\"true\" data-invmsg=\"texte est non valide\" aria-invalid=\"false\"   \/>\r\n    \r\n    \r\n<\/div>\n<div id=\"frm_field_76_container\" class=\"frm_form_field form-field  frm_top_container frm4 frm_first\">\r\n    <label for=\"field_l0e8b2\" id=\"field_l0e8b2_label\" class=\"frm_primary_label\">Nom de l'\u00e9cole \/ camp de jour\r\n        <span class=\"frm_required\" aria-hidden=\"true\"><\/span>\r\n    <\/label>\r\n    <input  type=\"text\" id=\"field_l0e8b2\" name=\"item_meta[76]\" value=\"\"  data-sectionid=\"72\"  data-invmsg=\"texte est non valide\" aria-invalid=\"false\"   \/>\r\n    \r\n    \r\n<\/div>\n<div id=\"frm_field_77_container\" class=\"frm_form_field form-field  frm_required_field frm_top_container frm4\">\r\n    <label for=\"field_w8lwb2\" id=\"field_w8lwb2_label\" class=\"frm_primary_label\">Adresse courriel\r\n        <span class=\"frm_required\" aria-hidden=\"true\">*<\/span>\r\n    <\/label>\r\n    <input type=\"email\" id=\"field_w8lwb2\" name=\"item_meta[77]\" value=\"\"  data-sectionid=\"72\"  autocomplete=\"email\"  data-reqmsg=\"Ce champ est requis\" aria-required=\"true\" data-invmsg=\"Courriel non valide\" aria-invalid=\"false\"  \/>\r\n    \r\n    \r\n<\/div>\n<div id=\"frm_field_78_container\" class=\"frm_form_field form-field  frm_required_field frm_top_container frm4\">\r\n    <label for=\"field_wskri2\" id=\"field_wskri2_label\" class=\"frm_primary_label\">Num\u00e9ro de t\u00e9l\u00e9phone\r\n        <span class=\"frm_required\" aria-hidden=\"true\">*<\/span>\r\n    <\/label>\r\n    <input type=\"tel\" id=\"field_wskri2\" name=\"item_meta[78]\" value=\"\"  data-sectionid=\"72\"  data-frmmask=\"(000) 000-0000\" data-reqmsg=\"Ce champ est requis\" aria-required=\"true\" data-invmsg=\"T\u00e9l\u00e9phone non valide\" aria-invalid=\"false\" pattern=\"\\(\\d\\d\\d\\) \\d\\d\\d-\\d\\d\\d\\d$\"  \/>\r\n    \r\n    \r\n<\/div>\n<\/div>\n<div id=\"frm_field_80_container\" class=\"frm_form_field frm_section_heading form-field \">\r\n<h3 class=\"frm_pos_top frm_section_spacing\">R\u00e9servation<\/h3>\r\n\r\n\r\n<div id=\"frm_field_81_container\" class=\"frm_form_field form-field  frm_required_field frm_top_container frm12 frm_first\">\r\n    <label for=\"field_4wms\" id=\"field_4wms_label\" class=\"frm_primary_label\">Nom de l'\u00e9v\u00e9nement\r\n        <span class=\"frm_required\" aria-hidden=\"true\">*<\/span>\r\n    <\/label>\r\n    <input  type=\"text\" id=\"field_4wms\" name=\"item_meta[81]\" value=\"\"  data-sectionid=\"80\"  data-reqmsg=\"Ce champ est requis\" aria-required=\"true\" data-invmsg=\"texte est non valide\" aria-invalid=\"false\"   \/>\r\n    \r\n    \r\n<\/div>\n<div id=\"frm_field_666_container\" class=\"frm_form_field  frm_html_container form-field\">\n<p style=\"text-align: center;\"><strong>Veuillez noter que le centre \u00c9l\u00e9vation Trampoline de Laval d\u00e9m\u00e9nage d\u00e8s le 1er Avril 2026, il sera donc impossible de r\u00e9server pour un \u00e9v\u00e9nement \u00e0 partir de cette date, jusqu'\u00e0 nouvel ordre.<\/strong><\/p>\n<\/div>\n<div id=\"frm_field_82_container\" class=\"frm_form_field form-field  frm_required_field frm_top_container frm6 frm_first\">\r\n    <label for=\"field_lostg2\" id=\"field_lostg2_label\" class=\"frm_primary_label\">Date de l'\u00e9v\u00e9nement\r\n        <span class=\"frm_required\" aria-hidden=\"true\">*<\/span>\r\n    <\/label>\r\n    <input type=\"text\" id=\"field_lostg2\" name=\"item_meta[82]\" value=\"\"  data-sectionid=\"80\"  maxlength=\"10\" data-reqmsg=\"Ce champ est requis\" aria-required=\"true\" data-invmsg=\"Date non valide\" class=\"frm_date\" aria-invalid=\"false\"  \/>\r\n    \r\n    \r\n<\/div>\n<div id=\"frm_field_83_container\" class=\"frm_form_field form-field  frm_required_field frm_top_container frm6\">\r\n    <div  id=\"field_kaw82_label\" class=\"frm_primary_label\">Heure de l'\u00e9v\u00e9nement\r\n        <span class=\"frm_required\" aria-hidden=\"true\">*<\/span>\r\n    <\/div>\r\n    <select aria-labelledby=\"field_kaw82_label\" name=\"item_meta[83]\" id=\"field_kaw82\"  data-sectionid=\"80\"  data-reqmsg=\"Ce champ est requis\" aria-required=\"true\" data-invmsg=\"Heure non valide\" aria-invalid=\"false\"  ><option value=\"\"  selected='selected'><\/option><option value=\"10:30\" >10:30<\/option><option value=\"11:00\" >11:00<\/option><option value=\"11:30\" >11:30<\/option><option value=\"12:00\" >12:00<\/option><option value=\"12:30\" >12:30<\/option><option value=\"13:00\" >13:00<\/option><option value=\"13:30\" >13:30<\/option><option value=\"14:00\" >14:00<\/option><option value=\"14:30\" >14:30<\/option><option value=\"15:00\" >15:00<\/option><option value=\"15:30\" >15:30<\/option><option value=\"16:00\" >16:00<\/option><option value=\"16:30\" >16:30<\/option><option value=\"17:00\" >17:00<\/option><option value=\"17:30\" >17:30<\/option><option value=\"18:00\" >18:00<\/option><option value=\"18:30\" >18:30<\/option><option value=\"19:00\" >19:00<\/option><option value=\"19:30\" >19:30<\/option><option value=\"20:00\" >20:00<\/option><option value=\"20:30\" >20:30<\/option><option value=\"21:00\" >21:00<\/option><option value=\"21:30\" >21:30<\/option><option value=\"22:00\" >22:00<\/option><option value=\"22:30\" >22:30<\/option><option value=\"23:00\" >23:00<\/option><option value=\"23:30\" >23:30<\/option><\/select>\r\n    \r\n    \r\n<\/div>\n<div id=\"frm_field_170_container\" class=\"frm_form_field form-field  frm_required_field frm_top_container frm6 frm_first\">\r\n    <label for=\"field_d9hbp\" id=\"field_d9hbp_label\" class=\"frm_primary_label\">Nombre d'invit\u00e9s attendues\r\n        <span class=\"frm_required\" aria-hidden=\"true\">*<\/span>\r\n    <\/label>\r\n    <input type=\"number\" id=\"field_d9hbp\" name=\"item_meta[170]\" value=\"\" data-sectionid=\"80\"  data-reqmsg=\"Ce champ est requis\" aria-required=\"true\" data-invmsg=\"Nombre est non valide\" aria-invalid=\"false\"   min=\"0\" max=\"100\" step=\"1\" \/>\r\n    \r\n    \r\n<\/div>\n<div id=\"frm_field_171_container\" class=\"frm_form_field form-field  frm_required_field frm_top_container frm6\">\r\n    <label for=\"field_tmn0v\" id=\"field_tmn0v_label\" class=\"frm_primary_label\">Liste d\u00e9roulante\r\n        <span class=\"frm_required\" aria-hidden=\"true\">*<\/span>\r\n    <\/label>\r\n    \t\t<select name=\"item_meta[171]\" id=\"field_tmn0v\"  data-sectionid=\"80\"  data-placeholder=\"Veuillez choisir la dur\u00e9e de l&#039;\u00e9v\u00e9nement\"  placeholder=\"Veuillez choisir la dur\u00e9e de l&#039;\u00e9v\u00e9nement\" data-reqmsg=\"Ce champ est requis\" aria-required=\"true\" data-invmsg=\"Liste d\u00e9roulante is invalid\" aria-invalid=\"false\"  >\n\t\t<option  class=\"frm-select-placeholder\" value=\"\" data-placeholder=\"true\">Veuillez choisir la dur\u00e9e de l&#039;\u00e9v\u00e9nement<\/option><option  value=\"1 heure\">1 heure<\/option><option  value=\"2 heures\">2 heures<\/option><option  value=\"3 heures\">3 heures<\/option><option  value=\"4 heures\">4 heures<\/option><option  value=\"5 heures\">5 heures<\/option><option  value=\"plus de 5 heures\">plus de 5 heures<\/option>\t<\/select>\n\t\r\n    \r\n    \r\n<\/div>\n<div id=\"frm_field_84_container\" class=\"frm_form_field form-field  frm_required_field frm_top_container\">\r\n    <label for=\"field_zv8v\" id=\"field_zv8v_label\" class=\"frm_primary_label\">D\u00e9tails de l'\u00e9v\u00e9nement\r\n        <span class=\"frm_required\" aria-hidden=\"true\">*<\/span>\r\n    <\/label>\r\n    <textarea name=\"item_meta[84]\" id=\"field_zv8v\" rows=\"5\"  data-sectionid=\"80\"  data-reqmsg=\"Ce champ est requis\" aria-required=\"true\" data-invmsg=\"Message non valide\" aria-invalid=\"false\"  ><\/textarea>\r\n    \r\n    \r\n<\/div>\n<\/div>\n<div id=\"frm_field_644_container\" class=\"frm_form_field frm_section_heading form-field \">\n<h3 class=\"frm_pos_top frm_section_spacing\"><\/h3>\n\n\n<div id=\"frm_field_646_container\" class=\"frm_form_field  frm_html_container form-field\">\n<p><strong>Veuillez appuyer le bouton \u00ab<span style=\"text-decoration: underline;\">ENVOYER MA DEMANDE<\/span>\u00bb, puis attendre le message de confirmation d'envoi de la demande.<\/strong><\/p>\n<\/div>\n<div id=\"frm_field_590_container\" class=\"frm_form_field form-field  frm6 frm_first\">\n\t<div class=\"frm_submit frm_flex\">\r\n<button class=\"frm_button_submit frm_final_submit\" type=\"submit\"   formnovalidate=\"formnovalidate\">ENVOYER MA DEMANDE<\/button>\r\n\r\n\r\n\r\n<\/div>\n<\/div>\n<\/div>\n<div id=\"frm_field_86_container\" class=\"frm_form_field form-field  frm_none_container frm6 frm_alignright\">\r\n    <label for=\"cf-turnstile-response\" id=\"field_gjfhf2_label\" class=\"frm_primary_label\">\r\n        <span class=\"frm_required\" aria-hidden=\"true\"><\/span>\r\n    <\/label>\r\n    <div  id=\"field_gjfhf2\" class=\"frm-cf-turnstile\" data-sitekey=\"0x4AAAAAAAhyi7HUZdGmk8ic\" data-language=\"fr-CA\" data-size=\"normal\" data-theme=\"light\"><\/div>\r\n    \r\n    \r\n<\/div>\n\t<input type=\"hidden\" name=\"item_key\" value=\"\" \/>\n\t\t\t<div id=\"frm_field_674_container\">\n\t\t\t<label for=\"field_nryhi\" >\n\t\t\t\tSi vous \u00eates un humain, ne remplissez pas ce champ.\t\t\t<\/label>\n\t\t\t<input  id=\"field_nryhi\" type=\"text\" class=\"frm_form_field form-field frm_verify\" name=\"item_meta[674]\" value=\"\"  \/>\n\t\t<\/div>\n\t\t<input name=\"frm_state\" type=\"hidden\" value=\"Ammj\/wBp7UcwFu1t1I5rQpOmdlx9dfGZ15LuhRueFsFDqMZKYbrCZ5A7wMTumQAj\" \/><\/div>\n<\/fieldset>\n<\/div>\n\n<\/form>\n<\/div>\n\t\t\t\t<\/div>\n\t\t\t\t<\/div>\n\t\t\t\t\t<\/div>\n\t\t<\/div>\n\t\t\t\t\t<\/div>\n\t\t<\/section>\n\t\t\t\t<\/div>\n\t\t","protected":false},"excerpt":{"rendered":"<p>Laval &#8211; R\u00e9servation pour un \u00e9v\u00e9nement parascolaire \u00c9v\u00e9nement Parascolaire FR Informations de contact Votre titre * Choisissez votre appellationM.MmeMlleMxMeDrPrIng Votre pr\u00e9nom * Nom de famille * Nom de l&rsquo;\u00e9cole \/ camp de jour Adresse courriel * Num\u00e9ro de t\u00e9l\u00e9phone * R\u00e9servation Nom de l&rsquo;\u00e9v\u00e9nement * Date de l&rsquo;\u00e9v\u00e9nement * Heure de l&rsquo;\u00e9v\u00e9nement * 10:3011:0011:3012:0012:3013:0013:3014:0014:3015:0015:3016:0016:3017:0017:3018:0018:3019:0019:3020:0020:3021:0021:3022:0022:3023:0023:30 Nombre [&hellip;]<\/p>\n","protected":false},"author":1,"featured_media":0,"parent":856,"menu_order":0,"comment_status":"closed","ping_status":"closed","template":"","meta":{"footnotes":""},"class_list":["post-3462","page","type-page","status-publish","hentry"],"lang":"fr","translations":{"fr":3462,"en":3479},"pll_sync_post":[],"_links":{"self":[{"href":"https:\/\/elevationtrampoline.com\/laval\/wp-json\/wp\/v2\/pages\/3462","targetHints":{"allow":["GET"]}}],"collection":[{"href":"https:\/\/elevationtrampoline.com\/laval\/wp-json\/wp\/v2\/pages"}],"about":[{"href":"https:\/\/elevationtrampoline.com\/laval\/wp-json\/wp\/v2\/types\/page"}],"author":[{"embeddable":true,"href":"https:\/\/elevationtrampoline.com\/laval\/wp-json\/wp\/v2\/users\/1"}],"replies":[{"embeddable":true,"href":"https:\/\/elevationtrampoline.com\/laval\/wp-json\/wp\/v2\/comments?post=3462"}],"version-history":[{"count":10,"href":"https:\/\/elevationtrampoline.com\/laval\/wp-json\/wp\/v2\/pages\/3462\/revisions"}],"predecessor-version":[{"id":3535,"href":"https:\/\/elevationtrampoline.com\/laval\/wp-json\/wp\/v2\/pages\/3462\/revisions\/3535"}],"up":[{"embeddable":true,"href":"https:\/\/elevationtrampoline.com\/laval\/wp-json\/wp\/v2\/pages\/856"}],"wp:attachment":[{"href":"https:\/\/elevationtrampoline.com\/laval\/wp-json\/wp\/v2\/media?parent=3462"}],"curies":[{"name":"wp","href":"https:\/\/api.w.org\/{rel}","templated":true}]}}