{"id":28,"date":"2023-12-01T04:53:52","date_gmt":"2023-12-01T09:53:52","guid":{"rendered":"https:\/\/elevationtrampoline.com\/laval\/?page_id=28"},"modified":"2025-03-17T06:52:18","modified_gmt":"2025-03-17T10:52:18","slug":"sante-et-securite","status":"publish","type":"page","link":"https:\/\/elevationtrampoline.com\/laval\/sante-et-securite\/","title":{"rendered":"Sant\u00e9 et s\u00e9curit\u00e9"},"content":{"rendered":"\t\t<div data-elementor-type=\"wp-page\" data-elementor-id=\"28\" class=\"elementor elementor-28\" data-elementor-post-type=\"page\">\n\t\t\t\t\t\t<section class=\"elementor-section elementor-top-section elementor-element elementor-element-d5dcb50 elementor-section-height-min-height elementor-section-boxed elementor-section-height-default elementor-section-items-middle\" data-id=\"d5dcb50\" data-element_type=\"section\" data-e-type=\"section\" data-settings=\"{&quot;jet_parallax_layout_list&quot;:[],&quot;background_background&quot;:&quot;classic&quot;,&quot;shape_divider_top&quot;:&quot;triangle-asymmetrical&quot;,&quot;shape_divider_bottom&quot;:&quot;triangle-asymmetrical&quot;,&quot;background_motion_fx_motion_fx_scrolling&quot;:&quot;yes&quot;,&quot;background_motion_fx_translateY_effect&quot;:&quot;yes&quot;,&quot;background_motion_fx_devices&quot;:[&quot;desktop&quot;,&quot;laptop&quot;,&quot;tablet_extra&quot;,&quot;tablet&quot;,&quot;mobile_extra&quot;],&quot;background_motion_fx_translateY_speed&quot;:{&quot;unit&quot;:&quot;px&quot;,&quot;size&quot;:4,&quot;sizes&quot;:[]},&quot;background_motion_fx_translateY_affectedRange&quot;:{&quot;unit&quot;:&quot;%&quot;,&quot;size&quot;:&quot;&quot;,&quot;sizes&quot;:{&quot;start&quot;:0,&quot;end&quot;:100}}}\">\n\t\t\t\t\t\t\t<div class=\"elementor-background-overlay\"><\/div>\n\t\t\t\t\t\t<div class=\"elementor-shape elementor-shape-top\" aria-hidden=\"true\" data-negative=\"false\">\n\t\t\t<svg xmlns=\"http:\/\/www.w3.org\/2000\/svg\" viewBox=\"0 0 1000 100\" preserveAspectRatio=\"none\">\n\t<path class=\"elementor-shape-fill\" d=\"M738,99l262-93V0H0v5.6L738,99z\"\/>\n<\/svg>\t\t<\/div>\n\t\t\t\t<div class=\"elementor-shape elementor-shape-bottom\" aria-hidden=\"true\" data-negative=\"false\">\n\t\t\t<svg xmlns=\"http:\/\/www.w3.org\/2000\/svg\" viewBox=\"0 0 1000 100\" preserveAspectRatio=\"none\">\n\t<path class=\"elementor-shape-fill\" d=\"M738,99l262-93V0H0v5.6L738,99z\"\/>\n<\/svg>\t\t<\/div>\n\t\t\t\t\t<div class=\"elementor-container elementor-column-gap-wide\">\n\t\t\t\t\t<div class=\"elementor-column elementor-col-50 elementor-top-column elementor-element elementor-element-0771abe\" data-id=\"0771abe\" data-element_type=\"column\" data-e-type=\"column\">\n\t\t\t<div class=\"elementor-widget-wrap elementor-element-populated\">\n\t\t\t\t\t\t<div class=\"elementor-element elementor-element-7d99055 elementor-widget elementor-widget-heading\" data-id=\"7d99055\" data-element_type=\"widget\" data-e-type=\"widget\" data-widget_type=\"heading.default\">\n\t\t\t\t<div class=\"elementor-widget-container\">\n\t\t\t\t\t<h2 class=\"elementor-heading-title elementor-size-default\">S'amuser en toute s\u00e9curit\u00e9<\/h2>\t\t\t\t<\/div>\n\t\t\t\t<\/div>\n\t\t\t\t<div class=\"elementor-element elementor-element-e759273 elementor-widget elementor-widget-heading\" data-id=\"e759273\" data-element_type=\"widget\" data-e-type=\"widget\" data-widget_type=\"heading.default\">\n\t\t\t\t<div class=\"elementor-widget-container\">\n\t\t\t\t\t<h1 class=\"elementor-heading-title elementor-size-default\">sant\u00e9 et s\u00e9curit\u00e9<\/h1>\t\t\t\t<\/div>\n\t\t\t\t<\/div>\n\t\t\t\t\t<\/div>\n\t\t<\/div>\n\t\t\t\t<div class=\"elementor-column elementor-col-50 elementor-top-column elementor-element elementor-element-eada02e elementor-hidden-tablet elementor-hidden-mobile_extra elementor-hidden-mobile\" data-id=\"eada02e\" data-element_type=\"column\" data-e-type=\"column\">\n\t\t\t<div class=\"elementor-widget-wrap\">\n\t\t\t\t\t\t\t<\/div>\n\t\t<\/div>\n\t\t\t\t\t<\/div>\n\t\t<\/section>\n\t\t\t\t<section class=\"elementor-section elementor-top-section elementor-element elementor-element-3dda1fe elementor-section-boxed elementor-section-height-default elementor-section-height-default\" data-id=\"3dda1fe\" data-element_type=\"section\" data-e-type=\"section\" data-settings=\"{&quot;jet_parallax_layout_list&quot;:[]}\">\n\t\t\t\t\t\t<div class=\"elementor-container elementor-column-gap-wide\">\n\t\t\t\t\t<div class=\"elementor-column elementor-col-50 elementor-top-column elementor-element elementor-element-a90b796\" data-id=\"a90b796\" data-element_type=\"column\" data-e-type=\"column\">\n\t\t\t<div class=\"elementor-widget-wrap elementor-element-populated\">\n\t\t\t\t\t\t<div class=\"elementor-element elementor-element-c9f4a2b elementor-widget__width-initial elementor-widget elementor-widget-heading\" data-id=\"c9f4a2b\" data-element_type=\"widget\" data-e-type=\"widget\" data-widget_type=\"heading.default\">\n\t\t\t\t<div class=\"elementor-widget-container\">\n\t\t\t\t\t<h2 class=\"elementor-heading-title elementor-size-default\"><span style=\"color:#F38120\">Votre s\u00e9curit\u00e9 est<\/span> notre priorit\u00e9!<\/h2>\t\t\t\t<\/div>\n\t\t\t\t<\/div>\n\t\t\t\t<div class=\"elementor-element elementor-element-68bd4c1 elementor-widget__width-initial elementor-widget elementor-widget-text-editor\" data-id=\"68bd4c1\" data-element_type=\"widget\" data-e-type=\"widget\" data-widget_type=\"text-editor.default\">\n\t\t\t\t<div class=\"elementor-widget-container\">\n\t\t\t\t\t\t\t\t\t<p>Chez Elevation Trampoline la s\u00e9curit\u00e9 de tous nos sauteurs est extr\u00eamement importante pour nous. C\u2019est pourquoi il y a des r\u00e8gles de s\u00e9curit\u00e9 \u00e0 suivre pour le bien de toutes et tous.<\/p>\t\t\t\t\t\t\t\t<\/div>\n\t\t\t\t<\/div>\n\t\t\t\t\t<\/div>\n\t\t<\/div>\n\t\t\t\t<div class=\"elementor-column elementor-col-50 elementor-top-column elementor-element elementor-element-8781e5f\" data-id=\"8781e5f\" data-element_type=\"column\" data-e-type=\"column\">\n\t\t\t<div class=\"elementor-widget-wrap elementor-element-populated\">\n\t\t\t\t\t\t<div class=\"elementor-element elementor-element-8289642 spinnytextpath elementor-widget elementor-widget-text-path\" data-id=\"8289642\" data-element_type=\"widget\" data-e-type=\"widget\" data-settings=\"{&quot;text&quot;:&quot;Elevation Trampoline \\u2022 Elevation Trampoline \\u2022 Elevation Trampoline \\u2022&quot;,&quot;align_tablet&quot;:&quot;center&quot;,&quot;align&quot;:&quot;right&quot;,&quot;link&quot;:{&quot;url&quot;:&quot;&quot;,&quot;is_external&quot;:&quot;&quot;,&quot;nofollow&quot;:&quot;&quot;,&quot;custom_attributes&quot;:&quot;&quot;},&quot;start_point&quot;:{&quot;unit&quot;:&quot;%&quot;,&quot;size&quot;:0,&quot;sizes&quot;:[]}}\" data-widget_type=\"text-path.default\">\n\t\t\t\t<div class=\"elementor-widget-container\">\n\t\t\t\t\t\t\t<div class=\"e-text-path\" data-text=\"Elevation Trampoline &bull; Elevation Trampoline &bull; Elevation Trampoline &bull;\" data-url=\"\/\/elevationtrampoline.com\/laval\/wp-content\/plugins\/elementor\/assets\/svg-paths\/circle.svg\" data-link-url=\"\"><\/div>\n\t\t\t\t\t\t<\/div>\n\t\t\t\t<\/div>\n\t\t\t\t\t<\/div>\n\t\t<\/div>\n\t\t\t\t\t<\/div>\n\t\t<\/section>\n\t\t\t\t<section class=\"elementor-section elementor-top-section elementor-element elementor-element-45aa72a elementor-section-boxed elementor-section-height-default elementor-section-height-default\" data-id=\"45aa72a\" data-element_type=\"section\" data-e-type=\"section\" data-settings=\"{&quot;jet_parallax_layout_list&quot;:[]}\">\n\t\t\t\t\t\t<div class=\"elementor-container elementor-column-gap-wide\">\n\t\t\t\t\t<div class=\"elementor-column elementor-col-50 elementor-top-column elementor-element elementor-element-991f8bc\" data-id=\"991f8bc\" data-element_type=\"column\" data-e-type=\"column\">\n\t\t\t<div class=\"elementor-widget-wrap elementor-element-populated\">\n\t\t\t\t\t\t<div class=\"elementor-element elementor-element-934df09 elementor-widget__width-initial elementor-widget elementor-widget-heading\" data-id=\"934df09\" data-element_type=\"widget\" data-e-type=\"widget\" data-widget_type=\"heading.default\">\n\t\t\t\t<div class=\"elementor-widget-container\">\n\t\t\t\t\t<h2 class=\"elementor-heading-title elementor-size-default\"><span style=\"color:#F38120\">S'habiller de mani\u00e8re<\/span> appropri\u00e9e<\/h2>\t\t\t\t<\/div>\n\t\t\t\t<\/div>\n\t\t\t\t<div class=\"elementor-element elementor-element-c226ff9 elementor-widget__width-initial elementor-widget elementor-widget-text-editor\" data-id=\"c226ff9\" data-element_type=\"widget\" data-e-type=\"widget\" data-widget_type=\"text-editor.default\">\n\t\t\t\t<div class=\"elementor-widget-container\">\n\t\t\t\t\t\t\t\t\t<p><b>Avant de venir s\u2019amuser \u00e0 l\u2019un de nos centres de trampolines, voici nos conseils.<\/b><\/p><p>Optez pour des v\u00eatements d&rsquo;entra\u00eenement ou l\u00e9gers, tels que des shorts et un chandail a\u00e9r\u00e9s, afin de favoriser votre confort pendant que vous vous amusez et sautez sur nos trampolines.<\/p><p>Par ailleurs, veuillez vous munir de bas antid\u00e9rapants Elevation Trampoline, qui sont obligatoires. Apportez une ancienne paire provenant d&rsquo;un autre centre de trampolines, et nous la remplacerons gratuitement. Si vous n&rsquo;en avez pas, vous pouvez acqu\u00e9rir l&rsquo;une de nos paires pour seulement 3,50$+tx.<\/p>\t\t\t\t\t\t\t\t<\/div>\n\t\t\t\t<\/div>\n\t\t\t\t<div class=\"elementor-element elementor-element-0d737cb elementor-widget elementor-widget-button\" data-id=\"0d737cb\" data-element_type=\"widget\" data-e-type=\"widget\" data-widget_type=\"button.default\">\n\t\t\t\t<div class=\"elementor-widget-container\">\n\t\t\t\t\t\t\t\t\t<div class=\"elementor-button-wrapper\">\n\t\t\t\t\t<a class=\"elementor-button elementor-button-link elementor-size-sm\" href=\"https:\/\/elevationtrampoline.com\/laval\/billeterie\/\">\n\t\t\t\t\t\t<span class=\"elementor-button-content-wrapper\">\n\t\t\t\t\t\t\t\t\t<span class=\"elementor-button-text\">Aller \u00e0 la billeterie<\/span>\n\t\t\t\t\t<\/span>\n\t\t\t\t\t<\/a>\n\t\t\t\t<\/div>\n\t\t\t\t\t\t\t\t<\/div>\n\t\t\t\t<\/div>\n\t\t\t\t\t<\/div>\n\t\t<\/div>\n\t\t\t\t<div class=\"elementor-column elementor-col-50 elementor-top-column elementor-element elementor-element-109271b\" data-id=\"109271b\" data-element_type=\"column\" data-e-type=\"column\">\n\t\t\t<div class=\"elementor-widget-wrap elementor-element-populated\">\n\t\t\t\t\t\t<div class=\"elementor-element elementor-element-685707c ob-photomorph elementor-widget elementor-widget-image\" data-id=\"685707c\" data-element_type=\"widget\" data-e-type=\"widget\" data-settings=\"{&quot;_ob_photomorph_use&quot;:&quot;yes&quot;}\" data-widget_type=\"image.default\">\n\t\t\t\t<div class=\"elementor-widget-container\">\n\t\t\t\t\t\t\t\t\t\t\t\t\t\t\t<img fetchpriority=\"high\" decoding=\"async\" width=\"1920\" height=\"1442\" src=\"https:\/\/elevationtrampoline.com\/laval\/wp-content\/uploads\/sites\/2\/P1260576-1.jpg\" class=\"attachment-full size-full wp-image-390\" alt=\"\" srcset=\"https:\/\/elevationtrampoline.com\/laval\/wp-content\/uploads\/sites\/2\/P1260576-1.jpg 1920w, https:\/\/elevationtrampoline.com\/laval\/wp-content\/uploads\/sites\/2\/P1260576-1-300x225.jpg 300w, https:\/\/elevationtrampoline.com\/laval\/wp-content\/uploads\/sites\/2\/P1260576-1-1024x769.jpg 1024w, https:\/\/elevationtrampoline.com\/laval\/wp-content\/uploads\/sites\/2\/P1260576-1-768x577.jpg 768w, https:\/\/elevationtrampoline.com\/laval\/wp-content\/uploads\/sites\/2\/P1260576-1-1536x1154.jpg 1536w\" sizes=\"(max-width: 1920px) 100vw, 1920px\" \/>\t\t\t\t\t\t\t\t\t\t\t\t\t\t\t<\/div>\n\t\t\t\t<\/div>\n\t\t\t\t\t<\/div>\n\t\t<\/div>\n\t\t\t\t\t<\/div>\n\t\t<\/section>\n\t\t\t\t<section class=\"elementor-section elementor-top-section elementor-element elementor-element-d0be232 elementor-section-boxed elementor-section-height-default elementor-section-height-default\" data-id=\"d0be232\" data-element_type=\"section\" data-e-type=\"section\" data-settings=\"{&quot;jet_parallax_layout_list&quot;:[]}\">\n\t\t\t\t\t\t<div class=\"elementor-container elementor-column-gap-wide\">\n\t\t\t\t\t<div class=\"elementor-column elementor-col-50 elementor-top-column elementor-element elementor-element-6e2313a\" data-id=\"6e2313a\" data-element_type=\"column\" data-e-type=\"column\">\n\t\t\t<div class=\"elementor-widget-wrap elementor-element-populated\">\n\t\t\t\t\t\t<div class=\"elementor-element elementor-element-b7a17a9 ob-photomorph elementor-widget elementor-widget-image\" data-id=\"b7a17a9\" data-element_type=\"widget\" data-e-type=\"widget\" data-settings=\"{&quot;_ob_photomorph_use&quot;:&quot;yes&quot;}\" data-widget_type=\"image.default\">\n\t\t\t\t<div class=\"elementor-widget-container\">\n\t\t\t\t\t\t\t\t\t\t\t\t\t\t\t<img decoding=\"async\" width=\"1255\" height=\"750\" src=\"https:\/\/elevationtrampoline.com\/laval\/wp-content\/uploads\/sites\/2\/ninja-front-1.jpg\" class=\"attachment-full size-full wp-image-391\" alt=\"\" srcset=\"https:\/\/elevationtrampoline.com\/laval\/wp-content\/uploads\/sites\/2\/ninja-front-1.jpg 1255w, https:\/\/elevationtrampoline.com\/laval\/wp-content\/uploads\/sites\/2\/ninja-front-1-300x179.jpg 300w, https:\/\/elevationtrampoline.com\/laval\/wp-content\/uploads\/sites\/2\/ninja-front-1-1024x612.jpg 1024w, https:\/\/elevationtrampoline.com\/laval\/wp-content\/uploads\/sites\/2\/ninja-front-1-768x459.jpg 768w\" sizes=\"(max-width: 1255px) 100vw, 1255px\" \/>\t\t\t\t\t\t\t\t\t\t\t\t\t\t\t<\/div>\n\t\t\t\t<\/div>\n\t\t\t\t\t<\/div>\n\t\t<\/div>\n\t\t\t\t<div class=\"elementor-column elementor-col-50 elementor-top-column elementor-element elementor-element-9471556\" data-id=\"9471556\" data-element_type=\"column\" data-e-type=\"column\">\n\t\t\t<div class=\"elementor-widget-wrap elementor-element-populated\">\n\t\t\t\t\t\t<div class=\"elementor-element elementor-element-5a6370f elementor-widget__width-initial elementor-widget elementor-widget-heading\" data-id=\"5a6370f\" data-element_type=\"widget\" data-e-type=\"widget\" data-widget_type=\"heading.default\">\n\t\t\t\t<div class=\"elementor-widget-container\">\n\t\t\t\t\t<h2 class=\"elementor-heading-title elementor-size-default\"><span style=\"color:#F38120\">Sauter de fa\u00e7on<\/span> s\u00e9curitaire<\/h2>\t\t\t\t<\/div>\n\t\t\t\t<\/div>\n\t\t\t\t<div class=\"elementor-element elementor-element-a47506d elementor-widget__width-initial elementor-widget elementor-widget-text-editor\" data-id=\"a47506d\" data-element_type=\"widget\" data-e-type=\"widget\" data-widget_type=\"text-editor.default\">\n\t\t\t\t<div class=\"elementor-widget-container\">\n\t\t\t\t\t\t\t\t\t<p>Voici nos quelques consignes \u00e0 respecter afin d\u2019offrir un air de jeux s\u00e9curitaire \u00e0 tous les sauteurs.<\/p><p>Lorsque vous entrez dans l\u2019air de jeux, vous devez imp\u00e9rativement avoir les bas antid\u00e9rapants Elevation Trampoline aux pieds.<\/p><p>\u00c9galement, les sauts p\u00e9rilleux sont interdits (doubles flips), ainsi que les doubles rebonds.<\/p><p>Un seul sauteur est autoris\u00e9 par surface de saut. Assurez-vous aussi d\u2019atterrir sur vos pieds lors de saut.<\/p><p>Si vous devez vous reposer, vous devez sortir de l\u2019aire de jeux.<\/p><p><b>Les flips sont permis de mani\u00e8re non cons\u00e9cutive.<\/b><\/p>\t\t\t\t\t\t\t\t<\/div>\n\t\t\t\t<\/div>\n\t\t\t\t<div class=\"elementor-element elementor-element-ebe0a22 elementor-widget__width-initial elementor-widget elementor-widget-button\" data-id=\"ebe0a22\" data-element_type=\"widget\" data-e-type=\"widget\" data-widget_type=\"button.default\">\n\t\t\t\t<div class=\"elementor-widget-container\">\n\t\t\t\t\t\t\t\t\t<div class=\"elementor-button-wrapper\">\n\t\t\t\t\t<a class=\"elementor-button elementor-button-link elementor-size-sm\" href=\"https:\/\/elevationtrampoline.com\/laval\/billeterie\/\">\n\t\t\t\t\t\t<span class=\"elementor-button-content-wrapper\">\n\t\t\t\t\t\t\t\t\t<span class=\"elementor-button-text\">R\u00e9server mon billet<\/span>\n\t\t\t\t\t<\/span>\n\t\t\t\t\t<\/a>\n\t\t\t\t<\/div>\n\t\t\t\t\t\t\t\t<\/div>\n\t\t\t\t<\/div>\n\t\t\t\t\t<\/div>\n\t\t<\/div>\n\t\t\t\t\t<\/div>\n\t\t<\/section>\n\t\t\t\t<section class=\"elementor-section elementor-top-section elementor-element elementor-element-dc920c8 elementor-section-boxed elementor-section-height-default elementor-section-height-default\" data-id=\"dc920c8\" data-element_type=\"section\" data-e-type=\"section\" data-settings=\"{&quot;jet_parallax_layout_list&quot;:[]}\">\n\t\t\t\t\t\t<div class=\"elementor-container elementor-column-gap-wide\">\n\t\t\t\t\t<div class=\"elementor-column elementor-col-50 elementor-top-column elementor-element elementor-element-b1b805e\" data-id=\"b1b805e\" data-element_type=\"column\" data-e-type=\"column\">\n\t\t\t<div class=\"elementor-widget-wrap elementor-element-populated\">\n\t\t\t\t\t\t<div class=\"elementor-element elementor-element-1c630ce elementor-widget__width-initial elementor-widget elementor-widget-heading\" data-id=\"1c630ce\" data-element_type=\"widget\" data-e-type=\"widget\" data-widget_type=\"heading.default\">\n\t\t\t\t<div class=\"elementor-widget-container\">\n\t\t\t\t\t<h2 class=\"elementor-heading-title elementor-size-default\"><span style=\"color:#F38120\">Soyez<\/span> pr\u00eats\u00b7es<\/h2>\t\t\t\t<\/div>\n\t\t\t\t<\/div>\n\t\t\t\t<div class=\"elementor-element elementor-element-b3dc683 elementor-widget__width-initial elementor-widget elementor-widget-text-editor\" data-id=\"b3dc683\" data-element_type=\"widget\" data-e-type=\"widget\" data-widget_type=\"text-editor.default\">\n\t\t\t\t<div class=\"elementor-widget-container\">\n\t\t\t\t\t\t\t\t\t<p><b>Quoi faire avant de venir chez Elevation Trampoline?<\/b><\/p><p>Tout d\u2019abord, assurez-vous que nous sommes ouverts! Par la suite, assurez-vous d\u2019avoir sign\u00e9 la d\u00e9charge de non-responsabilit\u00e9 sur notre site web. Elle peut \u00e9galement \u00eatre sign\u00e9e directement sur place. Ne pas oublier vos v\u00eatements confortables et vos chaussettes antid\u00e9rapantes \u00c9l\u00e9vation Trampoline pour du plaisir garanti.<\/p>\t\t\t\t\t\t\t\t<\/div>\n\t\t\t\t<\/div>\n\t\t\t\t<div class=\"elementor-element elementor-element-722e71b elementor-widget elementor-widget-button\" data-id=\"722e71b\" data-element_type=\"widget\" data-e-type=\"widget\" data-widget_type=\"button.default\">\n\t\t\t\t<div class=\"elementor-widget-container\">\n\t\t\t\t\t\t\t\t\t<div class=\"elementor-button-wrapper\">\n\t\t\t\t\t<a class=\"elementor-button elementor-button-link elementor-size-sm\" href=\"https:\/\/elevationtrampoline.com\/laval\/foire-aux-questions\/\">\n\t\t\t\t\t\t<span class=\"elementor-button-content-wrapper\">\n\t\t\t\t\t\t\t\t\t<span class=\"elementor-button-text\">Questions fr\u00e9quentes<\/span>\n\t\t\t\t\t<\/span>\n\t\t\t\t\t<\/a>\n\t\t\t\t<\/div>\n\t\t\t\t\t\t\t\t<\/div>\n\t\t\t\t<\/div>\n\t\t\t\t\t<\/div>\n\t\t<\/div>\n\t\t\t\t<div class=\"elementor-column elementor-col-50 elementor-top-column elementor-element elementor-element-9ecadab\" data-id=\"9ecadab\" data-element_type=\"column\" data-e-type=\"column\">\n\t\t\t<div class=\"elementor-widget-wrap elementor-element-populated\">\n\t\t\t\t\t\t<div class=\"elementor-element elementor-element-5ba2f36 ob-photomorph elementor-widget elementor-widget-image\" data-id=\"5ba2f36\" data-element_type=\"widget\" data-e-type=\"widget\" data-settings=\"{&quot;_ob_photomorph_use&quot;:&quot;yes&quot;}\" data-widget_type=\"image.default\">\n\t\t\t\t<div class=\"elementor-widget-container\">\n\t\t\t\t\t\t\t\t\t\t\t\t\t\t\t<img decoding=\"async\" width=\"1238\" height=\"1857\" src=\"https:\/\/elevationtrampoline.com\/laval\/wp-content\/uploads\/sites\/2\/7141_gorini.jpg\" class=\"attachment-full size-full wp-image-199\" alt=\"\" srcset=\"https:\/\/elevationtrampoline.com\/laval\/wp-content\/uploads\/sites\/2\/7141_gorini.jpg 1238w, https:\/\/elevationtrampoline.com\/laval\/wp-content\/uploads\/sites\/2\/7141_gorini-200x300.jpg 200w, https:\/\/elevationtrampoline.com\/laval\/wp-content\/uploads\/sites\/2\/7141_gorini-683x1024.jpg 683w, https:\/\/elevationtrampoline.com\/laval\/wp-content\/uploads\/sites\/2\/7141_gorini-768x1152.jpg 768w, https:\/\/elevationtrampoline.com\/laval\/wp-content\/uploads\/sites\/2\/7141_gorini-1024x1536.jpg 1024w\" sizes=\"(max-width: 1238px) 100vw, 1238px\" \/>\t\t\t\t\t\t\t\t\t\t\t\t\t\t\t<\/div>\n\t\t\t\t<\/div>\n\t\t\t\t\t<\/div>\n\t\t<\/div>\n\t\t\t\t\t<\/div>\n\t\t<\/section>\n\t\t\t\t<\/div>\n\t\t","protected":false},"excerpt":{"rendered":"<p>S&rsquo;amuser en toute s\u00e9curit\u00e9 sant\u00e9 et s\u00e9curit\u00e9 Votre s\u00e9curit\u00e9 est notre priorit\u00e9! Chez Elevation Trampoline la s\u00e9curit\u00e9 de tous nos sauteurs est extr\u00eamement importante pour nous. C\u2019est pourquoi il y a des r\u00e8gles de s\u00e9curit\u00e9 \u00e0 suivre pour le bien de toutes et tous. S&rsquo;habiller de mani\u00e8re appropri\u00e9e Avant de venir s\u2019amuser \u00e0 l\u2019un de [&hellip;]<\/p>\n","protected":false},"author":1,"featured_media":0,"parent":0,"menu_order":0,"comment_status":"closed","ping_status":"closed","template":"","meta":{"footnotes":""},"class_list":["post-28","page","type-page","status-publish","hentry"],"lang":"fr","translations":{"fr":28,"en":1101},"pll_sync_post":[],"_links":{"self":[{"href":"https:\/\/elevationtrampoline.com\/laval\/wp-json\/wp\/v2\/pages\/28","targetHints":{"allow":["GET"]}}],"collection":[{"href":"https:\/\/elevationtrampoline.com\/laval\/wp-json\/wp\/v2\/pages"}],"about":[{"href":"https:\/\/elevationtrampoline.com\/laval\/wp-json\/wp\/v2\/types\/page"}],"author":[{"embeddable":true,"href":"https:\/\/elevationtrampoline.com\/laval\/wp-json\/wp\/v2\/users\/1"}],"replies":[{"embeddable":true,"href":"https:\/\/elevationtrampoline.com\/laval\/wp-json\/wp\/v2\/comments?post=28"}],"version-history":[{"count":3,"href":"https:\/\/elevationtrampoline.com\/laval\/wp-json\/wp\/v2\/pages\/28\/revisions"}],"predecessor-version":[{"id":3075,"href":"https:\/\/elevationtrampoline.com\/laval\/wp-json\/wp\/v2\/pages\/28\/revisions\/3075"}],"wp:attachment":[{"href":"https:\/\/elevationtrampoline.com\/laval\/wp-json\/wp\/v2\/media?parent=28"}],"curies":[{"name":"wp","href":"https:\/\/api.w.org\/{rel}","templated":true}]}}