{"id":2505,"date":"2024-08-21T21:24:06","date_gmt":"2024-08-22T01:24:06","guid":{"rendered":"https:\/\/elevationtrampoline.com\/laval\/?page_id=2505"},"modified":"2024-08-21T21:24:24","modified_gmt":"2024-08-22T01:24:24","slug":"sitemap","status":"publish","type":"page","link":"https:\/\/elevationtrampoline.com\/laval\/en\/sitemap\/","title":{"rendered":"Sitemap"},"content":{"rendered":"\t\t<div data-elementor-type=\"wp-page\" data-elementor-id=\"2505\" class=\"elementor elementor-2505\" data-elementor-post-type=\"page\">\n\t\t\t\t\t\t<section class=\"elementor-section elementor-top-section elementor-element elementor-element-7580d4a elementor-section-boxed elementor-section-height-default elementor-section-height-default\" data-id=\"7580d4a\" data-element_type=\"section\" data-e-type=\"section\" data-settings=\"{&quot;jet_parallax_layout_list&quot;:[]}\">\n\t\t\t\t\t\t<div class=\"elementor-container elementor-column-gap-wide\">\n\t\t\t\t\t<div class=\"elementor-column elementor-col-100 elementor-top-column elementor-element elementor-element-bd98cbd\" data-id=\"bd98cbd\" data-element_type=\"column\" data-e-type=\"column\">\n\t\t\t<div class=\"elementor-widget-wrap elementor-element-populated\">\n\t\t\t\t\t\t<div class=\"elementor-element elementor-element-4f288f0 elementor-widget elementor-widget-shortcode\" data-id=\"4f288f0\" data-element_type=\"widget\" data-e-type=\"widget\" data-widget_type=\"shortcode.default\">\n\t\t\t\t<div class=\"elementor-widget-container\">\n\t\t\t\t\t\t\t<div class=\"elementor-shortcode\"><div id=\"simple-sitemap-container-69da8bf33ac17\" class=\"simple-sitemap-container simple-sitemap-container-69da8bf33ac17 tab-disabled\"><div class=\"simple-sitemap-wrap\"><h3 class=\"post-type\">Pages<\/h3><ul class=\"simple-sitemap-page main\"><li class=\"sitemap-item page_item page-item-48\"><a href=\"https:\/\/elevationtrampoline.com\/laval\/a-propos\/\">\u00c0 propos<\/a><\/li>\n<li class=\"sitemap-item page_item page-item-1078\"><a href=\"https:\/\/elevationtrampoline.com\/laval\/en\/about-us\/\">About Us<\/a><\/li>\n<li class=\"sitemap-item page_item page-item-19\"><a href=\"https:\/\/elevationtrampoline.com\/laval\/\">Accueil<\/a><\/li>\n<li class=\"sitemap-item page_item page-item-603\"><a href=\"https:\/\/elevationtrampoline.com\/laval\/activites\/\">Activit\u00e9s<\/a><\/li>\n<li class=\"sitemap-item page_item page-item-1080\"><a href=\"https:\/\/elevationtrampoline.com\/laval\/en\/activities\/\">Activities<\/a><\/li>\n<li class=\"sitemap-item page_item page-item-32\"><a href=\"https:\/\/elevationtrampoline.com\/laval\/billeterie\/\">Billeterie<\/a><\/li>\n<li class=\"sitemap-item page_item page-item-1099\"><a href=\"https:\/\/elevationtrampoline.com\/laval\/en\/bistro-menu\/\">Bistro Menu<\/a><\/li>\n<li class=\"sitemap-item page_item page-item-1100 page_item_has_children\"><a href=\"https:\/\/elevationtrampoline.com\/laval\/en\/contact-us\/\">Contact Us<\/a>\n<ul class='children'>\n\t<li class=\"sitemap-item page_item page-item-3516\"><a href=\"https:\/\/elevationtrampoline.com\/laval\/en\/contact-us\/job-application\/\">Job Application<\/a><\/li>\n<\/ul>\n<\/li>\n<li class=\"sitemap-item page_item page-item-856 page_item_has_children\"><a href=\"https:\/\/elevationtrampoline.com\/laval\/evenements\/\">\u00c9v\u00e9nements<\/a>\n<ul class='children'>\n\t<li class=\"sitemap-item page_item page-item-3464\"><a href=\"https:\/\/elevationtrampoline.com\/laval\/evenements\/evenements-caritatifs\/\">\u00c9v\u00e9nements caritatifs<\/a><\/li>\n\t<li class=\"sitemap-item page_item page-item-3466\"><a href=\"https:\/\/elevationtrampoline.com\/laval\/evenements\/evenements-corporatifs\/\">\u00c9v\u00e9nements corporatifs<\/a><\/li>\n\t<li class=\"sitemap-item page_item page-item-3462\"><a href=\"https:\/\/elevationtrampoline.com\/laval\/evenements\/evenements-parascolaires\/\">\u00c9v\u00e9nements parascolaires<\/a><\/li>\n<\/ul>\n<\/li>\n<li class=\"sitemap-item page_item page-item-1091 page_item_has_children\"><a href=\"https:\/\/elevationtrampoline.com\/laval\/en\/events\/\">Events<\/a>\n<ul class='children'>\n\t<li class=\"sitemap-item page_item page-item-3479\"><a href=\"https:\/\/elevationtrampoline.com\/laval\/en\/events\/after-school-events\/\">After-school Events<\/a><\/li>\n\t<li class=\"sitemap-item page_item page-item-3478\"><a href=\"https:\/\/elevationtrampoline.com\/laval\/en\/events\/corporate-events\/\">Corporate Events<\/a><\/li>\n\t<li class=\"sitemap-item page_item page-item-3477\"><a href=\"https:\/\/elevationtrampoline.com\/laval\/en\/events\/fundraising-events\/\">Fundraising Events<\/a><\/li>\n<\/ul>\n<\/li>\n<li class=\"sitemap-item page_item page-item-40 page_item_has_children\"><a href=\"https:\/\/elevationtrampoline.com\/laval\/fetes\/\">F\u00eates<\/a>\n<ul class='children'>\n\t<li class=\"sitemap-item page_item page-item-1065\"><a href=\"https:\/\/elevationtrampoline.com\/laval\/fetes\/salle-dans-le-noir\/\">Salle dans le noir<\/a><\/li>\n\t<li class=\"sitemap-item page_item page-item-46\"><a href=\"https:\/\/elevationtrampoline.com\/laval\/fetes\/salle-prestige\/\">Salle prestige<\/a><\/li>\n\t<li class=\"sitemap-item page_item page-item-1066\"><a href=\"https:\/\/elevationtrampoline.com\/laval\/fetes\/table-dans-le-noir\/\">Table dans le noir<\/a><\/li>\n\t<li class=\"sitemap-item page_item page-item-42\"><a href=\"https:\/\/elevationtrampoline.com\/laval\/fetes\/table-de-fete\/\">Table de f\u00eate<\/a><\/li>\n<\/ul>\n<\/li>\n<li class=\"sitemap-item page_item page-item-30\"><a href=\"https:\/\/elevationtrampoline.com\/laval\/foire-aux-questions\/\">Foire aux questions<\/a><\/li>\n<li class=\"sitemap-item page_item page-item-1098\"><a href=\"https:\/\/elevationtrampoline.com\/laval\/en\/frequently-asked-questions\/\">Frequently Asked Questions<\/a><\/li>\n<li class=\"sitemap-item page_item page-item-1101\"><a href=\"https:\/\/elevationtrampoline.com\/laval\/en\/health-safety\/\">Health &amp; Safety<\/a><\/li>\n<li class=\"sitemap-item page_item page-item-1079\"><a href=\"https:\/\/elevationtrampoline.com\/laval\/en\/\">Home<\/a><\/li>\n<li class=\"sitemap-item page_item page-item-417\"><a href=\"https:\/\/elevationtrampoline.com\/laval\/menu-bistro\/\">Menu Bistro<\/a><\/li>\n<li class=\"sitemap-item page_item page-item-23 page_item_has_children\"><a href=\"https:\/\/elevationtrampoline.com\/laval\/nous-joindre\/\">Nous joindre<\/a>\n<ul class='children'>\n\t<li class=\"sitemap-item page_item page-item-3511\"><a href=\"https:\/\/elevationtrampoline.com\/laval\/nous-joindre\/demande-demploi\/\">Demande d'emploi<\/a><\/li>\n<\/ul>\n<\/li>\n<li class=\"sitemap-item page_item page-item-1092 page_item_has_children\"><a href=\"https:\/\/elevationtrampoline.com\/laval\/en\/parties\/\">Parties<\/a>\n<ul class='children'>\n\t<li class=\"sitemap-item page_item page-item-1097\"><a href=\"https:\/\/elevationtrampoline.com\/laval\/en\/parties\/party-table\/\">Party Table<\/a><\/li>\n\t<li class=\"sitemap-item page_item page-item-1094\"><a href=\"https:\/\/elevationtrampoline.com\/laval\/en\/parties\/prestige-room\/\">Prestige Room<\/a><\/li>\n\t<li class=\"sitemap-item page_item page-item-1093\"><a href=\"https:\/\/elevationtrampoline.com\/laval\/en\/parties\/room-in-the-dark\/\">Room In The Dark<\/a><\/li>\n\t<li class=\"sitemap-item page_item page-item-1096\"><a href=\"https:\/\/elevationtrampoline.com\/laval\/en\/parties\/table-in-the-dark\/\">Table In The Dark<\/a><\/li>\n<\/ul>\n<\/li>\n<li class=\"sitemap-item page_item page-item-2503\"><a href=\"https:\/\/elevationtrampoline.com\/laval\/plan-du-site\/\">Plan du site<\/a><\/li>\n<li class=\"sitemap-item page_item page-item-1102\"><a href=\"https:\/\/elevationtrampoline.com\/laval\/en\/privacy-policy\/\">Privacy Policy<\/a><\/li>\n<li class=\"sitemap-item page_item page-item-28\"><a href=\"https:\/\/elevationtrampoline.com\/laval\/sante-et-securite\/\">Sant\u00e9 et s\u00e9curit\u00e9<\/a><\/li>\n<li class=\"sitemap-item page_item page-item-2505\"><a href=\"https:\/\/elevationtrampoline.com\/laval\/en\/sitemap\/\">Sitemap<\/a><\/li>\n<li class=\"sitemap-item page_item page-item-1090\"><a href=\"https:\/\/elevationtrampoline.com\/laval\/en\/tickets\/\">Tickets<\/a><\/li>\n<li class=\"sitemap-item page_item page-item-21\"><a href=\"https:\/\/elevationtrampoline.com\/laval\/vie-privee\/\">Vie priv\u00e9e<\/a><\/li>\n<\/ul><\/div><\/div><br style=\"clear: both;\"><\/div>\n\t\t\t\t\t\t<\/div>\n\t\t\t\t<\/div>\n\t\t\t\t\t<\/div>\n\t\t<\/div>\n\t\t\t\t\t<\/div>\n\t\t<\/section>\n\t\t\t\t<\/div>\n\t\t","protected":false},"excerpt":{"rendered":"","protected":false},"author":1,"featured_media":0,"parent":0,"menu_order":0,"comment_status":"closed","ping_status":"closed","template":"","meta":{"footnotes":""},"class_list":["post-2505","page","type-page","status-publish","hentry"],"lang":"en","translations":{"en":2505,"fr":2503},"pll_sync_post":[],"_links":{"self":[{"href":"https:\/\/elevationtrampoline.com\/laval\/wp-json\/wp\/v2\/pages\/2505","targetHints":{"allow":["GET"]}}],"collection":[{"href":"https:\/\/elevationtrampoline.com\/laval\/wp-json\/wp\/v2\/pages"}],"about":[{"href":"https:\/\/elevationtrampoline.com\/laval\/wp-json\/wp\/v2\/types\/page"}],"author":[{"embeddable":true,"href":"https:\/\/elevationtrampoline.com\/laval\/wp-json\/wp\/v2\/users\/1"}],"replies":[{"embeddable":true,"href":"https:\/\/elevationtrampoline.com\/laval\/wp-json\/wp\/v2\/comments?post=2505"}],"version-history":[{"count":0,"href":"https:\/\/elevationtrampoline.com\/laval\/wp-json\/wp\/v2\/pages\/2505\/revisions"}],"wp:attachment":[{"href":"https:\/\/elevationtrampoline.com\/laval\/wp-json\/wp\/v2\/media?parent=2505"}],"curies":[{"name":"wp","href":"https:\/\/api.w.org\/{rel}","templated":true}]}}